{"id":146936,"date":"2025-05-18T23:38:50","date_gmt":"2025-05-18T23:38:50","guid":{"rendered":"https:\/\/staging2.stylingagenten.com\/fi\/produkt\/wet-n-wild-color-icon-10-pan-eyeshadow-palette-stop-playing-safe\/"},"modified":"2026-04-11T17:58:56","modified_gmt":"2026-04-11T17:58:56","slug":"wet-n-wild-color-icon-10-pan-eyeshadow-palette-stop-playing-safe","status":"publish","type":"product","link":"https:\/\/stylingagenten.com\/fi\/tuote\/wet-n-wild-color-icon-10-pan-eyeshadow-palette-stop-playing-safe\/","title":{"rendered":"Wet n Wild Color Icon 10-Pan Eyeshadow Palette &#8211; Stop Playing Safe"},"content":{"rendered":"<p>Wet n Wildin klassikko on saanut uuden ilmeen ja uuden koostumuksen!<br \/>Korkeapigmenttinen Color Icon Eyeshadow levitet\u00e4\u00e4n; Kansi on sile\u00e4 ja pehme\u00e4, ja jokainen paletti sis\u00e4lt\u00e4\u00e4 sekoituksen mattaisia \u200b\u200bja kimaltelevia varjoja.<\/p>\n","protected":false},"excerpt":{"rendered":"<p>Wet n Wildin klassikko on saanut uuden ilmeen ja uuden koostumuksen!Korkeapigmenttinen Color Icon Eyeshadow levitet\u00e4\u00e4n; Kansi on sile\u00e4 ja pehme\u00e4, ja jokainen paletti sis\u00e4lt\u00e4\u00e4 sekoituksen mattaisia \u200b\u200bja kimaltelevia varjoja.<\/p>\n","protected":false},"featured_media":146932,"comment_status":"open","ping_status":"closed","template":"","meta":{"_trash_the_other_posts":false},"product_brand":[],"product_cat":[581,1005],"product_tag":[4084],"berocket_brand":[1035],"class_list":{"0":"post-146936","1":"product","2":"type-product","3":"status-publish","4":"has-post-thumbnail","6":"product_cat-luomivari","7":"product_cat-outlet","8":"product_tag-wet-n-wild-color-icon-10-pan-eyeshadow-palette","9":"pa_brand-wet-n-wild","10":"pa_variantti-stop-playing-safe","11":"berocket_brand-wet-n-wild","13":"first","14":"outofstock","15":"sale","16":"taxable","17":"shipping-taxable","18":"purchasable","19":"product-type-simple"},"_links":{"self":[{"href":"https:\/\/stylingagenten.com\/fi\/wp-json\/wp\/v2\/product\/146936","targetHints":{"allow":["GET"]}}],"collection":[{"href":"https:\/\/stylingagenten.com\/fi\/wp-json\/wp\/v2\/product"}],"about":[{"href":"https:\/\/stylingagenten.com\/fi\/wp-json\/wp\/v2\/types\/product"}],"replies":[{"embeddable":true,"href":"https:\/\/stylingagenten.com\/fi\/wp-json\/wp\/v2\/comments?post=146936"}],"version-history":[{"count":0,"href":"https:\/\/stylingagenten.com\/fi\/wp-json\/wp\/v2\/product\/146936\/revisions"}],"wp:featuredmedia":[{"embeddable":true,"href":"https:\/\/stylingagenten.com\/fi\/wp-json\/wp\/v2\/media\/146932"}],"wp:attachment":[{"href":"https:\/\/stylingagenten.com\/fi\/wp-json\/wp\/v2\/media?parent=146936"}],"wp:term":[{"taxonomy":"product_brand","embeddable":true,"href":"https:\/\/stylingagenten.com\/fi\/wp-json\/wp\/v2\/product_brand?post=146936"},{"taxonomy":"product_cat","embeddable":true,"href":"https:\/\/stylingagenten.com\/fi\/wp-json\/wp\/v2\/product_cat?post=146936"},{"taxonomy":"product_tag","embeddable":true,"href":"https:\/\/stylingagenten.com\/fi\/wp-json\/wp\/v2\/product_tag?post=146936"},{"taxonomy":"berocket_brand","embeddable":true,"href":"https:\/\/stylingagenten.com\/fi\/wp-json\/wp\/v2\/berocket_brand?post=146936"}],"curies":[{"name":"wp","href":"https:\/\/api.w.org\/{rel}","templated":true}]}}