{"id":146935,"date":"2025-05-18T23:38:50","date_gmt":"2025-05-18T23:38:50","guid":{"rendered":"https:\/\/staging2.stylingagenten.com\/fi\/produkt\/maybelline-color-tattoo-24h-cream-eyeshadow-pink-gold\/"},"modified":"2026-04-13T08:29:24","modified_gmt":"2026-04-13T08:29:24","slug":"maybelline-color-tattoo-24h-cream-eyeshadow-pink-gold","status":"publish","type":"product","link":"https:\/\/stylingagenten.com\/fi\/tuote\/maybelline-color-tattoo-24h-cream-eyeshadow-pink-gold\/","title":{"rendered":"Maybelline Color Tattoo 24H Cream Eyeshadow &#8211; Pink Gold"},"content":{"rendered":"<p>Maybelline Color Tattoo 24H Cream Eyeshadow on kermainen, vedenpit\u00e4v\u00e4 ja pigmentoitu luomiv\u00e4ri, joka kest\u00e4\u00e4 koko p\u00e4iv\u00e4n haalistumatta tai laskeutumatta ryppyihin ja ryppyihin. Pyyhk\u00e4ise vain p\u00e4\u00e4lle V\u00e4ritatuointi sormella tai siveltimell\u00e4 saadaksesi makean ja kauniin ilmeen.<\/p>\n","protected":false},"excerpt":{"rendered":"<p>Maybelline Color Tattoo 24H Cream Eyeshadow on kermainen, vedenpit\u00e4v\u00e4 ja pigmentoitu luomiv\u00e4ri, joka kest\u00e4\u00e4 koko p\u00e4iv\u00e4n haalistumatta tai laskeutumatta ryppyihin ja ryppyihin. Pyyhk\u00e4ise vain p\u00e4\u00e4lle V\u00e4ritatuointi sormella tai siveltimell\u00e4 saadaksesi makean ja kauniin ilmeen.<\/p>\n","protected":false},"featured_media":146933,"comment_status":"open","ping_status":"closed","template":"","meta":{"_trash_the_other_posts":false},"product_brand":[],"product_cat":[581],"product_tag":[3498],"berocket_brand":[1016],"class_list":{"0":"post-146935","1":"product","2":"type-product","3":"status-publish","4":"has-post-thumbnail","6":"product_cat-luomivari","7":"product_tag-maybelline-color-tattoo-24h-cream-eyeshadow","8":"pa_brand-maybelline","9":"pa_variantti-pink-gold","10":"berocket_brand-maybelline","12":"first","13":"outofstock","14":"sale","15":"taxable","16":"shipping-taxable","17":"purchasable","18":"product-type-simple"},"_links":{"self":[{"href":"https:\/\/stylingagenten.com\/fi\/wp-json\/wp\/v2\/product\/146935","targetHints":{"allow":["GET"]}}],"collection":[{"href":"https:\/\/stylingagenten.com\/fi\/wp-json\/wp\/v2\/product"}],"about":[{"href":"https:\/\/stylingagenten.com\/fi\/wp-json\/wp\/v2\/types\/product"}],"replies":[{"embeddable":true,"href":"https:\/\/stylingagenten.com\/fi\/wp-json\/wp\/v2\/comments?post=146935"}],"version-history":[{"count":0,"href":"https:\/\/stylingagenten.com\/fi\/wp-json\/wp\/v2\/product\/146935\/revisions"}],"wp:featuredmedia":[{"embeddable":true,"href":"https:\/\/stylingagenten.com\/fi\/wp-json\/wp\/v2\/media\/146933"}],"wp:attachment":[{"href":"https:\/\/stylingagenten.com\/fi\/wp-json\/wp\/v2\/media?parent=146935"}],"wp:term":[{"taxonomy":"product_brand","embeddable":true,"href":"https:\/\/stylingagenten.com\/fi\/wp-json\/wp\/v2\/product_brand?post=146935"},{"taxonomy":"product_cat","embeddable":true,"href":"https:\/\/stylingagenten.com\/fi\/wp-json\/wp\/v2\/product_cat?post=146935"},{"taxonomy":"product_tag","embeddable":true,"href":"https:\/\/stylingagenten.com\/fi\/wp-json\/wp\/v2\/product_tag?post=146935"},{"taxonomy":"berocket_brand","embeddable":true,"href":"https:\/\/stylingagenten.com\/fi\/wp-json\/wp\/v2\/berocket_brand?post=146935"}],"curies":[{"name":"wp","href":"https:\/\/api.w.org\/{rel}","templated":true}]}}