{"id":146918,"date":"2025-05-18T23:38:44","date_gmt":"2025-05-18T23:38:44","guid":{"rendered":"https:\/\/staging2.stylingagenten.com\/fi\/produkt\/kokie-artist-eyeshadow-palette-goddess\/"},"modified":"2026-02-21T23:16:59","modified_gmt":"2026-02-21T23:16:59","slug":"kokie-artist-eyeshadow-palette-goddess","status":"publish","type":"product","link":"https:\/\/stylingagenten.com\/fi\/tuote\/kokie-artist-eyeshadow-palette-goddess\/","title":{"rendered":"Kokie Artist Eyeshadow Palette &#8211; Goddess"},"content":{"rendered":"<p>Kokie Cosmetics esittelee Artistry Eye Palette -paletin, joka on huolellisesti muotoiltu tarjoamaan parasta laatua, korkeaa pigmentti\u00e4 ja \u00e4\u00e4rimm\u00e4ist\u00e4 sekoittuvuutta. Jokaisessa paletissa 12 kermanv\u00e4rist\u00e4 kaunista s\u00e4vy\u00e4, mukana peilikotelossa. &nbsp;<\/p>\n<p>Goddess-paletti sis\u00e4lt\u00e4\u00e4 l\u00e4mpimi\u00e4 ja neutraaleja mattas\u00e4vyj\u00e4 sek\u00e4 pehmeit\u00e4 ja syvi\u00e4 hohteita, jotka luovat t\u00e4ydellisen luonnollisen tai glam-ilmeen.<\/p>\n","protected":false},"excerpt":{"rendered":"<p>Kokie Cosmetics esittelee Artistry Eye Palette -paletin, joka on huolellisesti muotoiltu tarjoamaan parasta laatua, korkeaa pigmentti\u00e4 ja \u00e4\u00e4rimm\u00e4ist\u00e4 sekoittuvuutta. Jokaisessa paletissa 12 kermanv\u00e4rist\u00e4 kaunista s\u00e4vy\u00e4, mukana peilikotelossa. &nbsp; Goddess-paletti sis\u00e4lt\u00e4\u00e4 l\u00e4mpimi\u00e4 ja neutraaleja mattas\u00e4vyj\u00e4 sek\u00e4 pehmeit\u00e4 ja syvi\u00e4 hohteita, jotka luovat t\u00e4ydellisen luonnollisen tai glam-ilmeen.<\/p>\n","protected":false},"featured_media":146916,"comment_status":"open","ping_status":"closed","template":"","meta":{"_trash_the_other_posts":false},"product_brand":[],"product_cat":[581],"product_tag":[3131],"berocket_brand":[1198],"class_list":{"0":"post-146918","1":"product","2":"type-product","3":"status-publish","4":"has-post-thumbnail","6":"product_cat-luomivari","7":"product_tag-kokie-artist-eyeshadow-palette","8":"pa_brand-kokie-cosmetics","9":"pa_variantti-goddess","10":"berocket_brand-kokie-cosmetics","12":"first","13":"instock","14":"sale","15":"taxable","16":"shipping-taxable","17":"purchasable","18":"product-type-simple"},"_links":{"self":[{"href":"https:\/\/stylingagenten.com\/fi\/wp-json\/wp\/v2\/product\/146918","targetHints":{"allow":["GET"]}}],"collection":[{"href":"https:\/\/stylingagenten.com\/fi\/wp-json\/wp\/v2\/product"}],"about":[{"href":"https:\/\/stylingagenten.com\/fi\/wp-json\/wp\/v2\/types\/product"}],"replies":[{"embeddable":true,"href":"https:\/\/stylingagenten.com\/fi\/wp-json\/wp\/v2\/comments?post=146918"}],"version-history":[{"count":0,"href":"https:\/\/stylingagenten.com\/fi\/wp-json\/wp\/v2\/product\/146918\/revisions"}],"wp:featuredmedia":[{"embeddable":true,"href":"https:\/\/stylingagenten.com\/fi\/wp-json\/wp\/v2\/media\/146916"}],"wp:attachment":[{"href":"https:\/\/stylingagenten.com\/fi\/wp-json\/wp\/v2\/media?parent=146918"}],"wp:term":[{"taxonomy":"product_brand","embeddable":true,"href":"https:\/\/stylingagenten.com\/fi\/wp-json\/wp\/v2\/product_brand?post=146918"},{"taxonomy":"product_cat","embeddable":true,"href":"https:\/\/stylingagenten.com\/fi\/wp-json\/wp\/v2\/product_cat?post=146918"},{"taxonomy":"product_tag","embeddable":true,"href":"https:\/\/stylingagenten.com\/fi\/wp-json\/wp\/v2\/product_tag?post=146918"},{"taxonomy":"berocket_brand","embeddable":true,"href":"https:\/\/stylingagenten.com\/fi\/wp-json\/wp\/v2\/berocket_brand?post=146918"}],"curies":[{"name":"wp","href":"https:\/\/api.w.org\/{rel}","templated":true}]}}