{"id":146913,"date":"2025-05-18T23:38:42","date_gmt":"2025-05-18T23:38:42","guid":{"rendered":"https:\/\/staging2.stylingagenten.com\/fi\/produkt\/makeup-revolution-i-heart-revolution-palette-cherry-mini\/"},"modified":"2026-01-09T21:26:28","modified_gmt":"2026-01-09T21:26:28","slug":"makeup-revolution-i-heart-revolution-palette-cherry-mini","status":"publish","type":"product","link":"https:\/\/stylingagenten.com\/fi\/tuote\/makeup-revolution-i-heart-revolution-palette-cherry-mini\/","title":{"rendered":"Makeup Revolution I Heart Revolution Palette &#8211; Cherry Mini"},"content":{"rendered":"<p>Cherry valittu juuri sinua varten! Mini Cherry Chocolate Palette on t\u00e4ydellinen paletti ottaa mukaasi liikkeelle. matkaa makean tai savuisen ilmeen saamiseksi. T\u00e4m\u00e4 makean kirsikan tuoksuinen hoito on t\u00e4ytetty toisiaan t\u00e4ydent\u00e4vill\u00e4 mattapintaisilla ja kimaltelevilla varjoilla. T\u00e4m\u00e4 kompakti paletti on t\u00e4ydellinen liikkeell\u00e4 ollessasi, sill\u00e4 se sis\u00e4lt\u00e4\u00e4 erilaisia \u200b\u200bkirsikkas\u00e4vyj\u00e4 oranssipohjaisesta Rainierista syv\u00e4n violettiin Morelloon. hyp\u00e4t\u00e4.<\/p>\n","protected":false},"excerpt":{"rendered":"<p>Cherry valittu juuri sinua varten! Mini Cherry Chocolate Palette on t\u00e4ydellinen paletti ottaa mukaasi liikkeelle. matkaa makean tai savuisen ilmeen saamiseksi. T\u00e4m\u00e4 makean kirsikan tuoksuinen hoito on t\u00e4ytetty toisiaan t\u00e4ydent\u00e4vill\u00e4 mattapintaisilla ja kimaltelevilla varjoilla. T\u00e4m\u00e4 kompakti paletti on t\u00e4ydellinen liikkeell\u00e4 ollessasi, sill\u00e4 se sis\u00e4lt\u00e4\u00e4 erilaisia \u200b\u200bkirsikkas\u00e4vyj\u00e4 oranssipohjaisesta Rainierista syv\u00e4n violettiin Morelloon. hyp\u00e4t\u00e4.<\/p>\n","protected":false},"featured_media":146906,"comment_status":"open","ping_status":"closed","template":"","meta":{"_trash_the_other_posts":false},"product_brand":[],"product_cat":[581],"product_tag":[3327],"berocket_brand":[1050],"class_list":{"0":"post-146913","1":"product","2":"type-product","3":"status-publish","4":"has-post-thumbnail","6":"product_cat-luomivari","7":"product_tag-makeup-revolution-i-heart-revolution-palette","8":"pa_brand-makeup-revolution","9":"pa_variantti-cherry-mini","10":"berocket_brand-makeup-revolution","12":"first","13":"instock","14":"sale","15":"taxable","16":"shipping-taxable","17":"purchasable","18":"product-type-simple"},"_links":{"self":[{"href":"https:\/\/stylingagenten.com\/fi\/wp-json\/wp\/v2\/product\/146913","targetHints":{"allow":["GET"]}}],"collection":[{"href":"https:\/\/stylingagenten.com\/fi\/wp-json\/wp\/v2\/product"}],"about":[{"href":"https:\/\/stylingagenten.com\/fi\/wp-json\/wp\/v2\/types\/product"}],"replies":[{"embeddable":true,"href":"https:\/\/stylingagenten.com\/fi\/wp-json\/wp\/v2\/comments?post=146913"}],"version-history":[{"count":0,"href":"https:\/\/stylingagenten.com\/fi\/wp-json\/wp\/v2\/product\/146913\/revisions"}],"wp:featuredmedia":[{"embeddable":true,"href":"https:\/\/stylingagenten.com\/fi\/wp-json\/wp\/v2\/media\/146906"}],"wp:attachment":[{"href":"https:\/\/stylingagenten.com\/fi\/wp-json\/wp\/v2\/media?parent=146913"}],"wp:term":[{"taxonomy":"product_brand","embeddable":true,"href":"https:\/\/stylingagenten.com\/fi\/wp-json\/wp\/v2\/product_brand?post=146913"},{"taxonomy":"product_cat","embeddable":true,"href":"https:\/\/stylingagenten.com\/fi\/wp-json\/wp\/v2\/product_cat?post=146913"},{"taxonomy":"product_tag","embeddable":true,"href":"https:\/\/stylingagenten.com\/fi\/wp-json\/wp\/v2\/product_tag?post=146913"},{"taxonomy":"berocket_brand","embeddable":true,"href":"https:\/\/stylingagenten.com\/fi\/wp-json\/wp\/v2\/berocket_brand?post=146913"}],"curies":[{"name":"wp","href":"https:\/\/api.w.org\/{rel}","templated":true}]}}