{"id":146822,"date":"2025-05-18T23:38:08","date_gmt":"2025-05-18T23:38:08","guid":{"rendered":"https:\/\/staging2.stylingagenten.com\/fi\/produkt\/nyx-prof-makeup-ultimate-shadow-palette-petit-edition-utopia\/"},"modified":"2026-04-11T17:59:00","modified_gmt":"2026-04-11T17:59:00","slug":"nyx-prof-makeup-ultimate-shadow-palette-petit-edition-utopia","status":"publish","type":"product","link":"https:\/\/stylingagenten.com\/fi\/tuote\/nyx-prof-makeup-ultimate-shadow-palette-petit-edition-utopia\/","title":{"rendered":"NYX PROF. MAKEUP Ultimate Shadow Palette Petit Edition &#8211; Utopia"},"content":{"rendered":"<p>NYX Professional on antanut t\u00e4lle kokoelmalle nimen Ultimate shadow Palette, koska se on juuri sit\u00e4 mit\u00e4 se on \u2013 ammattimainen paletti, jossa on eritt\u00e4in intensiivisi\u00e4 varjoja sateenkaaren inspiroimissa v\u00e4reiss\u00e4. Jokainen paletti sis\u00e4lt\u00e4\u00e4 sekoituksen kauniita matta-, satiin-, hohtavan ja metallisen s\u00e4vyj\u00e4.<br \/>Ultimate Petite Edition &#8211; Utopia on pieni versio siveltimest\u00e4, jossa on 6 inspiroivaa v\u00e4ri\u00e4. <\/p>\n","protected":false},"excerpt":{"rendered":"<p>NYX Professional on antanut t\u00e4lle kokoelmalle nimen Ultimate shadow Palette, koska se on juuri sit\u00e4 mit\u00e4 se on \u2013 ammattimainen paletti, jossa on eritt\u00e4in intensiivisi\u00e4 varjoja sateenkaaren inspiroimissa v\u00e4reiss\u00e4. Jokainen paletti sis\u00e4lt\u00e4\u00e4 sekoituksen kauniita matta-, satiin-, hohtavan ja metallisen s\u00e4vyj\u00e4.Ultimate Petite Edition &#8211; Utopia on pieni versio siveltimest\u00e4, jossa on 6 inspiroivaa v\u00e4ri\u00e4.<\/p>\n","protected":false},"featured_media":146818,"comment_status":"open","ping_status":"closed","template":"","meta":{"_trash_the_other_posts":false},"product_brand":[],"product_cat":[581,1005],"product_tag":[3713],"berocket_brand":[1025],"class_list":{"0":"post-146822","1":"product","2":"type-product","3":"status-publish","4":"has-post-thumbnail","6":"product_cat-luomivari","7":"product_cat-outlet","8":"product_tag-nyx-prof-makeup-ultimate-shadow-palette-petit-edition","9":"pa_brand-nyx","10":"pa_variantti-utopia","11":"berocket_brand-nyx","13":"first","14":"outofstock","15":"sale","16":"taxable","17":"shipping-taxable","18":"purchasable","19":"product-type-simple"},"_links":{"self":[{"href":"https:\/\/stylingagenten.com\/fi\/wp-json\/wp\/v2\/product\/146822","targetHints":{"allow":["GET"]}}],"collection":[{"href":"https:\/\/stylingagenten.com\/fi\/wp-json\/wp\/v2\/product"}],"about":[{"href":"https:\/\/stylingagenten.com\/fi\/wp-json\/wp\/v2\/types\/product"}],"replies":[{"embeddable":true,"href":"https:\/\/stylingagenten.com\/fi\/wp-json\/wp\/v2\/comments?post=146822"}],"version-history":[{"count":0,"href":"https:\/\/stylingagenten.com\/fi\/wp-json\/wp\/v2\/product\/146822\/revisions"}],"wp:featuredmedia":[{"embeddable":true,"href":"https:\/\/stylingagenten.com\/fi\/wp-json\/wp\/v2\/media\/146818"}],"wp:attachment":[{"href":"https:\/\/stylingagenten.com\/fi\/wp-json\/wp\/v2\/media?parent=146822"}],"wp:term":[{"taxonomy":"product_brand","embeddable":true,"href":"https:\/\/stylingagenten.com\/fi\/wp-json\/wp\/v2\/product_brand?post=146822"},{"taxonomy":"product_cat","embeddable":true,"href":"https:\/\/stylingagenten.com\/fi\/wp-json\/wp\/v2\/product_cat?post=146822"},{"taxonomy":"product_tag","embeddable":true,"href":"https:\/\/stylingagenten.com\/fi\/wp-json\/wp\/v2\/product_tag?post=146822"},{"taxonomy":"berocket_brand","embeddable":true,"href":"https:\/\/stylingagenten.com\/fi\/wp-json\/wp\/v2\/berocket_brand?post=146822"}],"curies":[{"name":"wp","href":"https:\/\/api.w.org\/{rel}","templated":true}]}}