{"id":146805,"date":"2025-05-18T23:37:59","date_gmt":"2025-05-18T23:37:59","guid":{"rendered":"https:\/\/staging2.stylingagenten.com\/fi\/produkt\/milani-gilded-noir-palette\/"},"modified":"2026-04-04T23:28:36","modified_gmt":"2026-04-04T23:28:36","slug":"milani-gilded-noir-palette","status":"publish","type":"product","link":"https:\/\/stylingagenten.com\/fi\/tuote\/milani-gilded-noir-palette\/","title":{"rendered":"Milani Gilded Noir Palette"},"content":{"rendered":"<p><strong>Milani Gilded Noir Palette<\/strong><\/p>\n<p>Valosta pimeytt\u00e4 Milani Gilded Noir -luomiv\u00e4ripaletilla. T\u00e4m\u00e4 noir-vaikutteisten s\u00e4vyjen kokoelma lis\u00e4\u00e4 taatusti draamaa. T\u00e4ss\u00e4 hyperpigmentoidussa paletissa on haastava sekoitus matta-, metalli-, satiini- ja helmes\u00e4vyj\u00e4, ja se tarjoaa vertaansa vailla olevia, eritt\u00e4in sekoittuvia tekstuureja. Tummat mittas\u00e4vyt, kauniit metalliset ja odottamattomat v\u00e4rit &#8211; Gilded Noir saa sinut uskomaan; musta magia!<\/p>\n","protected":false},"excerpt":{"rendered":"<p>Milani Gilded Noir Palette Valosta pimeytt\u00e4 Milani Gilded Noir -luomiv\u00e4ripaletilla. T\u00e4m\u00e4 noir-vaikutteisten s\u00e4vyjen kokoelma lis\u00e4\u00e4 taatusti draamaa. T\u00e4ss\u00e4 hyperpigmentoidussa paletissa on haastava sekoitus matta-, metalli-, satiini- ja helmes\u00e4vyj\u00e4, ja se tarjoaa vertaansa vailla olevia, eritt\u00e4in sekoittuvia tekstuureja. Tummat mittas\u00e4vyt, kauniit metalliset ja odottamattomat v\u00e4rit &#8211; Gilded Noir saa sinut uskomaan; musta magia!<\/p>\n","protected":false},"featured_media":146801,"comment_status":"open","ping_status":"closed","template":"","meta":{"_trash_the_other_posts":false},"product_brand":[],"product_cat":[581],"product_tag":[],"berocket_brand":[1027],"class_list":{"0":"post-146805","1":"product","2":"type-product","3":"status-publish","4":"has-post-thumbnail","6":"product_cat-luomivari","7":"pa_brand-milani","8":"berocket_brand-milani","10":"first","11":"outofstock","12":"sale","13":"taxable","14":"shipping-taxable","15":"purchasable","16":"product-type-simple"},"_links":{"self":[{"href":"https:\/\/stylingagenten.com\/fi\/wp-json\/wp\/v2\/product\/146805","targetHints":{"allow":["GET"]}}],"collection":[{"href":"https:\/\/stylingagenten.com\/fi\/wp-json\/wp\/v2\/product"}],"about":[{"href":"https:\/\/stylingagenten.com\/fi\/wp-json\/wp\/v2\/types\/product"}],"replies":[{"embeddable":true,"href":"https:\/\/stylingagenten.com\/fi\/wp-json\/wp\/v2\/comments?post=146805"}],"version-history":[{"count":0,"href":"https:\/\/stylingagenten.com\/fi\/wp-json\/wp\/v2\/product\/146805\/revisions"}],"wp:featuredmedia":[{"embeddable":true,"href":"https:\/\/stylingagenten.com\/fi\/wp-json\/wp\/v2\/media\/146801"}],"wp:attachment":[{"href":"https:\/\/stylingagenten.com\/fi\/wp-json\/wp\/v2\/media?parent=146805"}],"wp:term":[{"taxonomy":"product_brand","embeddable":true,"href":"https:\/\/stylingagenten.com\/fi\/wp-json\/wp\/v2\/product_brand?post=146805"},{"taxonomy":"product_cat","embeddable":true,"href":"https:\/\/stylingagenten.com\/fi\/wp-json\/wp\/v2\/product_cat?post=146805"},{"taxonomy":"product_tag","embeddable":true,"href":"https:\/\/stylingagenten.com\/fi\/wp-json\/wp\/v2\/product_tag?post=146805"},{"taxonomy":"berocket_brand","embeddable":true,"href":"https:\/\/stylingagenten.com\/fi\/wp-json\/wp\/v2\/berocket_brand?post=146805"}],"curies":[{"name":"wp","href":"https:\/\/api.w.org\/{rel}","templated":true}]}}