{"id":146792,"date":"2025-05-18T23:37:53","date_gmt":"2025-05-18T23:37:53","guid":{"rendered":"https:\/\/staging2.stylingagenten.com\/fi\/produkt\/wet-n-wild-5-pan-palette-walking-on-eggshells\/"},"modified":"2026-03-14T13:07:50","modified_gmt":"2026-03-14T13:07:50","slug":"wet-n-wild-5-pan-palette-walking-on-eggshells","status":"publish","type":"product","link":"https:\/\/stylingagenten.com\/fi\/tuote\/wet-n-wild-5-pan-palette-walking-on-eggshells\/","title":{"rendered":"Wet n Wild 5-Pan Palette Walking On Eggshells"},"content":{"rendered":"<p>T\u00e4ss\u00e4 Wet n Wildin Color Icon 5-pannuisessa paletissa on t\u00e4ysin vegaaninen, runsaasti pigmentti\u00e4 sis\u00e4lt\u00e4v\u00e4 ja pehme\u00e4 koostumus matta-, satiini-, hohtavan ja glitter-v\u00e4reiss\u00e4. N\u00e4iss\u00e4 paleteissa on kaikkea arkisesta juhlavaan viileiss\u00e4, l\u00e4mpimiss\u00e4 ja neutraaleissa s\u00e4vyiss\u00e4, ja ne tarjoavat monipuolista ilmett\u00e4 ly\u00f6m\u00e4tt\u00f6m\u00e4ll\u00e4 arvolla. Kaava tuottaa pitk\u00e4kestoisia tuloksia ja sekoittuu saumattomasti.<\/p>\n","protected":false},"excerpt":{"rendered":"<p>T\u00e4ss\u00e4 Wet n Wildin Color Icon 5-pannuisessa paletissa on t\u00e4ysin vegaaninen, runsaasti pigmentti\u00e4 sis\u00e4lt\u00e4v\u00e4 ja pehme\u00e4 koostumus matta-, satiini-, hohtavan ja glitter-v\u00e4reiss\u00e4. N\u00e4iss\u00e4 paleteissa on kaikkea arkisesta juhlavaan viileiss\u00e4, l\u00e4mpimiss\u00e4 ja neutraaleissa s\u00e4vyiss\u00e4, ja ne tarjoavat monipuolista ilmett\u00e4 ly\u00f6m\u00e4tt\u00f6m\u00e4ll\u00e4 arvolla. Kaava tuottaa pitk\u00e4kestoisia tuloksia ja sekoittuu saumattomasti.<\/p>\n","protected":false},"featured_media":146785,"comment_status":"open","ping_status":"closed","template":"","meta":{"_trash_the_other_posts":false},"product_brand":[],"product_cat":[581],"product_tag":[4076],"berocket_brand":[1035],"class_list":{"0":"post-146792","1":"product","2":"type-product","3":"status-publish","4":"has-post-thumbnail","6":"product_cat-luomivari","7":"product_tag-wet-n-wild-5-pan-palette","8":"pa_brand-wet-n-wild","9":"pa_variantti-walking-on-eggshells","10":"berocket_brand-wet-n-wild","12":"first","13":"instock","14":"sale","15":"taxable","16":"shipping-taxable","17":"purchasable","18":"product-type-simple"},"_links":{"self":[{"href":"https:\/\/stylingagenten.com\/fi\/wp-json\/wp\/v2\/product\/146792","targetHints":{"allow":["GET"]}}],"collection":[{"href":"https:\/\/stylingagenten.com\/fi\/wp-json\/wp\/v2\/product"}],"about":[{"href":"https:\/\/stylingagenten.com\/fi\/wp-json\/wp\/v2\/types\/product"}],"replies":[{"embeddable":true,"href":"https:\/\/stylingagenten.com\/fi\/wp-json\/wp\/v2\/comments?post=146792"}],"version-history":[{"count":0,"href":"https:\/\/stylingagenten.com\/fi\/wp-json\/wp\/v2\/product\/146792\/revisions"}],"wp:featuredmedia":[{"embeddable":true,"href":"https:\/\/stylingagenten.com\/fi\/wp-json\/wp\/v2\/media\/146785"}],"wp:attachment":[{"href":"https:\/\/stylingagenten.com\/fi\/wp-json\/wp\/v2\/media?parent=146792"}],"wp:term":[{"taxonomy":"product_brand","embeddable":true,"href":"https:\/\/stylingagenten.com\/fi\/wp-json\/wp\/v2\/product_brand?post=146792"},{"taxonomy":"product_cat","embeddable":true,"href":"https:\/\/stylingagenten.com\/fi\/wp-json\/wp\/v2\/product_cat?post=146792"},{"taxonomy":"product_tag","embeddable":true,"href":"https:\/\/stylingagenten.com\/fi\/wp-json\/wp\/v2\/product_tag?post=146792"},{"taxonomy":"berocket_brand","embeddable":true,"href":"https:\/\/stylingagenten.com\/fi\/wp-json\/wp\/v2\/berocket_brand?post=146792"}],"curies":[{"name":"wp","href":"https:\/\/api.w.org\/{rel}","templated":true}]}}