{"id":146737,"date":"2025-05-18T23:37:28","date_gmt":"2025-05-18T23:37:28","guid":{"rendered":"https:\/\/staging2.stylingagenten.com\/fi\/produkt\/makeup-revolution-eyeshadowpalette-forever-flawless-flamboyance\/"},"modified":"2025-11-19T12:00:47","modified_gmt":"2025-11-19T12:00:47","slug":"makeup-revolution-eyeshadowpalette-forever-flawless-flamboyance","status":"publish","type":"product","link":"https:\/\/stylingagenten.com\/fi\/tuote\/makeup-revolution-eyeshadowpalette-forever-flawless-flamboyance\/","title":{"rendered":"Makeup Revolution Eyeshadowpalette Forever Flawless &#8211; Flamboyance"},"content":{"rendered":"<p>Tunnen olosi LOISTAVAksi Makeup Revolution Forever Flawless Flamboyance Flamingo Paletilla. Kokoa 18 eritt\u00e4in pigmentoitua luomiv\u00e4ri\u00e4 luodaksesi kauneimman luomiv\u00e4risi t\u00e4h\u00e4n menness\u00e4. L\u00e4mpimist\u00e4 vaaleanpunaisista pehmeisiin vaaleanpunaisiin ja sinisen s\u00e4vyihin t\u00e4m\u00e4 paletti sopii t\u00e4ydellisesti ruusukultaisten savusilmien yst\u00e4ville loistokivulla. T\u00e4m\u00e4 paletti on todella j\u00e4rkev\u00e4 sanonta &#8221;miksi olla kyyhkynen, kun voit olla flamingo&#8221;<\/p>\n","protected":false},"excerpt":{"rendered":"<p>Tunnen olosi LOISTAVAksi Makeup Revolution Forever Flawless Flamboyance Flamingo Paletilla. Kokoa 18 eritt\u00e4in pigmentoitua luomiv\u00e4ri\u00e4 luodaksesi kauneimman luomiv\u00e4risi t\u00e4h\u00e4n menness\u00e4. L\u00e4mpimist\u00e4 vaaleanpunaisista pehmeisiin vaaleanpunaisiin ja sinisen s\u00e4vyihin t\u00e4m\u00e4 paletti sopii t\u00e4ydellisesti ruusukultaisten savusilmien yst\u00e4ville loistokivulla. T\u00e4m\u00e4 paletti on todella j\u00e4rkev\u00e4 sanonta &#8221;miksi olla kyyhkynen, kun voit olla flamingo&#8221;<\/p>\n","protected":false},"featured_media":146721,"comment_status":"open","ping_status":"closed","template":"","meta":{"_trash_the_other_posts":false},"product_brand":[],"product_cat":[581],"product_tag":[],"berocket_brand":[1050],"class_list":{"0":"post-146737","1":"product","2":"type-product","3":"status-publish","4":"has-post-thumbnail","6":"product_cat-luomivari","7":"pa_brand-makeup-revolution","8":"berocket_brand-makeup-revolution","10":"first","11":"instock","12":"sale","13":"taxable","14":"shipping-taxable","15":"purchasable","16":"product-type-simple"},"_links":{"self":[{"href":"https:\/\/stylingagenten.com\/fi\/wp-json\/wp\/v2\/product\/146737","targetHints":{"allow":["GET"]}}],"collection":[{"href":"https:\/\/stylingagenten.com\/fi\/wp-json\/wp\/v2\/product"}],"about":[{"href":"https:\/\/stylingagenten.com\/fi\/wp-json\/wp\/v2\/types\/product"}],"replies":[{"embeddable":true,"href":"https:\/\/stylingagenten.com\/fi\/wp-json\/wp\/v2\/comments?post=146737"}],"version-history":[{"count":0,"href":"https:\/\/stylingagenten.com\/fi\/wp-json\/wp\/v2\/product\/146737\/revisions"}],"wp:featuredmedia":[{"embeddable":true,"href":"https:\/\/stylingagenten.com\/fi\/wp-json\/wp\/v2\/media\/146721"}],"wp:attachment":[{"href":"https:\/\/stylingagenten.com\/fi\/wp-json\/wp\/v2\/media?parent=146737"}],"wp:term":[{"taxonomy":"product_brand","embeddable":true,"href":"https:\/\/stylingagenten.com\/fi\/wp-json\/wp\/v2\/product_brand?post=146737"},{"taxonomy":"product_cat","embeddable":true,"href":"https:\/\/stylingagenten.com\/fi\/wp-json\/wp\/v2\/product_cat?post=146737"},{"taxonomy":"product_tag","embeddable":true,"href":"https:\/\/stylingagenten.com\/fi\/wp-json\/wp\/v2\/product_tag?post=146737"},{"taxonomy":"berocket_brand","embeddable":true,"href":"https:\/\/stylingagenten.com\/fi\/wp-json\/wp\/v2\/berocket_brand?post=146737"}],"curies":[{"name":"wp","href":"https:\/\/api.w.org\/{rel}","templated":true}]}}