{"id":146661,"date":"2025-05-18T23:37:07","date_gmt":"2025-05-18T23:37:07","guid":{"rendered":"https:\/\/staging2.stylingagenten.com\/fi\/produkt\/makeup-revolution-palette-forever-flawless-spirituality\/"},"modified":"2026-03-16T12:07:31","modified_gmt":"2026-03-16T12:07:31","slug":"makeup-revolution-palette-forever-flawless-spirituality","status":"publish","type":"product","link":"https:\/\/stylingagenten.com\/fi\/tuote\/makeup-revolution-palette-forever-flawless-spirituality\/","title":{"rendered":"Makeup Revolution Palette Forever Flawless &#8211; Spirituality"},"content":{"rendered":"<p>Tapaa Makeup Revolutionin t\u00e4h\u00e4n menness\u00e4 jumalallisin paletti, Revolution Forever Flawless Spirituality Palette. T\u00e4ss\u00e4 mystisess\u00e4 paletissa on matta- ja satiinisia s\u00e4vyj\u00e4 tulisista appelsiineista unelmoiviin purppuraihin sek\u00e4 kullan, hopean ja vaaleanpunaisen puristetun glitterin maagisiin vaikutuksiin.<\/p>\n","protected":false},"excerpt":{"rendered":"<p>Tapaa Makeup Revolutionin t\u00e4h\u00e4n menness\u00e4 jumalallisin paletti, Revolution Forever Flawless Spirituality Palette. T\u00e4ss\u00e4 mystisess\u00e4 paletissa on matta- ja satiinisia s\u00e4vyj\u00e4 tulisista appelsiineista unelmoiviin purppuraihin sek\u00e4 kullan, hopean ja vaaleanpunaisen puristetun glitterin maagisiin vaikutuksiin.<\/p>\n","protected":false},"featured_media":146650,"comment_status":"open","ping_status":"closed","template":"","meta":{"_trash_the_other_posts":false},"product_brand":[],"product_cat":[581],"product_tag":[3338],"berocket_brand":[1050],"class_list":{"0":"post-146661","1":"product","2":"type-product","3":"status-publish","4":"has-post-thumbnail","6":"product_cat-luomivari","7":"product_tag-makeup-revolution-palette-forever-flawless","8":"pa_brand-makeup-revolution","9":"pa_variantti-spirituality","10":"berocket_brand-makeup-revolution","12":"first","13":"instock","14":"sale","15":"taxable","16":"shipping-taxable","17":"purchasable","18":"product-type-simple"},"_links":{"self":[{"href":"https:\/\/stylingagenten.com\/fi\/wp-json\/wp\/v2\/product\/146661","targetHints":{"allow":["GET"]}}],"collection":[{"href":"https:\/\/stylingagenten.com\/fi\/wp-json\/wp\/v2\/product"}],"about":[{"href":"https:\/\/stylingagenten.com\/fi\/wp-json\/wp\/v2\/types\/product"}],"replies":[{"embeddable":true,"href":"https:\/\/stylingagenten.com\/fi\/wp-json\/wp\/v2\/comments?post=146661"}],"version-history":[{"count":0,"href":"https:\/\/stylingagenten.com\/fi\/wp-json\/wp\/v2\/product\/146661\/revisions"}],"wp:featuredmedia":[{"embeddable":true,"href":"https:\/\/stylingagenten.com\/fi\/wp-json\/wp\/v2\/media\/146650"}],"wp:attachment":[{"href":"https:\/\/stylingagenten.com\/fi\/wp-json\/wp\/v2\/media?parent=146661"}],"wp:term":[{"taxonomy":"product_brand","embeddable":true,"href":"https:\/\/stylingagenten.com\/fi\/wp-json\/wp\/v2\/product_brand?post=146661"},{"taxonomy":"product_cat","embeddable":true,"href":"https:\/\/stylingagenten.com\/fi\/wp-json\/wp\/v2\/product_cat?post=146661"},{"taxonomy":"product_tag","embeddable":true,"href":"https:\/\/stylingagenten.com\/fi\/wp-json\/wp\/v2\/product_tag?post=146661"},{"taxonomy":"berocket_brand","embeddable":true,"href":"https:\/\/stylingagenten.com\/fi\/wp-json\/wp\/v2\/berocket_brand?post=146661"}],"curies":[{"name":"wp","href":"https:\/\/api.w.org\/{rel}","templated":true}]}}