{"id":146609,"date":"2025-05-18T23:36:56","date_gmt":"2025-05-18T23:36:56","guid":{"rendered":"https:\/\/staging2.stylingagenten.com\/fi\/produkt\/nyx-prof-makeup-rocker-chic-palette-tainted-love\/"},"modified":"2026-04-11T17:58:32","modified_gmt":"2026-04-11T17:58:32","slug":"nyx-prof-makeup-rocker-chic-palette-tainted-love","status":"publish","type":"product","link":"https:\/\/stylingagenten.com\/fi\/tuote\/nyx-prof-makeup-rocker-chic-palette-tainted-love\/","title":{"rendered":"NYX PROF. MAKEUP Rocker Chic Palette &#8211; Tainted Love"},"content":{"rendered":"<p>NYX PROFESSIONAL MAKEUP Rocker Chic &#8211; Tainted Love -paletin avulla voit astua mikrofonin \u00e4\u00e4reen ja ihastuttaa yleis\u00f6\u00e4 rohkeilla s\u00e4vyill\u00e4si. NYX PROFESSIONAL MAKEUP Rocker Chic Palette &#8211; Tainted Love sis\u00e4lt\u00e4\u00e4 viisi eloisaa luomiv\u00e4ri\u00e4, joiden avulla voit muuttaa mink\u00e4 tahansa pehme\u00e4n lookin dramaattiseksi. T\u00e4m\u00e4n paletin avulla olet valmis mihin tahansa keikkaan.<\/p>\n","protected":false},"excerpt":{"rendered":"<p>NYX PROFESSIONAL MAKEUP Rocker Chic &#8211; Tainted Love -paletin avulla voit astua mikrofonin \u00e4\u00e4reen ja ihastuttaa yleis\u00f6\u00e4 rohkeilla s\u00e4vyill\u00e4si. NYX PROFESSIONAL MAKEUP Rocker Chic Palette &#8211; Tainted Love sis\u00e4lt\u00e4\u00e4 viisi eloisaa luomiv\u00e4ri\u00e4, joiden avulla voit muuttaa mink\u00e4 tahansa pehme\u00e4n lookin dramaattiseksi. T\u00e4m\u00e4n paletin avulla olet valmis mihin tahansa keikkaan.<\/p>\n","protected":false},"featured_media":146608,"comment_status":"open","ping_status":"closed","template":"","meta":{"_trash_the_other_posts":false},"product_brand":[],"product_cat":[581],"product_tag":[3694],"berocket_brand":[1025],"class_list":{"0":"post-146609","1":"product","2":"type-product","3":"status-publish","4":"has-post-thumbnail","6":"product_cat-luomivari","7":"product_tag-nyx-prof-makeup-rocker-chic-palette","8":"pa_brand-nyx","9":"pa_variantti-tainted-love","10":"berocket_brand-nyx","12":"first","13":"instock","14":"sale","15":"taxable","16":"shipping-taxable","17":"purchasable","18":"product-type-simple"},"_links":{"self":[{"href":"https:\/\/stylingagenten.com\/fi\/wp-json\/wp\/v2\/product\/146609","targetHints":{"allow":["GET"]}}],"collection":[{"href":"https:\/\/stylingagenten.com\/fi\/wp-json\/wp\/v2\/product"}],"about":[{"href":"https:\/\/stylingagenten.com\/fi\/wp-json\/wp\/v2\/types\/product"}],"replies":[{"embeddable":true,"href":"https:\/\/stylingagenten.com\/fi\/wp-json\/wp\/v2\/comments?post=146609"}],"version-history":[{"count":0,"href":"https:\/\/stylingagenten.com\/fi\/wp-json\/wp\/v2\/product\/146609\/revisions"}],"wp:featuredmedia":[{"embeddable":true,"href":"https:\/\/stylingagenten.com\/fi\/wp-json\/wp\/v2\/media\/146608"}],"wp:attachment":[{"href":"https:\/\/stylingagenten.com\/fi\/wp-json\/wp\/v2\/media?parent=146609"}],"wp:term":[{"taxonomy":"product_brand","embeddable":true,"href":"https:\/\/stylingagenten.com\/fi\/wp-json\/wp\/v2\/product_brand?post=146609"},{"taxonomy":"product_cat","embeddable":true,"href":"https:\/\/stylingagenten.com\/fi\/wp-json\/wp\/v2\/product_cat?post=146609"},{"taxonomy":"product_tag","embeddable":true,"href":"https:\/\/stylingagenten.com\/fi\/wp-json\/wp\/v2\/product_tag?post=146609"},{"taxonomy":"berocket_brand","embeddable":true,"href":"https:\/\/stylingagenten.com\/fi\/wp-json\/wp\/v2\/berocket_brand?post=146609"}],"curies":[{"name":"wp","href":"https:\/\/api.w.org\/{rel}","templated":true}]}}