{"id":146599,"date":"2025-05-18T23:36:54","date_gmt":"2025-05-18T23:36:54","guid":{"rendered":"https:\/\/staging2.stylingagenten.com\/fi\/produkt\/nyx-prof-makeup-rocker-chic-palette-in-california-dreamin\/"},"modified":"2026-04-11T17:58:42","modified_gmt":"2026-04-11T17:58:42","slug":"nyx-prof-makeup-rocker-chic-palette-in-california-dreamin","status":"publish","type":"product","link":"https:\/\/stylingagenten.com\/fi\/tuote\/nyx-prof-makeup-rocker-chic-palette-in-california-dreamin\/","title":{"rendered":"NYX PROF. MAKEUP Rocker Chic Palette &#8211; In California Dreamin"},"content":{"rendered":"<p>NYX PROFESSIONAL MAKEUP Rocker Chic Palette \u2013 California Dreaminissa voit astua mikrofonin \u00e4\u00e4reen ja ihastuttaa yleis\u00f6\u00e4 rohkeilla s\u00e4vyill\u00e4si. NYX PROFESSIONAL MAKEUP Rocker Chic Palette &#8211; Kaliforniassa Dreamin sis\u00e4lt\u00e4\u00e4 viisi eloisaa luomiv\u00e4ri\u00e4, joiden avulla voit muuttaa mink\u00e4 tahansa pehme\u00e4n lookin dramaattiseksi. T\u00e4m\u00e4n paletin avulla olet valmis mihin tahansa keikkaan.<\/p>\n","protected":false},"excerpt":{"rendered":"<p>NYX PROFESSIONAL MAKEUP Rocker Chic Palette \u2013 California Dreaminissa voit astua mikrofonin \u00e4\u00e4reen ja ihastuttaa yleis\u00f6\u00e4 rohkeilla s\u00e4vyill\u00e4si. NYX PROFESSIONAL MAKEUP Rocker Chic Palette &#8211; Kaliforniassa Dreamin sis\u00e4lt\u00e4\u00e4 viisi eloisaa luomiv\u00e4ri\u00e4, joiden avulla voit muuttaa mink\u00e4 tahansa pehme\u00e4n lookin dramaattiseksi. T\u00e4m\u00e4n paletin avulla olet valmis mihin tahansa keikkaan.<\/p>\n","protected":false},"featured_media":146597,"comment_status":"open","ping_status":"closed","template":"","meta":{"_trash_the_other_posts":false},"product_brand":[],"product_cat":[581,1005],"product_tag":[3694],"berocket_brand":[1025],"class_list":{"0":"post-146599","1":"product","2":"type-product","3":"status-publish","4":"has-post-thumbnail","6":"product_cat-luomivari","7":"product_cat-outlet","8":"product_tag-nyx-prof-makeup-rocker-chic-palette","9":"pa_brand-nyx","10":"pa_variantti-in-california-dreamin","11":"berocket_brand-nyx","13":"first","14":"instock","15":"sale","16":"taxable","17":"shipping-taxable","18":"purchasable","19":"product-type-simple"},"_links":{"self":[{"href":"https:\/\/stylingagenten.com\/fi\/wp-json\/wp\/v2\/product\/146599","targetHints":{"allow":["GET"]}}],"collection":[{"href":"https:\/\/stylingagenten.com\/fi\/wp-json\/wp\/v2\/product"}],"about":[{"href":"https:\/\/stylingagenten.com\/fi\/wp-json\/wp\/v2\/types\/product"}],"replies":[{"embeddable":true,"href":"https:\/\/stylingagenten.com\/fi\/wp-json\/wp\/v2\/comments?post=146599"}],"version-history":[{"count":0,"href":"https:\/\/stylingagenten.com\/fi\/wp-json\/wp\/v2\/product\/146599\/revisions"}],"wp:featuredmedia":[{"embeddable":true,"href":"https:\/\/stylingagenten.com\/fi\/wp-json\/wp\/v2\/media\/146597"}],"wp:attachment":[{"href":"https:\/\/stylingagenten.com\/fi\/wp-json\/wp\/v2\/media?parent=146599"}],"wp:term":[{"taxonomy":"product_brand","embeddable":true,"href":"https:\/\/stylingagenten.com\/fi\/wp-json\/wp\/v2\/product_brand?post=146599"},{"taxonomy":"product_cat","embeddable":true,"href":"https:\/\/stylingagenten.com\/fi\/wp-json\/wp\/v2\/product_cat?post=146599"},{"taxonomy":"product_tag","embeddable":true,"href":"https:\/\/stylingagenten.com\/fi\/wp-json\/wp\/v2\/product_tag?post=146599"},{"taxonomy":"berocket_brand","embeddable":true,"href":"https:\/\/stylingagenten.com\/fi\/wp-json\/wp\/v2\/berocket_brand?post=146599"}],"curies":[{"name":"wp","href":"https:\/\/api.w.org\/{rel}","templated":true}]}}