{"id":146574,"date":"2025-05-18T23:36:48","date_gmt":"2025-05-18T23:36:48","guid":{"rendered":"https:\/\/staging2.stylingagenten.com\/fi\/produkt\/makeup-revolution-pro-new-neutral-blushed-shadow-palette\/"},"modified":"2026-03-16T12:07:46","modified_gmt":"2026-03-16T12:07:46","slug":"makeup-revolution-pro-new-neutral-blushed-shadow-palette","status":"publish","type":"product","link":"https:\/\/stylingagenten.com\/fi\/tuote\/makeup-revolution-pro-new-neutral-blushed-shadow-palette\/","title":{"rendered":"Makeup Revolution PRO New Neutral Blushed Shadow Palette"},"content":{"rendered":"<p>Revolution Pro New Neutrals Blushed Eyeshadow -luomiv\u00e4ripaletissa on runsas valikoima kimaltelevia, heijastavia, helmi\u00e4isi\u00e4 ja mattaisia \u200b\u200bkaavoja, jotka auttavat sinua luomaan silmiinpist\u00e4v\u00e4n meikin lookin, joka vie sinut aamusta iltaan. Paletissa on yhteens\u00e4 18 erilaista luomiv\u00e4ri\u00e4, joten voit sekoittaa ja yhdistell\u00e4 hienovaraisia \u200b\u200bja rohkeita neutraaleja luodaksesi t\u00e4ydellisen kokonaisen ilmeen.<br \/>Haluatpa sitten pehme\u00e4\u00e4 glam-estetiikkaa, klassista hienostuneisuutta tai jotain leikkis\u00e4\u00e4 ja hauskaa, luomiv\u00e4ripaletti sopii jokaiseen pyynt\u00f6\u00f6n. Valitse poskipunavaaleanpunaisista s\u00e4vyist\u00e4, maukkaista samppanjoista ja r\u00e4j\u00e4hdysm\u00e4isist\u00e4 hohdosta ja lis\u00e4\u00e4 t\u00e4ytel\u00e4isempi\u00e4 violetteja aksentteja. Jokainen s\u00e4vy tarjoaa vaikuttavia, sileit\u00e4 tuloksia, jotka antavat sinulle pysyv\u00e4n pigmenttisen ilmeen.<br \/>Paletti on ruusukullanv\u00e4risess\u00e4 leopardikuviokotelossa.<\/p>\n","protected":false},"excerpt":{"rendered":"<p>Revolution Pro New Neutrals Blushed Eyeshadow -luomiv\u00e4ripaletissa on runsas valikoima kimaltelevia, heijastavia, helmi\u00e4isi\u00e4 ja mattaisia \u200b\u200bkaavoja, jotka auttavat sinua luomaan silmiinpist\u00e4v\u00e4n meikin lookin, joka vie sinut aamusta iltaan. Paletissa on yhteens\u00e4 18 erilaista luomiv\u00e4ri\u00e4, joten voit sekoittaa ja yhdistell\u00e4 hienovaraisia \u200b\u200bja rohkeita neutraaleja luodaksesi t\u00e4ydellisen kokonaisen ilmeen.Haluatpa sitten pehme\u00e4\u00e4 glam-estetiikkaa, klassista hienostuneisuutta tai jotain leikkis\u00e4\u00e4 [&hellip;]<\/p>\n","protected":false},"featured_media":146561,"comment_status":"open","ping_status":"closed","template":"","meta":{"_trash_the_other_posts":false},"product_brand":[],"product_cat":[581],"product_tag":[],"berocket_brand":[1050],"class_list":{"0":"post-146574","1":"product","2":"type-product","3":"status-publish","4":"has-post-thumbnail","6":"product_cat-luomivari","7":"pa_brand-makeup-revolution","8":"berocket_brand-makeup-revolution","10":"first","11":"instock","12":"sale","13":"taxable","14":"shipping-taxable","15":"purchasable","16":"product-type-simple"},"_links":{"self":[{"href":"https:\/\/stylingagenten.com\/fi\/wp-json\/wp\/v2\/product\/146574","targetHints":{"allow":["GET"]}}],"collection":[{"href":"https:\/\/stylingagenten.com\/fi\/wp-json\/wp\/v2\/product"}],"about":[{"href":"https:\/\/stylingagenten.com\/fi\/wp-json\/wp\/v2\/types\/product"}],"replies":[{"embeddable":true,"href":"https:\/\/stylingagenten.com\/fi\/wp-json\/wp\/v2\/comments?post=146574"}],"version-history":[{"count":0,"href":"https:\/\/stylingagenten.com\/fi\/wp-json\/wp\/v2\/product\/146574\/revisions"}],"wp:featuredmedia":[{"embeddable":true,"href":"https:\/\/stylingagenten.com\/fi\/wp-json\/wp\/v2\/media\/146561"}],"wp:attachment":[{"href":"https:\/\/stylingagenten.com\/fi\/wp-json\/wp\/v2\/media?parent=146574"}],"wp:term":[{"taxonomy":"product_brand","embeddable":true,"href":"https:\/\/stylingagenten.com\/fi\/wp-json\/wp\/v2\/product_brand?post=146574"},{"taxonomy":"product_cat","embeddable":true,"href":"https:\/\/stylingagenten.com\/fi\/wp-json\/wp\/v2\/product_cat?post=146574"},{"taxonomy":"product_tag","embeddable":true,"href":"https:\/\/stylingagenten.com\/fi\/wp-json\/wp\/v2\/product_tag?post=146574"},{"taxonomy":"berocket_brand","embeddable":true,"href":"https:\/\/stylingagenten.com\/fi\/wp-json\/wp\/v2\/berocket_brand?post=146574"}],"curies":[{"name":"wp","href":"https:\/\/api.w.org\/{rel}","templated":true}]}}