{"id":146572,"date":"2025-05-18T23:36:48","date_gmt":"2025-05-18T23:36:48","guid":{"rendered":"https:\/\/staging2.stylingagenten.com\/fi\/produkt\/makeup-revolution-forever-flawless-palette-desert-desire\/"},"modified":"2025-11-19T12:36:17","modified_gmt":"2025-11-19T12:36:17","slug":"makeup-revolution-forever-flawless-palette-desert-desire","status":"publish","type":"product","link":"https:\/\/stylingagenten.com\/fi\/tuote\/makeup-revolution-forever-flawless-palette-desert-desire\/","title":{"rendered":"Makeup Revolution Forever Flawless Palette &#8211; Desert Desire"},"content":{"rendered":"<p>&nbsp;Forever Flawless -perheen uusin j\u00e4sen: Desert Desire. Paletissa on 18 aavikon ja Ibizan iltavalon inspiroimaa s\u00e4vy\u00e4, jotka vaihtelevat intensiivisesti pigmentoiduista jalokivis\u00e4vyist\u00e4 nude-s\u00e4vyihin hohtaviin pronssisiin s\u00e4vyihin.<\/p>\n","protected":false},"excerpt":{"rendered":"<p>&nbsp;Forever Flawless -perheen uusin j\u00e4sen: Desert Desire. Paletissa on 18 aavikon ja Ibizan iltavalon inspiroimaa s\u00e4vy\u00e4, jotka vaihtelevat intensiivisesti pigmentoiduista jalokivis\u00e4vyist\u00e4 nude-s\u00e4vyihin hohtaviin pronssisiin s\u00e4vyihin.<\/p>\n","protected":false},"featured_media":146558,"comment_status":"open","ping_status":"closed","template":"","meta":{"_trash_the_other_posts":false},"product_brand":[],"product_cat":[581],"product_tag":[3309],"berocket_brand":[1050],"class_list":{"0":"post-146572","1":"product","2":"type-product","3":"status-publish","4":"has-post-thumbnail","6":"product_cat-luomivari","7":"product_tag-makeup-revolution-forever-flawless-palette","8":"pa_brand-makeup-revolution","9":"pa_variantti-desert-desire","10":"berocket_brand-makeup-revolution","12":"first","13":"instock","14":"sale","15":"taxable","16":"shipping-taxable","17":"purchasable","18":"product-type-simple"},"_links":{"self":[{"href":"https:\/\/stylingagenten.com\/fi\/wp-json\/wp\/v2\/product\/146572","targetHints":{"allow":["GET"]}}],"collection":[{"href":"https:\/\/stylingagenten.com\/fi\/wp-json\/wp\/v2\/product"}],"about":[{"href":"https:\/\/stylingagenten.com\/fi\/wp-json\/wp\/v2\/types\/product"}],"replies":[{"embeddable":true,"href":"https:\/\/stylingagenten.com\/fi\/wp-json\/wp\/v2\/comments?post=146572"}],"version-history":[{"count":0,"href":"https:\/\/stylingagenten.com\/fi\/wp-json\/wp\/v2\/product\/146572\/revisions"}],"wp:featuredmedia":[{"embeddable":true,"href":"https:\/\/stylingagenten.com\/fi\/wp-json\/wp\/v2\/media\/146558"}],"wp:attachment":[{"href":"https:\/\/stylingagenten.com\/fi\/wp-json\/wp\/v2\/media?parent=146572"}],"wp:term":[{"taxonomy":"product_brand","embeddable":true,"href":"https:\/\/stylingagenten.com\/fi\/wp-json\/wp\/v2\/product_brand?post=146572"},{"taxonomy":"product_cat","embeddable":true,"href":"https:\/\/stylingagenten.com\/fi\/wp-json\/wp\/v2\/product_cat?post=146572"},{"taxonomy":"product_tag","embeddable":true,"href":"https:\/\/stylingagenten.com\/fi\/wp-json\/wp\/v2\/product_tag?post=146572"},{"taxonomy":"berocket_brand","embeddable":true,"href":"https:\/\/stylingagenten.com\/fi\/wp-json\/wp\/v2\/berocket_brand?post=146572"}],"curies":[{"name":"wp","href":"https:\/\/api.w.org\/{rel}","templated":true}]}}