{"id":146570,"date":"2025-05-18T23:36:47","date_gmt":"2025-05-18T23:36:47","guid":{"rendered":"https:\/\/staging2.stylingagenten.com\/fi\/produkt\/makeup-revolution-forever-flawless-eyeshadow-pallette-dynamic-allure\/"},"modified":"2026-01-25T13:46:31","modified_gmt":"2026-01-25T13:46:31","slug":"makeup-revolution-forever-flawless-eyeshadow-pallette-dynamic-allure","status":"publish","type":"product","link":"https:\/\/stylingagenten.com\/fi\/tuote\/makeup-revolution-forever-flawless-eyeshadow-pallette-dynamic-allure\/","title":{"rendered":"Makeup Revolution Forever Flawless Eyeshadow Pallette &#8211; Dynamic Allure"},"content":{"rendered":"<p>Makeup Revolution Forever Flawless -luomiv\u00e4ripaletti \u2013 Dynamic Allure<br \/>Luo kaikki suosikki Allure-lookeesi tien p\u00e4\u00e4ll\u00e4 Forever Flawless Mini Dynamic Allure -luomiv\u00e4ripaletilla &#8211; k\u00e4tev\u00e4ll\u00e4 minikokoisella versiolla myydyimm\u00e4st\u00e4 Makeup Revolution Forever Flawless Allure -luomiv\u00e4ripaletista. <\/p>\n<p>T\u00e4ss\u00e4 upeassa 8 s\u00e4vyn muokkauksessa on kaikki suosikki l\u00e4mpim\u00e4t rustiikki- ja marjas\u00e4vyt alkuper\u00e4isest\u00e4 Forever Flawless Allure -paletista. Pehme\u00e4t mattapintaiset, hohtavat ja puristetut kimaltelevat koostumukset yhdistyv\u00e4t t\u00e4ss\u00e4 matkayst\u00e4v\u00e4llisess\u00e4 paletissa, jossa on ylellinen, turvallinen metallikotelo, joka pysyy virheett\u00f6m\u00e4n\u00e4 ikuisesti. Se on pakollinen kaikille Allure-faneille!Cruelty Free&amp;Vegan<\/p>\n","protected":false},"excerpt":{"rendered":"<p>Makeup Revolution Forever Flawless -luomiv\u00e4ripaletti \u2013 Dynamic AllureLuo kaikki suosikki Allure-lookeesi tien p\u00e4\u00e4ll\u00e4 Forever Flawless Mini Dynamic Allure -luomiv\u00e4ripaletilla &#8211; k\u00e4tev\u00e4ll\u00e4 minikokoisella versiolla myydyimm\u00e4st\u00e4 Makeup Revolution Forever Flawless Allure -luomiv\u00e4ripaletista. T\u00e4ss\u00e4 upeassa 8 s\u00e4vyn muokkauksessa on kaikki suosikki l\u00e4mpim\u00e4t rustiikki- ja marjas\u00e4vyt alkuper\u00e4isest\u00e4 Forever Flawless Allure -paletista. Pehme\u00e4t mattapintaiset, hohtavat ja puristetut kimaltelevat koostumukset yhdistyv\u00e4t [&hellip;]<\/p>\n","protected":false},"featured_media":146554,"comment_status":"open","ping_status":"closed","template":"","meta":{"_trash_the_other_posts":false},"product_brand":[],"product_cat":[581,1005],"product_tag":[3308],"berocket_brand":[1050],"class_list":{"0":"post-146570","1":"product","2":"type-product","3":"status-publish","4":"has-post-thumbnail","6":"product_cat-luomivari","7":"product_cat-outlet","8":"product_tag-makeup-revolution-forever-flawless-eyeshadow-pallette","9":"pa_brand-makeup-revolution","10":"pa_variantti-dynamic-allure","11":"berocket_brand-makeup-revolution","13":"first","14":"instock","15":"sale","16":"taxable","17":"shipping-taxable","18":"purchasable","19":"product-type-simple"},"_links":{"self":[{"href":"https:\/\/stylingagenten.com\/fi\/wp-json\/wp\/v2\/product\/146570","targetHints":{"allow":["GET"]}}],"collection":[{"href":"https:\/\/stylingagenten.com\/fi\/wp-json\/wp\/v2\/product"}],"about":[{"href":"https:\/\/stylingagenten.com\/fi\/wp-json\/wp\/v2\/types\/product"}],"replies":[{"embeddable":true,"href":"https:\/\/stylingagenten.com\/fi\/wp-json\/wp\/v2\/comments?post=146570"}],"version-history":[{"count":0,"href":"https:\/\/stylingagenten.com\/fi\/wp-json\/wp\/v2\/product\/146570\/revisions"}],"wp:featuredmedia":[{"embeddable":true,"href":"https:\/\/stylingagenten.com\/fi\/wp-json\/wp\/v2\/media\/146554"}],"wp:attachment":[{"href":"https:\/\/stylingagenten.com\/fi\/wp-json\/wp\/v2\/media?parent=146570"}],"wp:term":[{"taxonomy":"product_brand","embeddable":true,"href":"https:\/\/stylingagenten.com\/fi\/wp-json\/wp\/v2\/product_brand?post=146570"},{"taxonomy":"product_cat","embeddable":true,"href":"https:\/\/stylingagenten.com\/fi\/wp-json\/wp\/v2\/product_cat?post=146570"},{"taxonomy":"product_tag","embeddable":true,"href":"https:\/\/stylingagenten.com\/fi\/wp-json\/wp\/v2\/product_tag?post=146570"},{"taxonomy":"berocket_brand","embeddable":true,"href":"https:\/\/stylingagenten.com\/fi\/wp-json\/wp\/v2\/berocket_brand?post=146570"}],"curies":[{"name":"wp","href":"https:\/\/api.w.org\/{rel}","templated":true}]}}