{"id":146528,"date":"2025-05-18T23:36:41","date_gmt":"2025-05-18T23:36:41","guid":{"rendered":"https:\/\/staging2.stylingagenten.com\/fi\/produkt\/makeup-revolution-pro-rockstar-shadow-palette-noir-edition\/"},"modified":"2025-12-07T03:11:30","modified_gmt":"2025-12-07T03:11:30","slug":"makeup-revolution-pro-rockstar-shadow-palette-noir-edition","status":"publish","type":"product","link":"https:\/\/stylingagenten.com\/fi\/tuote\/makeup-revolution-pro-rockstar-shadow-palette-noir-edition\/","title":{"rendered":"Makeup Revolution PRO Rockstar Shadow Palette Noir Edition"},"content":{"rendered":"<p>Tunne olosi todelliseksi rockt\u00e4hdeksi! Revolution PRO Rockstar -luomiv\u00e4ripaletin avulla voit luoda upean silm\u00e4meikin ja kokeilla hienostuneinta ja hienostuneinta hohdokkaampaa lookia! Paletissa on ainutlaatuisimmat s\u00e4vyt, mukaan lukien voinen vaaleanpunaiset ja nudet sek\u00e4 kimaltelevat kuparit ja ruskeat. T\u00e4m\u00e4n ylellisen paletin avulla voit vapaasti kokeilla meikkej\u00e4 syd\u00e4mesi kyllyydest\u00e4 ja luoda erilaisia \u200b\u200btrendikk\u00e4it\u00e4 lookeja joka p\u00e4iv\u00e4!<\/p>\n","protected":false},"excerpt":{"rendered":"<p>Tunne olosi todelliseksi rockt\u00e4hdeksi! Revolution PRO Rockstar -luomiv\u00e4ripaletin avulla voit luoda upean silm\u00e4meikin ja kokeilla hienostuneinta ja hienostuneinta hohdokkaampaa lookia! Paletissa on ainutlaatuisimmat s\u00e4vyt, mukaan lukien voinen vaaleanpunaiset ja nudet sek\u00e4 kimaltelevat kuparit ja ruskeat. T\u00e4m\u00e4n ylellisen paletin avulla voit vapaasti kokeilla meikkej\u00e4 syd\u00e4mesi kyllyydest\u00e4 ja luoda erilaisia \u200b\u200btrendikk\u00e4it\u00e4 lookeja joka p\u00e4iv\u00e4!<\/p>\n","protected":false},"featured_media":146513,"comment_status":"open","ping_status":"closed","template":"","meta":{"_trash_the_other_posts":false},"product_brand":[],"product_cat":[581],"product_tag":[],"berocket_brand":[1050],"class_list":{"0":"post-146528","1":"product","2":"type-product","3":"status-publish","4":"has-post-thumbnail","6":"product_cat-luomivari","7":"pa_brand-makeup-revolution","8":"berocket_brand-makeup-revolution","10":"first","11":"instock","12":"sale","13":"taxable","14":"shipping-taxable","15":"purchasable","16":"product-type-simple"},"_links":{"self":[{"href":"https:\/\/stylingagenten.com\/fi\/wp-json\/wp\/v2\/product\/146528","targetHints":{"allow":["GET"]}}],"collection":[{"href":"https:\/\/stylingagenten.com\/fi\/wp-json\/wp\/v2\/product"}],"about":[{"href":"https:\/\/stylingagenten.com\/fi\/wp-json\/wp\/v2\/types\/product"}],"replies":[{"embeddable":true,"href":"https:\/\/stylingagenten.com\/fi\/wp-json\/wp\/v2\/comments?post=146528"}],"version-history":[{"count":0,"href":"https:\/\/stylingagenten.com\/fi\/wp-json\/wp\/v2\/product\/146528\/revisions"}],"wp:featuredmedia":[{"embeddable":true,"href":"https:\/\/stylingagenten.com\/fi\/wp-json\/wp\/v2\/media\/146513"}],"wp:attachment":[{"href":"https:\/\/stylingagenten.com\/fi\/wp-json\/wp\/v2\/media?parent=146528"}],"wp:term":[{"taxonomy":"product_brand","embeddable":true,"href":"https:\/\/stylingagenten.com\/fi\/wp-json\/wp\/v2\/product_brand?post=146528"},{"taxonomy":"product_cat","embeddable":true,"href":"https:\/\/stylingagenten.com\/fi\/wp-json\/wp\/v2\/product_cat?post=146528"},{"taxonomy":"product_tag","embeddable":true,"href":"https:\/\/stylingagenten.com\/fi\/wp-json\/wp\/v2\/product_tag?post=146528"},{"taxonomy":"berocket_brand","embeddable":true,"href":"https:\/\/stylingagenten.com\/fi\/wp-json\/wp\/v2\/berocket_brand?post=146528"}],"curies":[{"name":"wp","href":"https:\/\/api.w.org\/{rel}","templated":true}]}}