{"id":146527,"date":"2025-05-18T23:36:41","date_gmt":"2025-05-18T23:36:41","guid":{"rendered":"https:\/\/staging2.stylingagenten.com\/fi\/produkt\/wet-n-wild-5-pan-palette-gold-whip\/"},"modified":"2026-01-15T11:16:28","modified_gmt":"2026-01-15T11:16:28","slug":"wet-n-wild-5-pan-palette-gold-whip","status":"publish","type":"product","link":"https:\/\/stylingagenten.com\/fi\/tuote\/wet-n-wild-5-pan-palette-gold-whip\/","title":{"rendered":"Wet n Wild 5-Pan Palette Gold Whip"},"content":{"rendered":"<p>El\u00e4 parasta el\u00e4m\u00e4\u00e4si v\u00e4reiss\u00e4! T\u00e4m\u00e4 Color Icon 5-Pan Palette sis\u00e4lt\u00e4\u00e4 parannellun, runsaspigmenttisen ja vohvelimaisen pehme\u00e4n koostumuksen matta-, satiini-, kimalle- ja metalliviimeistelyiss\u00e4. T\u00e4m\u00e4 erityisesti kuratoitu paletti on t\u00e4ydellinen unelmiesi ilmeen saavuttamiseen, olipa se luonnollisen pehme\u00e4 tai h\u00e4mm\u00e4stytt\u00e4v\u00e4n rohkea. Jokainen s\u00e4vy on vohvelimaisen pehme\u00e4 saumattomaan sekoittamiseen ja helppoon kerrostamiseen. K\u00e4ytett\u00e4viss\u00e4 sek\u00e4 kosteana ett\u00e4 kuivana, on helppo luoda todellinen sateenkaari luovia efektej\u00e4, jotka saavat sinut n\u00e4ytt\u00e4m\u00e4\u00e4n ja tuntemaan, ett\u00e4 olet ansainnut 5 t\u00e4hden arvion.<\/p>\n","protected":false},"excerpt":{"rendered":"<p>El\u00e4 parasta el\u00e4m\u00e4\u00e4si v\u00e4reiss\u00e4! T\u00e4m\u00e4 Color Icon 5-Pan Palette sis\u00e4lt\u00e4\u00e4 parannellun, runsaspigmenttisen ja vohvelimaisen pehme\u00e4n koostumuksen matta-, satiini-, kimalle- ja metalliviimeistelyiss\u00e4. T\u00e4m\u00e4 erityisesti kuratoitu paletti on t\u00e4ydellinen unelmiesi ilmeen saavuttamiseen, olipa se luonnollisen pehme\u00e4 tai h\u00e4mm\u00e4stytt\u00e4v\u00e4n rohkea. Jokainen s\u00e4vy on vohvelimaisen pehme\u00e4 saumattomaan sekoittamiseen ja helppoon kerrostamiseen. K\u00e4ytett\u00e4viss\u00e4 sek\u00e4 kosteana ett\u00e4 kuivana, on helppo luoda [&hellip;]<\/p>\n","protected":false},"featured_media":146512,"comment_status":"open","ping_status":"closed","template":"","meta":{"_trash_the_other_posts":false},"product_brand":[],"product_cat":[581],"product_tag":[4076],"berocket_brand":[1035],"class_list":{"0":"post-146527","1":"product","2":"type-product","3":"status-publish","4":"has-post-thumbnail","6":"product_cat-luomivari","7":"product_tag-wet-n-wild-5-pan-palette","8":"pa_brand-wet-n-wild","9":"pa_variantti-gold-whip","10":"berocket_brand-wet-n-wild","12":"first","13":"instock","14":"sale","15":"taxable","16":"shipping-taxable","17":"purchasable","18":"product-type-simple"},"_links":{"self":[{"href":"https:\/\/stylingagenten.com\/fi\/wp-json\/wp\/v2\/product\/146527","targetHints":{"allow":["GET"]}}],"collection":[{"href":"https:\/\/stylingagenten.com\/fi\/wp-json\/wp\/v2\/product"}],"about":[{"href":"https:\/\/stylingagenten.com\/fi\/wp-json\/wp\/v2\/types\/product"}],"replies":[{"embeddable":true,"href":"https:\/\/stylingagenten.com\/fi\/wp-json\/wp\/v2\/comments?post=146527"}],"version-history":[{"count":0,"href":"https:\/\/stylingagenten.com\/fi\/wp-json\/wp\/v2\/product\/146527\/revisions"}],"wp:featuredmedia":[{"embeddable":true,"href":"https:\/\/stylingagenten.com\/fi\/wp-json\/wp\/v2\/media\/146512"}],"wp:attachment":[{"href":"https:\/\/stylingagenten.com\/fi\/wp-json\/wp\/v2\/media?parent=146527"}],"wp:term":[{"taxonomy":"product_brand","embeddable":true,"href":"https:\/\/stylingagenten.com\/fi\/wp-json\/wp\/v2\/product_brand?post=146527"},{"taxonomy":"product_cat","embeddable":true,"href":"https:\/\/stylingagenten.com\/fi\/wp-json\/wp\/v2\/product_cat?post=146527"},{"taxonomy":"product_tag","embeddable":true,"href":"https:\/\/stylingagenten.com\/fi\/wp-json\/wp\/v2\/product_tag?post=146527"},{"taxonomy":"berocket_brand","embeddable":true,"href":"https:\/\/stylingagenten.com\/fi\/wp-json\/wp\/v2\/berocket_brand?post=146527"}],"curies":[{"name":"wp","href":"https:\/\/api.w.org\/{rel}","templated":true}]}}