{"id":146518,"date":"2025-05-18T23:36:40","date_gmt":"2025-05-18T23:36:40","guid":{"rendered":"https:\/\/staging2.stylingagenten.com\/fi\/produkt\/zmile-cosmetics-eyeshadow\/"},"modified":"2026-03-20T07:18:12","modified_gmt":"2026-03-20T07:18:12","slug":"zmile-cosmetics-eyeshadow","status":"publish","type":"product","link":"https:\/\/stylingagenten.com\/fi\/tuote\/zmile-cosmetics-eyeshadow\/","title":{"rendered":"Zmile Cosmetics Eyeshadow"},"content":{"rendered":"<p>Vie silm\u00e4meikkisi uudelle tasolle Zmile Cosmetics Eyeshadow -paletilla, joka sis\u00e4lt\u00e4\u00e4 nelj\u00e4 upeaa kiilt\u00e4v\u00e4\u00e4 s\u00e4vy\u00e4: vaaleanpunainen, vaaleanpunainen, mauve ja ruskea. N\u00e4m\u00e4 tyylikk\u00e4\u00e4t ja monik\u00e4ytt\u00f6iset v\u00e4rit ovat t\u00e4ydellisi\u00e4 luomaan sek\u00e4 luonnollisia ett\u00e4 dramaattisia ilmeit\u00e4 \u2013 tuoreista arkisilmist\u00e4 s\u00e4ihkyviin juhlameikkeihin.<br \/>\n<br \/>Jokaisella luomiv\u00e4rill\u00e4 on silkkinen koostumus, joka liukuu luomelle ja antaa intensiivisen, pitk\u00e4kestoisen v\u00e4rin, joka ei levi\u00e4. Kiilt\u00e4v\u00e4 viimeistely tuo kauniin hehkun, joka vangitsee valon ja antaa meikillesi lis\u00e4ulottuvuuden.<\/p>\n<p>Olitpa etsim\u00e4ss\u00e4 pehme\u00e4\u00e4, vaaleanpunaista ilmett\u00e4 tai voimakkaampaa silm\u00e4meikki\u00e4, t\u00e4m\u00e4 paletti tarjoaa kaiken, mit\u00e4 tarvitset ammattilaism\u00e4isen lopputuloksen luomiseen. Anna vaaleanpunaisen ja mauven s\u00e4vyjen tuoda l\u00e4mp\u00f6\u00e4 meikkiisi, kun taas ruskea s\u00e4vy m\u00e4\u00e4rittelee ja korostaa silmi\u00e4si t\u00e4ydellisesti!<\/p>\n","protected":false},"excerpt":{"rendered":"<p>Vie silm\u00e4meikkisi uudelle tasolle Zmile Cosmetics Eyeshadow -paletilla, joka sis\u00e4lt\u00e4\u00e4 nelj\u00e4 upeaa kiilt\u00e4v\u00e4\u00e4 s\u00e4vy\u00e4: vaaleanpunainen, vaaleanpunainen, mauve ja ruskea. N\u00e4m\u00e4 tyylikk\u00e4\u00e4t ja monik\u00e4ytt\u00f6iset v\u00e4rit ovat t\u00e4ydellisi\u00e4 luomaan sek\u00e4 luonnollisia ett\u00e4 dramaattisia ilmeit\u00e4 \u2013 tuoreista arkisilmist\u00e4 s\u00e4ihkyviin juhlameikkeihin. Jokaisella luomiv\u00e4rill\u00e4 on silkkinen koostumus, joka liukuu luomelle ja antaa intensiivisen, pitk\u00e4kestoisen v\u00e4rin, joka ei levi\u00e4. Kiilt\u00e4v\u00e4 viimeistely [&hellip;]<\/p>\n","protected":false},"featured_media":146517,"comment_status":"open","ping_status":"closed","template":"","meta":{"_trash_the_other_posts":false},"product_brand":[],"product_cat":[581],"product_tag":[],"berocket_brand":[1179],"class_list":{"0":"post-146518","1":"product","2":"type-product","3":"status-publish","4":"has-post-thumbnail","6":"product_cat-luomivari","7":"pa_brand-zmile-cosmetics","8":"berocket_brand-zmile-cosmetics","10":"first","11":"instock","12":"taxable","13":"shipping-taxable","14":"purchasable","15":"product-type-simple"},"_links":{"self":[{"href":"https:\/\/stylingagenten.com\/fi\/wp-json\/wp\/v2\/product\/146518","targetHints":{"allow":["GET"]}}],"collection":[{"href":"https:\/\/stylingagenten.com\/fi\/wp-json\/wp\/v2\/product"}],"about":[{"href":"https:\/\/stylingagenten.com\/fi\/wp-json\/wp\/v2\/types\/product"}],"replies":[{"embeddable":true,"href":"https:\/\/stylingagenten.com\/fi\/wp-json\/wp\/v2\/comments?post=146518"}],"version-history":[{"count":0,"href":"https:\/\/stylingagenten.com\/fi\/wp-json\/wp\/v2\/product\/146518\/revisions"}],"wp:featuredmedia":[{"embeddable":true,"href":"https:\/\/stylingagenten.com\/fi\/wp-json\/wp\/v2\/media\/146517"}],"wp:attachment":[{"href":"https:\/\/stylingagenten.com\/fi\/wp-json\/wp\/v2\/media?parent=146518"}],"wp:term":[{"taxonomy":"product_brand","embeddable":true,"href":"https:\/\/stylingagenten.com\/fi\/wp-json\/wp\/v2\/product_brand?post=146518"},{"taxonomy":"product_cat","embeddable":true,"href":"https:\/\/stylingagenten.com\/fi\/wp-json\/wp\/v2\/product_cat?post=146518"},{"taxonomy":"product_tag","embeddable":true,"href":"https:\/\/stylingagenten.com\/fi\/wp-json\/wp\/v2\/product_tag?post=146518"},{"taxonomy":"berocket_brand","embeddable":true,"href":"https:\/\/stylingagenten.com\/fi\/wp-json\/wp\/v2\/berocket_brand?post=146518"}],"curies":[{"name":"wp","href":"https:\/\/api.w.org\/{rel}","templated":true}]}}