{"id":146505,"date":"2025-05-18T23:36:37","date_gmt":"2025-05-18T23:36:37","guid":{"rendered":"https:\/\/staging2.stylingagenten.com\/fi\/produkt\/max-factor-fle-max-out-blue-primer\/"},"modified":"2026-04-01T13:59:31","modified_gmt":"2026-04-01T13:59:31","slug":"max-factor-fle-max-out-blue-primer","status":"publish","type":"product","link":"https:\/\/stylingagenten.com\/fi\/tuote\/max-factor-fle-max-out-blue-primer\/","title":{"rendered":"Max Factor Fle Max Out Blue Primer"},"content":{"rendered":"<p>Innovatiivinen ripsiv\u00e4ripohjamaali bl&aring; pigmentti, joka lis\u00e4\u00e4 mustaa ja tehostaa ripsiv\u00e4risi vaikutusta. Sis\u00e4lt\u00e4\u00e4 t\u00e4ytel\u00e4isi\u00e4 mikrokuituja maksimaalisen tilavuuden ja pituuden saavuttamiseksi. Siin\u00e4 on volyymia lis\u00e4\u00e4v\u00e4 paakkuuntumista est\u00e4v\u00e4 harja, joka antaa t\u00e4ydellisen tarkkuuden<\/p>\n","protected":false},"excerpt":{"rendered":"<p>Innovatiivinen ripsiv\u00e4ripohjamaali bl&aring; pigmentti, joka lis\u00e4\u00e4 mustaa ja tehostaa ripsiv\u00e4risi vaikutusta. Sis\u00e4lt\u00e4\u00e4 t\u00e4ytel\u00e4isi\u00e4 mikrokuituja maksimaalisen tilavuuden ja pituuden saavuttamiseksi. Siin\u00e4 on volyymia lis\u00e4\u00e4v\u00e4 paakkuuntumista est\u00e4v\u00e4 harja, joka antaa t\u00e4ydellisen tarkkuuden<\/p>\n","protected":false},"featured_media":146472,"comment_status":"open","ping_status":"closed","template":"","meta":{"_trash_the_other_posts":false},"product_brand":[],"product_cat":[716],"product_tag":[],"berocket_brand":[1013],"class_list":{"0":"post-146505","1":"product","2":"type-product","3":"status-publish","4":"has-post-thumbnail","6":"product_cat-mascaraprimer","7":"pa_brand-max-factor","8":"berocket_brand-max-factor","10":"first","11":"instock","12":"sale","13":"taxable","14":"shipping-taxable","15":"purchasable","16":"product-type-simple"},"_links":{"self":[{"href":"https:\/\/stylingagenten.com\/fi\/wp-json\/wp\/v2\/product\/146505","targetHints":{"allow":["GET"]}}],"collection":[{"href":"https:\/\/stylingagenten.com\/fi\/wp-json\/wp\/v2\/product"}],"about":[{"href":"https:\/\/stylingagenten.com\/fi\/wp-json\/wp\/v2\/types\/product"}],"replies":[{"embeddable":true,"href":"https:\/\/stylingagenten.com\/fi\/wp-json\/wp\/v2\/comments?post=146505"}],"version-history":[{"count":0,"href":"https:\/\/stylingagenten.com\/fi\/wp-json\/wp\/v2\/product\/146505\/revisions"}],"wp:featuredmedia":[{"embeddable":true,"href":"https:\/\/stylingagenten.com\/fi\/wp-json\/wp\/v2\/media\/146472"}],"wp:attachment":[{"href":"https:\/\/stylingagenten.com\/fi\/wp-json\/wp\/v2\/media?parent=146505"}],"wp:term":[{"taxonomy":"product_brand","embeddable":true,"href":"https:\/\/stylingagenten.com\/fi\/wp-json\/wp\/v2\/product_brand?post=146505"},{"taxonomy":"product_cat","embeddable":true,"href":"https:\/\/stylingagenten.com\/fi\/wp-json\/wp\/v2\/product_cat?post=146505"},{"taxonomy":"product_tag","embeddable":true,"href":"https:\/\/stylingagenten.com\/fi\/wp-json\/wp\/v2\/product_tag?post=146505"},{"taxonomy":"berocket_brand","embeddable":true,"href":"https:\/\/stylingagenten.com\/fi\/wp-json\/wp\/v2\/berocket_brand?post=146505"}],"curies":[{"name":"wp","href":"https:\/\/api.w.org\/{rel}","templated":true}]}}