{"id":146492,"date":"2025-05-18T23:36:35","date_gmt":"2025-05-18T23:36:35","guid":{"rendered":"https:\/\/staging2.stylingagenten.com\/fi\/produkt\/kokie-prep-up-eyeshadow-primer\/"},"modified":"2025-12-01T08:43:20","modified_gmt":"2025-12-01T08:43:20","slug":"kokie-prep-up-eyeshadow-primer","status":"publish","type":"product","link":"https:\/\/stylingagenten.com\/fi\/tuote\/kokie-prep-up-eyeshadow-primer\/","title":{"rendered":"Kokie Prep Up Eyeshadow Primer"},"content":{"rendered":"<p>Kokie Prep Up Eyeshadow Primer on l\u00e4pin\u00e4kyv\u00e4 luomiv\u00e4ripohjamaali, joka levitet\u00e4\u00e4n Silm\u00e4luomen tulee olla tasaisempi perusta ja tapa saada &ouml;gon varjosi istumaan&aring; paikka koko p\u00e4iv\u00e4n. Pohjuste luo t\u00e4llaisen pohjan; ett\u00e4 voit helposti sekoittaa luomiv\u00e4rej\u00e4 pitk\u00e4kestoisen lookin saamiseksi, joka ei rypisty.<\/p>\n","protected":false},"excerpt":{"rendered":"<p>Kokie Prep Up Eyeshadow Primer on l\u00e4pin\u00e4kyv\u00e4 luomiv\u00e4ripohjamaali, joka levitet\u00e4\u00e4n Silm\u00e4luomen tulee olla tasaisempi perusta ja tapa saada &ouml;gon varjosi istumaan&aring; paikka koko p\u00e4iv\u00e4n. Pohjuste luo t\u00e4llaisen pohjan; ett\u00e4 voit helposti sekoittaa luomiv\u00e4rej\u00e4 pitk\u00e4kestoisen lookin saamiseksi, joka ei rypisty.<\/p>\n","protected":false},"featured_media":146489,"comment_status":"open","ping_status":"closed","template":"","meta":{"_trash_the_other_posts":false},"product_brand":[],"product_cat":[593],"product_tag":[],"berocket_brand":[1198],"class_list":{"0":"post-146492","1":"product","2":"type-product","3":"status-publish","4":"has-post-thumbnail","6":"product_cat-silmapohjamaali","7":"pa_brand-kokie-cosmetics","8":"berocket_brand-kokie-cosmetics","10":"first","11":"instock","12":"sale","13":"taxable","14":"shipping-taxable","15":"purchasable","16":"product-type-simple"},"_links":{"self":[{"href":"https:\/\/stylingagenten.com\/fi\/wp-json\/wp\/v2\/product\/146492","targetHints":{"allow":["GET"]}}],"collection":[{"href":"https:\/\/stylingagenten.com\/fi\/wp-json\/wp\/v2\/product"}],"about":[{"href":"https:\/\/stylingagenten.com\/fi\/wp-json\/wp\/v2\/types\/product"}],"replies":[{"embeddable":true,"href":"https:\/\/stylingagenten.com\/fi\/wp-json\/wp\/v2\/comments?post=146492"}],"version-history":[{"count":0,"href":"https:\/\/stylingagenten.com\/fi\/wp-json\/wp\/v2\/product\/146492\/revisions"}],"wp:featuredmedia":[{"embeddable":true,"href":"https:\/\/stylingagenten.com\/fi\/wp-json\/wp\/v2\/media\/146489"}],"wp:attachment":[{"href":"https:\/\/stylingagenten.com\/fi\/wp-json\/wp\/v2\/media?parent=146492"}],"wp:term":[{"taxonomy":"product_brand","embeddable":true,"href":"https:\/\/stylingagenten.com\/fi\/wp-json\/wp\/v2\/product_brand?post=146492"},{"taxonomy":"product_cat","embeddable":true,"href":"https:\/\/stylingagenten.com\/fi\/wp-json\/wp\/v2\/product_cat?post=146492"},{"taxonomy":"product_tag","embeddable":true,"href":"https:\/\/stylingagenten.com\/fi\/wp-json\/wp\/v2\/product_tag?post=146492"},{"taxonomy":"berocket_brand","embeddable":true,"href":"https:\/\/stylingagenten.com\/fi\/wp-json\/wp\/v2\/berocket_brand?post=146492"}],"curies":[{"name":"wp","href":"https:\/\/api.w.org\/{rel}","templated":true}]}}