{"id":146488,"date":"2025-05-18T23:36:35","date_gmt":"2025-05-18T23:36:35","guid":{"rendered":"https:\/\/staging2.stylingagenten.com\/fi\/produkt\/kokie-lash-boosting-mascara-primer\/"},"modified":"2026-03-26T06:18:48","modified_gmt":"2026-03-26T06:18:48","slug":"kokie-lash-boosting-mascara-primer","status":"publish","type":"product","link":"https:\/\/stylingagenten.com\/fi\/tuote\/kokie-lash-boosting-mascara-primer\/","title":{"rendered":"Kokie Lash Boosting Mascara Primer"},"content":{"rendered":"<p>Kokie Lash Boosting Mascara Primerilla ripsiv\u00e4ri kest\u00e4\u00e4 viel\u00e4 pidemp\u00e4\u00e4n, samalla kun saat lis\u00e4\u00e4 volyymia.<br \/>Levit\u00e4 ripsiv\u00e4rin alle antaaksesi ripsist\u00e4si pidemm\u00e4t ja t\u00e4ytel\u00e4isemm\u00e4t ilmeet ja ripsiv\u00e4ri pysyy raikkaana koko p\u00e4iv\u00e4n.<\/p>\n<p>Pehment\u00e4\u00e4 ripsi\u00e4, pident\u00e4\u00e4 niiden k\u00e4ytt\u00f6ik\u00e4\u00e4 ripsiv\u00e4ri, l\u00e4pin\u00e4kyv\u00e4 kuivuessaan.<\/p>\n","protected":false},"excerpt":{"rendered":"<p>Kokie Lash Boosting Mascara Primerilla ripsiv\u00e4ri kest\u00e4\u00e4 viel\u00e4 pidemp\u00e4\u00e4n, samalla kun saat lis\u00e4\u00e4 volyymia.Levit\u00e4 ripsiv\u00e4rin alle antaaksesi ripsist\u00e4si pidemm\u00e4t ja t\u00e4ytel\u00e4isemm\u00e4t ilmeet ja ripsiv\u00e4ri pysyy raikkaana koko p\u00e4iv\u00e4n. Pehment\u00e4\u00e4 ripsi\u00e4, pident\u00e4\u00e4 niiden k\u00e4ytt\u00f6ik\u00e4\u00e4 ripsiv\u00e4ri, l\u00e4pin\u00e4kyv\u00e4 kuivuessaan.<\/p>\n","protected":false},"featured_media":146482,"comment_status":"open","ping_status":"closed","template":"","meta":{"_trash_the_other_posts":false},"product_brand":[],"product_cat":[716],"product_tag":[],"berocket_brand":[1198],"class_list":{"0":"post-146488","1":"product","2":"type-product","3":"status-publish","4":"has-post-thumbnail","6":"product_cat-mascaraprimer","7":"pa_brand-kokie-cosmetics","8":"berocket_brand-kokie-cosmetics","10":"first","11":"instock","12":"sale","13":"taxable","14":"shipping-taxable","15":"purchasable","16":"product-type-simple"},"_links":{"self":[{"href":"https:\/\/stylingagenten.com\/fi\/wp-json\/wp\/v2\/product\/146488","targetHints":{"allow":["GET"]}}],"collection":[{"href":"https:\/\/stylingagenten.com\/fi\/wp-json\/wp\/v2\/product"}],"about":[{"href":"https:\/\/stylingagenten.com\/fi\/wp-json\/wp\/v2\/types\/product"}],"replies":[{"embeddable":true,"href":"https:\/\/stylingagenten.com\/fi\/wp-json\/wp\/v2\/comments?post=146488"}],"version-history":[{"count":0,"href":"https:\/\/stylingagenten.com\/fi\/wp-json\/wp\/v2\/product\/146488\/revisions"}],"wp:featuredmedia":[{"embeddable":true,"href":"https:\/\/stylingagenten.com\/fi\/wp-json\/wp\/v2\/media\/146482"}],"wp:attachment":[{"href":"https:\/\/stylingagenten.com\/fi\/wp-json\/wp\/v2\/media?parent=146488"}],"wp:term":[{"taxonomy":"product_brand","embeddable":true,"href":"https:\/\/stylingagenten.com\/fi\/wp-json\/wp\/v2\/product_brand?post=146488"},{"taxonomy":"product_cat","embeddable":true,"href":"https:\/\/stylingagenten.com\/fi\/wp-json\/wp\/v2\/product_cat?post=146488"},{"taxonomy":"product_tag","embeddable":true,"href":"https:\/\/stylingagenten.com\/fi\/wp-json\/wp\/v2\/product_tag?post=146488"},{"taxonomy":"berocket_brand","embeddable":true,"href":"https:\/\/stylingagenten.com\/fi\/wp-json\/wp\/v2\/berocket_brand?post=146488"}],"curies":[{"name":"wp","href":"https:\/\/api.w.org\/{rel}","templated":true}]}}