{"id":146468,"date":"2025-05-18T23:36:32","date_gmt":"2025-05-18T23:36:32","guid":{"rendered":"https:\/\/staging2.stylingagenten.com\/fi\/produkt\/bareminerals-prime-time-eyeshadow-extender-primer-3ml\/"},"modified":"2026-03-21T13:07:27","modified_gmt":"2026-03-21T13:07:27","slug":"bareminerals-prime-time-eyeshadow-extender-primer-3ml","status":"publish","type":"product","link":"https:\/\/stylingagenten.com\/fi\/tuote\/bareminerals-prime-time-eyeshadow-extender-primer-3ml\/","title":{"rendered":"BareMinerals Prime Time Eyeshadow Extender Primer 3ml"},"content":{"rendered":"<p>Puhdas, vegaaninen ja silikoniton luomiv\u00e4ripohjamaali, joka pident\u00e4\u00e4 silm\u00e4meikin kest\u00e4vyytt\u00e4 jopa 24 tunniksi! Prime Time Eyeshadow Extender Primer tarjoaa l\u00e4pin\u00e4kyv\u00e4n pohjan, joka ei laskeudu ryppyihin tai juonteisiin ja on hienkest\u00e4v\u00e4. Pohjamaali minimoi ep\u00e4tasaisuudet ja antaa pehme\u00e4n ja sumean vaikutelman silm\u00e4luomelle. Joustavan applikaattorin avulla voit levitt\u00e4\u00e4 tuotteen helposti kannen p\u00e4\u00e4lle. Toimii kaikkien luomiv\u00e4rien kanssa.<\/p>\n<p>T\u00e4rkeimm\u00e4t ainesosat:<br \/>&#8211; Kolmen erilaisen hyaluronihappokompleksin seos, jotka kosteuttavat voimakkaasti<br \/>&#8211; Kest\u00e4v\u00e4sti tuotettu sheavoi tarjoaa pehme\u00e4n koostumuksen, joka tuntuu miellytt\u00e4v\u00e4lt\u00e4 iholla<\/p>\n","protected":false},"excerpt":{"rendered":"<p>Puhdas, vegaaninen ja silikoniton luomiv\u00e4ripohjamaali, joka pident\u00e4\u00e4 silm\u00e4meikin kest\u00e4vyytt\u00e4 jopa 24 tunniksi! Prime Time Eyeshadow Extender Primer tarjoaa l\u00e4pin\u00e4kyv\u00e4n pohjan, joka ei laskeudu ryppyihin tai juonteisiin ja on hienkest\u00e4v\u00e4. Pohjamaali minimoi ep\u00e4tasaisuudet ja antaa pehme\u00e4n ja sumean vaikutelman silm\u00e4luomelle. Joustavan applikaattorin avulla voit levitt\u00e4\u00e4 tuotteen helposti kannen p\u00e4\u00e4lle. Toimii kaikkien luomiv\u00e4rien kanssa. T\u00e4rkeimm\u00e4t ainesosat:&#8211; Kolmen [&hellip;]<\/p>\n","protected":false},"featured_media":146456,"comment_status":"open","ping_status":"closed","template":"","meta":{"_trash_the_other_posts":false},"product_brand":[],"product_cat":[1005,593],"product_tag":[],"berocket_brand":[2007],"class_list":{"0":"post-146468","1":"product","2":"type-product","3":"status-publish","4":"has-post-thumbnail","6":"product_cat-outlet","7":"product_cat-silmapohjamaali","8":"pa_brand-id-bareminerals","9":"berocket_brand-id-bareminerals","11":"first","12":"outofstock","13":"sale","14":"taxable","15":"shipping-taxable","16":"purchasable","17":"product-type-simple"},"_links":{"self":[{"href":"https:\/\/stylingagenten.com\/fi\/wp-json\/wp\/v2\/product\/146468","targetHints":{"allow":["GET"]}}],"collection":[{"href":"https:\/\/stylingagenten.com\/fi\/wp-json\/wp\/v2\/product"}],"about":[{"href":"https:\/\/stylingagenten.com\/fi\/wp-json\/wp\/v2\/types\/product"}],"replies":[{"embeddable":true,"href":"https:\/\/stylingagenten.com\/fi\/wp-json\/wp\/v2\/comments?post=146468"}],"version-history":[{"count":0,"href":"https:\/\/stylingagenten.com\/fi\/wp-json\/wp\/v2\/product\/146468\/revisions"}],"wp:featuredmedia":[{"embeddable":true,"href":"https:\/\/stylingagenten.com\/fi\/wp-json\/wp\/v2\/media\/146456"}],"wp:attachment":[{"href":"https:\/\/stylingagenten.com\/fi\/wp-json\/wp\/v2\/media?parent=146468"}],"wp:term":[{"taxonomy":"product_brand","embeddable":true,"href":"https:\/\/stylingagenten.com\/fi\/wp-json\/wp\/v2\/product_brand?post=146468"},{"taxonomy":"product_cat","embeddable":true,"href":"https:\/\/stylingagenten.com\/fi\/wp-json\/wp\/v2\/product_cat?post=146468"},{"taxonomy":"product_tag","embeddable":true,"href":"https:\/\/stylingagenten.com\/fi\/wp-json\/wp\/v2\/product_tag?post=146468"},{"taxonomy":"berocket_brand","embeddable":true,"href":"https:\/\/stylingagenten.com\/fi\/wp-json\/wp\/v2\/berocket_brand?post=146468"}],"curies":[{"name":"wp","href":"https:\/\/api.w.org\/{rel}","templated":true}]}}