{"id":146423,"date":"2025-05-18T23:36:23","date_gmt":"2025-05-18T23:36:23","guid":{"rendered":"https:\/\/staging2.stylingagenten.com\/fi\/produkt\/shiseido-benefiance-nutriperfect-eye-serum-15ml\/"},"modified":"2026-03-30T07:31:59","modified_gmt":"2026-03-30T07:31:59","slug":"shiseido-benefiance-nutriperfect-eye-serum-15ml","status":"publish","type":"product","link":"https:\/\/stylingagenten.com\/fi\/tuote\/shiseido-benefiance-nutriperfect-eye-serum-15ml\/","title":{"rendered":"Shiseido Benefiance NutriPerfect Eye Serum 15ml"},"content":{"rendered":"<p>Shiseido Benefiance NutriPerfect Eye Serum on silm\u00e4seerumi kyps\u00e4lle ja ik\u00e4\u00e4ntyv\u00e4lle iholle. T\u00e4ydent\u00e4v\u00e4 koostumus v\u00e4hent\u00e4\u00e4 tummia silm\u00e4nalusia ja ryppyj\u00e4 silmien ymp\u00e4rill\u00e4. Peniksen ymp\u00e4rill\u00e4 oleva iho tulee kiinte\u00e4mm\u00e4ksi ja joustavammaksi. Kevyt koostumus imeytyy nopeasti ja kosteuttaa luoden nuorekkaan ulkon\u00e4\u00f6n.&nbsp;<\/p>\n","protected":false},"excerpt":{"rendered":"<p>Shiseido Benefiance NutriPerfect Eye Serum on silm\u00e4seerumi kyps\u00e4lle ja ik\u00e4\u00e4ntyv\u00e4lle iholle. T\u00e4ydent\u00e4v\u00e4 koostumus v\u00e4hent\u00e4\u00e4 tummia silm\u00e4nalusia ja ryppyj\u00e4 silmien ymp\u00e4rill\u00e4. Peniksen ymp\u00e4rill\u00e4 oleva iho tulee kiinte\u00e4mm\u00e4ksi ja joustavammaksi. Kevyt koostumus imeytyy nopeasti ja kosteuttaa luoden nuorekkaan ulkon\u00e4\u00f6n.&nbsp;<\/p>\n","protected":false},"featured_media":146420,"comment_status":"open","ping_status":"closed","template":"","meta":{"_trash_the_other_posts":false},"product_brand":[],"product_cat":[584,614,623],"product_tag":[],"berocket_brand":[1193],"class_list":{"0":"post-146423","1":"product","2":"type-product","3":"status-publish","4":"has-post-thumbnail","6":"product_cat-anti-age","7":"product_cat-seerumi","8":"product_cat-silmavoide","9":"pa_brand-shiseido","10":"berocket_brand-shiseido","12":"first","13":"instock","14":"sale","15":"taxable","16":"shipping-taxable","17":"purchasable","18":"product-type-simple"},"_links":{"self":[{"href":"https:\/\/stylingagenten.com\/fi\/wp-json\/wp\/v2\/product\/146423","targetHints":{"allow":["GET"]}}],"collection":[{"href":"https:\/\/stylingagenten.com\/fi\/wp-json\/wp\/v2\/product"}],"about":[{"href":"https:\/\/stylingagenten.com\/fi\/wp-json\/wp\/v2\/types\/product"}],"replies":[{"embeddable":true,"href":"https:\/\/stylingagenten.com\/fi\/wp-json\/wp\/v2\/comments?post=146423"}],"version-history":[{"count":0,"href":"https:\/\/stylingagenten.com\/fi\/wp-json\/wp\/v2\/product\/146423\/revisions"}],"wp:featuredmedia":[{"embeddable":true,"href":"https:\/\/stylingagenten.com\/fi\/wp-json\/wp\/v2\/media\/146420"}],"wp:attachment":[{"href":"https:\/\/stylingagenten.com\/fi\/wp-json\/wp\/v2\/media?parent=146423"}],"wp:term":[{"taxonomy":"product_brand","embeddable":true,"href":"https:\/\/stylingagenten.com\/fi\/wp-json\/wp\/v2\/product_brand?post=146423"},{"taxonomy":"product_cat","embeddable":true,"href":"https:\/\/stylingagenten.com\/fi\/wp-json\/wp\/v2\/product_cat?post=146423"},{"taxonomy":"product_tag","embeddable":true,"href":"https:\/\/stylingagenten.com\/fi\/wp-json\/wp\/v2\/product_tag?post=146423"},{"taxonomy":"berocket_brand","embeddable":true,"href":"https:\/\/stylingagenten.com\/fi\/wp-json\/wp\/v2\/berocket_brand?post=146423"}],"curies":[{"name":"wp","href":"https:\/\/api.w.org\/{rel}","templated":true}]}}