{"id":146422,"date":"2025-05-18T23:36:23","date_gmt":"2025-05-18T23:36:23","guid":{"rendered":"https:\/\/staging2.stylingagenten.com\/fi\/produkt\/shiseido-men-total-revitalizer-eye-cream-15ml\/"},"modified":"2026-03-30T07:32:01","modified_gmt":"2026-03-30T07:32:01","slug":"shiseido-men-total-revitalizer-eye-cream-15ml","status":"publish","type":"product","link":"https:\/\/stylingagenten.com\/fi\/tuote\/shiseido-men-total-revitalizer-eye-cream-15ml\/","title":{"rendered":"Shiseido Men Total Revitalizer Eye Cream 15ml"},"content":{"rendered":"<p>Shiseido Men Total Revitalizer Eye Cream on tehokas silm\u00e4nymp\u00e4rysvoide, joka on saanut vaikutteita hyaluronihappoinjektioista. T\u00e4m\u00e4 ainutlaatuinen &ouml;gon&auml;m on tarkoitettu erityisi\u00e4 silm\u00e4nymp\u00e4rysongelmia, kuten ryppyj\u00e4, kuivuutta, l\u00f6ys\u00e4\u00e4 ihoa, ihohuokosia ja tummia silm\u00e4nalusia. Sopii kaikille miehille, jotka haluavat ohuemman, ter\u00e4v\u00e4mm\u00e4n ja eloisamman lookin!&nbsp;<\/p>\n<p>&nbsp;<\/p>\n","protected":false},"excerpt":{"rendered":"<p>Shiseido Men Total Revitalizer Eye Cream on tehokas silm\u00e4nymp\u00e4rysvoide, joka on saanut vaikutteita hyaluronihappoinjektioista. T\u00e4m\u00e4 ainutlaatuinen &ouml;gon&auml;m on tarkoitettu erityisi\u00e4 silm\u00e4nymp\u00e4rysongelmia, kuten ryppyj\u00e4, kuivuutta, l\u00f6ys\u00e4\u00e4 ihoa, ihohuokosia ja tummia silm\u00e4nalusia. Sopii kaikille miehille, jotka haluavat ohuemman, ter\u00e4v\u00e4mm\u00e4n ja eloisamman lookin!&nbsp; &nbsp;<\/p>\n","protected":false},"featured_media":146418,"comment_status":"open","ping_status":"closed","template":"","meta":{"_trash_the_other_posts":false},"product_brand":[],"product_cat":[623],"product_tag":[],"berocket_brand":[1193],"class_list":{"0":"post-146422","1":"product","2":"type-product","3":"status-publish","4":"has-post-thumbnail","6":"product_cat-silmavoide","7":"pa_brand-shiseido","8":"berocket_brand-shiseido","10":"first","11":"instock","12":"sale","13":"taxable","14":"shipping-taxable","15":"purchasable","16":"product-type-simple"},"_links":{"self":[{"href":"https:\/\/stylingagenten.com\/fi\/wp-json\/wp\/v2\/product\/146422","targetHints":{"allow":["GET"]}}],"collection":[{"href":"https:\/\/stylingagenten.com\/fi\/wp-json\/wp\/v2\/product"}],"about":[{"href":"https:\/\/stylingagenten.com\/fi\/wp-json\/wp\/v2\/types\/product"}],"replies":[{"embeddable":true,"href":"https:\/\/stylingagenten.com\/fi\/wp-json\/wp\/v2\/comments?post=146422"}],"version-history":[{"count":0,"href":"https:\/\/stylingagenten.com\/fi\/wp-json\/wp\/v2\/product\/146422\/revisions"}],"wp:featuredmedia":[{"embeddable":true,"href":"https:\/\/stylingagenten.com\/fi\/wp-json\/wp\/v2\/media\/146418"}],"wp:attachment":[{"href":"https:\/\/stylingagenten.com\/fi\/wp-json\/wp\/v2\/media?parent=146422"}],"wp:term":[{"taxonomy":"product_brand","embeddable":true,"href":"https:\/\/stylingagenten.com\/fi\/wp-json\/wp\/v2\/product_brand?post=146422"},{"taxonomy":"product_cat","embeddable":true,"href":"https:\/\/stylingagenten.com\/fi\/wp-json\/wp\/v2\/product_cat?post=146422"},{"taxonomy":"product_tag","embeddable":true,"href":"https:\/\/stylingagenten.com\/fi\/wp-json\/wp\/v2\/product_tag?post=146422"},{"taxonomy":"berocket_brand","embeddable":true,"href":"https:\/\/stylingagenten.com\/fi\/wp-json\/wp\/v2\/berocket_brand?post=146422"}],"curies":[{"name":"wp","href":"https:\/\/api.w.org\/{rel}","templated":true}]}}