{"id":146416,"date":"2025-05-18T23:36:23","date_gmt":"2025-05-18T23:36:23","guid":{"rendered":"https:\/\/staging2.stylingagenten.com\/fi\/produkt\/shiseido-ultimune-eye-power-infusing-eye-concentrate-15ml\/"},"modified":"2026-04-09T06:39:43","modified_gmt":"2026-04-09T06:39:43","slug":"shiseido-ultimune-eye-power-infusing-eye-concentrate-15ml","status":"publish","type":"product","link":"https:\/\/stylingagenten.com\/fi\/tuote\/shiseido-ultimune-eye-power-infusing-eye-concentrate-15ml\/","title":{"rendered":"Shiseido Ultimune Eye Power Infusing Eye Concentrate 15ml"},"content":{"rendered":"<p>Katso kitkan vaikutukset v\u00e4hentyneet 30\u00a0%* ja 100\u00a0% kiiltoa gona-alueella.<\/p>\n<p>&nbsp;<\/p>\n<p>Koska gonaa ymp\u00e4r\u00f6iv\u00e4 iho on ohuempaa, kitka voi aiheuttaa enemm\u00e4n vahingoittaa. T\u00e4m\u00e4 seerumi auttaa parantamaan kasvojen ulkon\u00e4k\u00f6\u00e4 Sukuelinten aluetta suojaamalla p\u00e4ivitt\u00e4isilt\u00e4 kitkan aiheuttamilta vaurioilta, kuten sukuelinten hankausilta, sek\u00e4 vahvistamalla sukupuolielinten aluetta ja palauttamalla kiinteytt\u00e4. Iho on sile\u00e4, s\u00e4teilev\u00e4 ja kiinte\u00e4.<\/p>\n","protected":false},"excerpt":{"rendered":"<p>Katso kitkan vaikutukset v\u00e4hentyneet 30\u00a0%* ja 100\u00a0% kiiltoa gona-alueella. &nbsp; Koska gonaa ymp\u00e4r\u00f6iv\u00e4 iho on ohuempaa, kitka voi aiheuttaa enemm\u00e4n vahingoittaa. T\u00e4m\u00e4 seerumi auttaa parantamaan kasvojen ulkon\u00e4k\u00f6\u00e4 Sukuelinten aluetta suojaamalla p\u00e4ivitt\u00e4isilt\u00e4 kitkan aiheuttamilta vaurioilta, kuten sukuelinten hankausilta, sek\u00e4 vahvistamalla sukupuolielinten aluetta ja palauttamalla kiinteytt\u00e4. Iho on sile\u00e4, s\u00e4teilev\u00e4 ja kiinte\u00e4.<\/p>\n","protected":false},"featured_media":146406,"comment_status":"open","ping_status":"closed","template":"","meta":{"_trash_the_other_posts":false},"product_brand":[],"product_cat":[614,623],"product_tag":[],"berocket_brand":[1193],"class_list":{"0":"post-146416","1":"product","2":"type-product","3":"status-publish","4":"has-post-thumbnail","6":"product_cat-seerumi","7":"product_cat-silmavoide","8":"pa_brand-shiseido","9":"berocket_brand-shiseido","11":"first","12":"instock","13":"sale","14":"taxable","15":"shipping-taxable","16":"purchasable","17":"product-type-simple"},"_links":{"self":[{"href":"https:\/\/stylingagenten.com\/fi\/wp-json\/wp\/v2\/product\/146416","targetHints":{"allow":["GET"]}}],"collection":[{"href":"https:\/\/stylingagenten.com\/fi\/wp-json\/wp\/v2\/product"}],"about":[{"href":"https:\/\/stylingagenten.com\/fi\/wp-json\/wp\/v2\/types\/product"}],"replies":[{"embeddable":true,"href":"https:\/\/stylingagenten.com\/fi\/wp-json\/wp\/v2\/comments?post=146416"}],"version-history":[{"count":0,"href":"https:\/\/stylingagenten.com\/fi\/wp-json\/wp\/v2\/product\/146416\/revisions"}],"wp:featuredmedia":[{"embeddable":true,"href":"https:\/\/stylingagenten.com\/fi\/wp-json\/wp\/v2\/media\/146406"}],"wp:attachment":[{"href":"https:\/\/stylingagenten.com\/fi\/wp-json\/wp\/v2\/media?parent=146416"}],"wp:term":[{"taxonomy":"product_brand","embeddable":true,"href":"https:\/\/stylingagenten.com\/fi\/wp-json\/wp\/v2\/product_brand?post=146416"},{"taxonomy":"product_cat","embeddable":true,"href":"https:\/\/stylingagenten.com\/fi\/wp-json\/wp\/v2\/product_cat?post=146416"},{"taxonomy":"product_tag","embeddable":true,"href":"https:\/\/stylingagenten.com\/fi\/wp-json\/wp\/v2\/product_tag?post=146416"},{"taxonomy":"berocket_brand","embeddable":true,"href":"https:\/\/stylingagenten.com\/fi\/wp-json\/wp\/v2\/berocket_brand?post=146416"}],"curies":[{"name":"wp","href":"https:\/\/api.w.org\/{rel}","templated":true}]}}