{"id":146408,"date":"2025-05-18T23:36:22","date_gmt":"2025-05-18T23:36:22","guid":{"rendered":"https:\/\/staging2.stylingagenten.com\/fi\/produkt\/shiseido-benefiance-wrinkle-smoothing-eye-cream-15ml\/"},"modified":"2026-04-07T08:39:58","modified_gmt":"2026-04-07T08:39:58","slug":"shiseido-benefiance-wrinkle-smoothing-eye-cream-15ml","status":"publish","type":"product","link":"https:\/\/stylingagenten.com\/fi\/tuote\/shiseido-benefiance-wrinkle-smoothing-eye-cream-15ml\/","title":{"rendered":"Shiseido Benefiance Wrinkle Smoothing Eye Cream 15ml"},"content":{"rendered":"<p>T\u00e4m\u00e4 ik\u00e4\u00e4ntymist\u00e4 est\u00e4v\u00e4 voide korjaa n\u00e4kyv\u00e4sti ryppyj\u00e4 vain yksi viikko. Kohdistaa kuutta tyyppist\u00e4 otsaviivaa, mukaan lukien variksen jalat, silm\u00e4nymp\u00e4rysrypyt, silm\u00e4luomien rypyt, turvotusviivat ja kulmakarvojen v\u00e4liset rasitusviivat. Ihosta tulee sile\u00e4, elastinen ja nuorekas hehku ja kosteutettu 48 tunnin ajan. ReNeura Technology + &trade; ja KOMBU-Bounce Complex.<\/p>\n","protected":false},"excerpt":{"rendered":"<p>T\u00e4m\u00e4 ik\u00e4\u00e4ntymist\u00e4 est\u00e4v\u00e4 voide korjaa n\u00e4kyv\u00e4sti ryppyj\u00e4 vain yksi viikko. Kohdistaa kuutta tyyppist\u00e4 otsaviivaa, mukaan lukien variksen jalat, silm\u00e4nymp\u00e4rysrypyt, silm\u00e4luomien rypyt, turvotusviivat ja kulmakarvojen v\u00e4liset rasitusviivat. Ihosta tulee sile\u00e4, elastinen ja nuorekas hehku ja kosteutettu 48 tunnin ajan. ReNeura Technology + &trade; ja KOMBU-Bounce Complex.<\/p>\n","protected":false},"featured_media":146405,"comment_status":"open","ping_status":"closed","template":"","meta":{"_trash_the_other_posts":false},"product_brand":[],"product_cat":[584,623],"product_tag":[],"berocket_brand":[1193],"class_list":{"0":"post-146408","1":"product","2":"type-product","3":"status-publish","4":"has-post-thumbnail","6":"product_cat-anti-age","7":"product_cat-silmavoide","8":"pa_brand-shiseido","9":"berocket_brand-shiseido","11":"first","12":"instock","13":"sale","14":"taxable","15":"shipping-taxable","16":"purchasable","17":"product-type-simple"},"_links":{"self":[{"href":"https:\/\/stylingagenten.com\/fi\/wp-json\/wp\/v2\/product\/146408","targetHints":{"allow":["GET"]}}],"collection":[{"href":"https:\/\/stylingagenten.com\/fi\/wp-json\/wp\/v2\/product"}],"about":[{"href":"https:\/\/stylingagenten.com\/fi\/wp-json\/wp\/v2\/types\/product"}],"replies":[{"embeddable":true,"href":"https:\/\/stylingagenten.com\/fi\/wp-json\/wp\/v2\/comments?post=146408"}],"version-history":[{"count":0,"href":"https:\/\/stylingagenten.com\/fi\/wp-json\/wp\/v2\/product\/146408\/revisions"}],"wp:featuredmedia":[{"embeddable":true,"href":"https:\/\/stylingagenten.com\/fi\/wp-json\/wp\/v2\/media\/146405"}],"wp:attachment":[{"href":"https:\/\/stylingagenten.com\/fi\/wp-json\/wp\/v2\/media?parent=146408"}],"wp:term":[{"taxonomy":"product_brand","embeddable":true,"href":"https:\/\/stylingagenten.com\/fi\/wp-json\/wp\/v2\/product_brand?post=146408"},{"taxonomy":"product_cat","embeddable":true,"href":"https:\/\/stylingagenten.com\/fi\/wp-json\/wp\/v2\/product_cat?post=146408"},{"taxonomy":"product_tag","embeddable":true,"href":"https:\/\/stylingagenten.com\/fi\/wp-json\/wp\/v2\/product_tag?post=146408"},{"taxonomy":"berocket_brand","embeddable":true,"href":"https:\/\/stylingagenten.com\/fi\/wp-json\/wp\/v2\/berocket_brand?post=146408"}],"curies":[{"name":"wp","href":"https:\/\/api.w.org\/{rel}","templated":true}]}}