{"id":146284,"date":"2025-05-18T23:36:02","date_gmt":"2025-05-18T23:36:02","guid":{"rendered":"https:\/\/staging2.stylingagenten.com\/fi\/produkt\/klairs-fundamental-nourishing-eye-butter-20g\/"},"modified":"2025-11-30T21:01:28","modified_gmt":"2025-11-30T21:01:28","slug":"klairs-fundamental-nourishing-eye-butter-20g","status":"publish","type":"product","link":"https:\/\/stylingagenten.com\/fi\/tuote\/klairs-fundamental-nourishing-eye-butter-20g\/","title":{"rendered":"Klairs Fundamental Nourishing Eye Butter 20g"},"content":{"rendered":"<p>Klairs Fundamental Nourishing Eye Butter 20g<br \/>Fundamental Nourishing Eye Butter on rikas ja runsas silm\u00e4nymp\u00e4rysvoide auringonkukka\u00f6ljyll\u00e4, joka sis\u00e4lt\u00e4\u00e4 runsaasti E- ja A-vitamiinia. T\u00e4ydellinen niille, jotka ovat erityisen kuivia ja haluavat syv\u00e4sti ravitsevan silm\u00e4nymp\u00e4rysvoiteen, mutta ilman tahmeaa tunnetta. Se sis\u00e4lt\u00e4\u00e4 my\u00f6s peptidej\u00e4, jotka minimoivat juonteita ja suojaavat samalla antioksidanteilla.<\/p>\n","protected":false},"excerpt":{"rendered":"<p>Klairs Fundamental Nourishing Eye Butter 20gFundamental Nourishing Eye Butter on rikas ja runsas silm\u00e4nymp\u00e4rysvoide auringonkukka\u00f6ljyll\u00e4, joka sis\u00e4lt\u00e4\u00e4 runsaasti E- ja A-vitamiinia. T\u00e4ydellinen niille, jotka ovat erityisen kuivia ja haluavat syv\u00e4sti ravitsevan silm\u00e4nymp\u00e4rysvoiteen, mutta ilman tahmeaa tunnetta. Se sis\u00e4lt\u00e4\u00e4 my\u00f6s peptidej\u00e4, jotka minimoivat juonteita ja suojaavat samalla antioksidanteilla.<\/p>\n","protected":false},"featured_media":146260,"comment_status":"open","ping_status":"closed","template":"","meta":{"_trash_the_other_posts":false},"product_brand":[],"product_cat":[1001,623],"product_tag":[],"berocket_brand":[1397],"class_list":{"0":"post-146284","1":"product","2":"type-product","3":"status-publish","4":"has-post-thumbnail","6":"product_cat-k-beauty","7":"product_cat-silmavoide","8":"pa_brand-klairs","9":"berocket_brand-klairs","11":"first","12":"instock","13":"sale","14":"taxable","15":"shipping-taxable","16":"purchasable","17":"product-type-simple"},"_links":{"self":[{"href":"https:\/\/stylingagenten.com\/fi\/wp-json\/wp\/v2\/product\/146284","targetHints":{"allow":["GET"]}}],"collection":[{"href":"https:\/\/stylingagenten.com\/fi\/wp-json\/wp\/v2\/product"}],"about":[{"href":"https:\/\/stylingagenten.com\/fi\/wp-json\/wp\/v2\/types\/product"}],"replies":[{"embeddable":true,"href":"https:\/\/stylingagenten.com\/fi\/wp-json\/wp\/v2\/comments?post=146284"}],"version-history":[{"count":0,"href":"https:\/\/stylingagenten.com\/fi\/wp-json\/wp\/v2\/product\/146284\/revisions"}],"wp:featuredmedia":[{"embeddable":true,"href":"https:\/\/stylingagenten.com\/fi\/wp-json\/wp\/v2\/media\/146260"}],"wp:attachment":[{"href":"https:\/\/stylingagenten.com\/fi\/wp-json\/wp\/v2\/media?parent=146284"}],"wp:term":[{"taxonomy":"product_brand","embeddable":true,"href":"https:\/\/stylingagenten.com\/fi\/wp-json\/wp\/v2\/product_brand?post=146284"},{"taxonomy":"product_cat","embeddable":true,"href":"https:\/\/stylingagenten.com\/fi\/wp-json\/wp\/v2\/product_cat?post=146284"},{"taxonomy":"product_tag","embeddable":true,"href":"https:\/\/stylingagenten.com\/fi\/wp-json\/wp\/v2\/product_tag?post=146284"},{"taxonomy":"berocket_brand","embeddable":true,"href":"https:\/\/stylingagenten.com\/fi\/wp-json\/wp\/v2\/berocket_brand?post=146284"}],"curies":[{"name":"wp","href":"https:\/\/api.w.org\/{rel}","templated":true}]}}