{"id":146272,"date":"2025-05-18T23:36:00","date_gmt":"2025-05-18T23:36:00","guid":{"rendered":"https:\/\/staging2.stylingagenten.com\/fi\/produkt\/filorga-time-filler-eyes-5xp-15ml\/"},"modified":"2026-04-08T08:48:26","modified_gmt":"2026-04-08T08:48:26","slug":"filorga-time-filler-eyes-5xp-15ml","status":"publish","type":"product","link":"https:\/\/stylingagenten.com\/fi\/tuote\/filorga-time-filler-eyes-5xp-15ml\/","title":{"rendered":"Filorga Time-Filler Eyes 5XP 15ml"},"content":{"rendered":"<p>Korjaava ik\u00e4\u00e4ntymist\u00e4 est\u00e4v\u00e4 silm\u00e4nymp\u00e4rysvoide, joka ehk\u00e4isee kaikenlaisia \u200b\u200bryppyj\u00e4. Time-Filler Eyes 5 XP on seurausta Filorgan esteettisen l\u00e4\u00e4ketieteen asiantuntemuksesta ja v\u00e4hent\u00e4\u00e4 kaikenlaisia \u200b\u200bryppyj\u00e4 silmien ymp\u00e4rill\u00e4, huolenk\u00e4yntej\u00e4, tummia silm\u00e4nalusia ja roikkuvia silm\u00e4luomia. Jopa ripset tuntuvat vahvistuneilta. Silm\u00e4nymp\u00e4rys n\u00e4ytt\u00e4\u00e4 nuoremmalta, sile\u00e4mm\u00e4lt\u00e4 ja energisemm\u00e4lt\u00e4. Kliinisesti todistettu tehokkuus. Testattu oftalmologisessa valvonnassa.<\/p>\n<p>\u2022 Ik\u00e4\u00e4ntymist\u00e4 est\u00e4v\u00e4 silm\u00e4nymp\u00e4rysvoide<br \/>\u2022 V\u00e4hent\u00e4\u00e4 ryppyj\u00e4, juonteita ja tummia silm\u00e4nalusia<br \/>\u2022 Antaa sile\u00e4mm\u00e4n ihon, joka tuntuu nuoremmalta<br \/>\u2022 Ripset tuntuvat vahvistetuilta<\/p>\n","protected":false},"excerpt":{"rendered":"<p>Korjaava ik\u00e4\u00e4ntymist\u00e4 est\u00e4v\u00e4 silm\u00e4nymp\u00e4rysvoide, joka ehk\u00e4isee kaikenlaisia \u200b\u200bryppyj\u00e4. Time-Filler Eyes 5 XP on seurausta Filorgan esteettisen l\u00e4\u00e4ketieteen asiantuntemuksesta ja v\u00e4hent\u00e4\u00e4 kaikenlaisia \u200b\u200bryppyj\u00e4 silmien ymp\u00e4rill\u00e4, huolenk\u00e4yntej\u00e4, tummia silm\u00e4nalusia ja roikkuvia silm\u00e4luomia. Jopa ripset tuntuvat vahvistuneilta. Silm\u00e4nymp\u00e4rys n\u00e4ytt\u00e4\u00e4 nuoremmalta, sile\u00e4mm\u00e4lt\u00e4 ja energisemm\u00e4lt\u00e4. Kliinisesti todistettu tehokkuus. Testattu oftalmologisessa valvonnassa. \u2022 Ik\u00e4\u00e4ntymist\u00e4 est\u00e4v\u00e4 silm\u00e4nymp\u00e4rysvoide\u2022 V\u00e4hent\u00e4\u00e4 ryppyj\u00e4, juonteita ja tummia [&hellip;]<\/p>\n","protected":false},"featured_media":146251,"comment_status":"open","ping_status":"closed","template":"","meta":{"_trash_the_other_posts":false},"product_brand":[],"product_cat":[1003,623],"product_tag":[],"berocket_brand":[1317],"class_list":{"0":"post-146272","1":"product","2":"type-product","3":"status-publish","4":"has-post-thumbnail","6":"product_cat-myydyimmat","7":"product_cat-silmavoide","8":"pa_brand-filorga","9":"berocket_brand-filorga","11":"first","12":"instock","13":"sale","14":"taxable","15":"shipping-taxable","16":"purchasable","17":"product-type-simple"},"_links":{"self":[{"href":"https:\/\/stylingagenten.com\/fi\/wp-json\/wp\/v2\/product\/146272","targetHints":{"allow":["GET"]}}],"collection":[{"href":"https:\/\/stylingagenten.com\/fi\/wp-json\/wp\/v2\/product"}],"about":[{"href":"https:\/\/stylingagenten.com\/fi\/wp-json\/wp\/v2\/types\/product"}],"replies":[{"embeddable":true,"href":"https:\/\/stylingagenten.com\/fi\/wp-json\/wp\/v2\/comments?post=146272"}],"version-history":[{"count":0,"href":"https:\/\/stylingagenten.com\/fi\/wp-json\/wp\/v2\/product\/146272\/revisions"}],"wp:featuredmedia":[{"embeddable":true,"href":"https:\/\/stylingagenten.com\/fi\/wp-json\/wp\/v2\/media\/146251"}],"wp:attachment":[{"href":"https:\/\/stylingagenten.com\/fi\/wp-json\/wp\/v2\/media?parent=146272"}],"wp:term":[{"taxonomy":"product_brand","embeddable":true,"href":"https:\/\/stylingagenten.com\/fi\/wp-json\/wp\/v2\/product_brand?post=146272"},{"taxonomy":"product_cat","embeddable":true,"href":"https:\/\/stylingagenten.com\/fi\/wp-json\/wp\/v2\/product_cat?post=146272"},{"taxonomy":"product_tag","embeddable":true,"href":"https:\/\/stylingagenten.com\/fi\/wp-json\/wp\/v2\/product_tag?post=146272"},{"taxonomy":"berocket_brand","embeddable":true,"href":"https:\/\/stylingagenten.com\/fi\/wp-json\/wp\/v2\/berocket_brand?post=146272"}],"curies":[{"name":"wp","href":"https:\/\/api.w.org\/{rel}","templated":true}]}}