{"id":146257,"date":"2025-05-18T23:35:58","date_gmt":"2025-05-18T23:35:58","guid":{"rendered":"https:\/\/staging2.stylingagenten.com\/fi\/produkt\/banila-co-dear-hydration-bounce-eye-cream-20ml\/"},"modified":"2025-11-19T12:48:17","modified_gmt":"2025-11-19T12:48:17","slug":"banila-co-dear-hydration-bounce-eye-cream-20ml","status":"publish","type":"product","link":"https:\/\/stylingagenten.com\/fi\/tuote\/banila-co-dear-hydration-bounce-eye-cream-20ml\/","title":{"rendered":"Banila Co Dear Hydration Bounce Eye Cream 20ml"},"content":{"rendered":"<p>Banila Co Dear Hydration Bounce Eye Cream on silm\u00e4nymp\u00e4rysvoide, joka tarjoaa v\u00e4litt\u00f6m\u00e4n kosteuttavan vaikutuksen ja samalla pitk\u00e4kestoisia etuja, hidastaen ik\u00e4\u00e4ntymisen merkkej\u00e4 ja hienojen juonteiden muodostumista. Pink Cactus Water\u2122 ja Pink Hydra Biome\u2122 ty\u00f6skentelev\u00e4t yhdess\u00e4 kosteuttaen ja raviten herkk\u00e4\u00e4 silm\u00e4nymp\u00e4rysihoa.<\/p>\n<p>20ml<\/p>\n","protected":false},"excerpt":{"rendered":"<p>Banila Co Dear Hydration Bounce Eye Cream on silm\u00e4nymp\u00e4rysvoide, joka tarjoaa v\u00e4litt\u00f6m\u00e4n kosteuttavan vaikutuksen ja samalla pitk\u00e4kestoisia etuja, hidastaen ik\u00e4\u00e4ntymisen merkkej\u00e4 ja hienojen juonteiden muodostumista. Pink Cactus Water\u2122 ja Pink Hydra Biome\u2122 ty\u00f6skentelev\u00e4t yhdess\u00e4 kosteuttaen ja raviten herkk\u00e4\u00e4 silm\u00e4nymp\u00e4rysihoa. 20ml<\/p>\n","protected":false},"featured_media":146221,"comment_status":"open","ping_status":"closed","template":"","meta":{"_trash_the_other_posts":false},"product_brand":[],"product_cat":[623],"product_tag":[],"berocket_brand":[1394],"class_list":{"0":"post-146257","1":"product","2":"type-product","3":"status-publish","4":"has-post-thumbnail","6":"product_cat-silmavoide","7":"pa_brand-banila-co","8":"berocket_brand-banila-co","10":"first","11":"instock","12":"sale","13":"taxable","14":"shipping-taxable","15":"purchasable","16":"product-type-simple"},"_links":{"self":[{"href":"https:\/\/stylingagenten.com\/fi\/wp-json\/wp\/v2\/product\/146257","targetHints":{"allow":["GET"]}}],"collection":[{"href":"https:\/\/stylingagenten.com\/fi\/wp-json\/wp\/v2\/product"}],"about":[{"href":"https:\/\/stylingagenten.com\/fi\/wp-json\/wp\/v2\/types\/product"}],"replies":[{"embeddable":true,"href":"https:\/\/stylingagenten.com\/fi\/wp-json\/wp\/v2\/comments?post=146257"}],"version-history":[{"count":0,"href":"https:\/\/stylingagenten.com\/fi\/wp-json\/wp\/v2\/product\/146257\/revisions"}],"wp:featuredmedia":[{"embeddable":true,"href":"https:\/\/stylingagenten.com\/fi\/wp-json\/wp\/v2\/media\/146221"}],"wp:attachment":[{"href":"https:\/\/stylingagenten.com\/fi\/wp-json\/wp\/v2\/media?parent=146257"}],"wp:term":[{"taxonomy":"product_brand","embeddable":true,"href":"https:\/\/stylingagenten.com\/fi\/wp-json\/wp\/v2\/product_brand?post=146257"},{"taxonomy":"product_cat","embeddable":true,"href":"https:\/\/stylingagenten.com\/fi\/wp-json\/wp\/v2\/product_cat?post=146257"},{"taxonomy":"product_tag","embeddable":true,"href":"https:\/\/stylingagenten.com\/fi\/wp-json\/wp\/v2\/product_tag?post=146257"},{"taxonomy":"berocket_brand","embeddable":true,"href":"https:\/\/stylingagenten.com\/fi\/wp-json\/wp\/v2\/berocket_brand?post=146257"}],"curies":[{"name":"wp","href":"https:\/\/api.w.org\/{rel}","templated":true}]}}