{"id":146252,"date":"2025-05-18T23:35:57","date_gmt":"2025-05-18T23:35:57","guid":{"rendered":"https:\/\/staging2.stylingagenten.com\/fi\/produkt\/cosrx-advanced-snail-peptide-eye-cream-25ml\/"},"modified":"2026-04-12T19:48:41","modified_gmt":"2026-04-12T19:48:41","slug":"cosrx-advanced-snail-peptide-eye-cream-25ml","status":"publish","type":"product","link":"https:\/\/stylingagenten.com\/fi\/tuote\/cosrx-advanced-snail-peptide-eye-cream-25ml\/","title":{"rendered":"COSRX Advanced Snail Peptide Eye Cream 25ml"},"content":{"rendered":"<p>COSRX Advanced Snail Peptide Eye Cream 25 ml<br \/>T\u00e4m\u00e4 silm\u00e4nymp\u00e4rysvoide, jonka etanan eritys on 73,6 %, suojaa herkk\u00e4\u00e4 silm\u00e4nymp\u00e4rysihoa kosteuden h\u00e4vi\u00e4miselt\u00e4 ja parantaa samalla ihon kimmoisuutta. T\u00e4ll\u00e4 on kiinteytt\u00e4v\u00e4 vaikutus ja se toimii kiinte\u00e4mm\u00e4lle iholle silm\u00e4nymp\u00e4rysihossa samalla kun se lis\u00e4\u00e4 kiiltoa ja luonnollista hehkua.<\/p>\n<p>Toimii eritt\u00e4in kosteuttavana kevyest\u00e4 ja hienosta koostumuksesta huolimatta, joka tarjoaa pitk\u00e4kestoisen kosteutuksen ilman, ett\u00e4 iho tuntuu raskaalta tai tahmealta. .<br \/>. V\u00e4hent\u00e4\u00e4 tummia silm\u00e4nalusia<br \/>. Sill\u00e4 on valoisa ja kiinteytt\u00e4v\u00e4 vaikutus silm\u00e4nymp\u00e4rysihoon<br \/>. Toimii ehk\u00e4isem\u00e4\u00e4n ja v\u00e4hent\u00e4m\u00e4\u00e4n ihon ennenaikaisen ik\u00e4\u00e4ntymisen merkkej\u00e4.<br \/>T\u00e4m\u00e4 silm\u00e4nymp\u00e4rysvoide sopii kaikille ihotyypeille ja kaiken ik\u00e4isille<br \/>COSRX on 100 % julma, eik\u00e4 sit\u00e4 testata el\u00e4imill\u00e4. Etanan eritteen uuttaminen tapahtuu vahingoittamatta el\u00e4imi\u00e4.<\/p>\n","protected":false},"excerpt":{"rendered":"<p>COSRX Advanced Snail Peptide Eye Cream 25 mlT\u00e4m\u00e4 silm\u00e4nymp\u00e4rysvoide, jonka etanan eritys on 73,6 %, suojaa herkk\u00e4\u00e4 silm\u00e4nymp\u00e4rysihoa kosteuden h\u00e4vi\u00e4miselt\u00e4 ja parantaa samalla ihon kimmoisuutta. T\u00e4ll\u00e4 on kiinteytt\u00e4v\u00e4 vaikutus ja se toimii kiinte\u00e4mm\u00e4lle iholle silm\u00e4nymp\u00e4rysihossa samalla kun se lis\u00e4\u00e4 kiiltoa ja luonnollista hehkua. Toimii eritt\u00e4in kosteuttavana kevyest\u00e4 ja hienosta koostumuksesta huolimatta, joka tarjoaa pitk\u00e4kestoisen kosteutuksen [&hellip;]<\/p>\n","protected":false},"featured_media":146229,"comment_status":"open","ping_status":"closed","template":"","meta":{"_trash_the_other_posts":false},"product_brand":[],"product_cat":[1001,623],"product_tag":[],"berocket_brand":[1396],"class_list":{"0":"post-146252","1":"product","2":"type-product","3":"status-publish","4":"has-post-thumbnail","6":"product_cat-k-beauty","7":"product_cat-silmavoide","8":"pa_brand-cosrx","9":"berocket_brand-cosrx","11":"first","12":"instock","13":"sale","14":"taxable","15":"shipping-taxable","16":"purchasable","17":"product-type-simple"},"_links":{"self":[{"href":"https:\/\/stylingagenten.com\/fi\/wp-json\/wp\/v2\/product\/146252","targetHints":{"allow":["GET"]}}],"collection":[{"href":"https:\/\/stylingagenten.com\/fi\/wp-json\/wp\/v2\/product"}],"about":[{"href":"https:\/\/stylingagenten.com\/fi\/wp-json\/wp\/v2\/types\/product"}],"replies":[{"embeddable":true,"href":"https:\/\/stylingagenten.com\/fi\/wp-json\/wp\/v2\/comments?post=146252"}],"version-history":[{"count":0,"href":"https:\/\/stylingagenten.com\/fi\/wp-json\/wp\/v2\/product\/146252\/revisions"}],"wp:featuredmedia":[{"embeddable":true,"href":"https:\/\/stylingagenten.com\/fi\/wp-json\/wp\/v2\/media\/146229"}],"wp:attachment":[{"href":"https:\/\/stylingagenten.com\/fi\/wp-json\/wp\/v2\/media?parent=146252"}],"wp:term":[{"taxonomy":"product_brand","embeddable":true,"href":"https:\/\/stylingagenten.com\/fi\/wp-json\/wp\/v2\/product_brand?post=146252"},{"taxonomy":"product_cat","embeddable":true,"href":"https:\/\/stylingagenten.com\/fi\/wp-json\/wp\/v2\/product_cat?post=146252"},{"taxonomy":"product_tag","embeddable":true,"href":"https:\/\/stylingagenten.com\/fi\/wp-json\/wp\/v2\/product_tag?post=146252"},{"taxonomy":"berocket_brand","embeddable":true,"href":"https:\/\/stylingagenten.com\/fi\/wp-json\/wp\/v2\/berocket_brand?post=146252"}],"curies":[{"name":"wp","href":"https:\/\/api.w.org\/{rel}","templated":true}]}}