{"id":146247,"date":"2025-05-18T23:35:56","date_gmt":"2025-05-18T23:35:56","guid":{"rendered":"https:\/\/staging2.stylingagenten.com\/fi\/produkt\/purito-wonder-releaf-centella-eye-cream-30ml\/"},"modified":"2025-12-28T09:48:25","modified_gmt":"2025-12-28T09:48:25","slug":"purito-wonder-releaf-centella-eye-cream-30ml","status":"publish","type":"product","link":"https:\/\/stylingagenten.com\/fi\/tuote\/purito-wonder-releaf-centella-eye-cream-30ml\/","title":{"rendered":"Purito Wonder Releaf Centella Eye Cream 30ml"},"content":{"rendered":"<p>Purito Wonder Releaf Centella Eye Cream \u2013 t\u00e4ydellinen silm\u00e4nymp\u00e4rysvoide herk\u00e4n silm\u00e4nymp\u00e4rysihon ravitsemiseen ja kosteuttamiseen! T\u00e4m\u00e4 erityisen hell\u00e4varainen silm\u00e4nymp\u00e4rysvoide on koostettu 49% centella asiatica -uutteella, peptideill\u00e4, sheavoilla ja hyaluronihapolla, jotta se tarjoaisi voimakkaan ik\u00e4\u00e4ntymist\u00e4 est\u00e4v\u00e4n vaikutuksen.<\/p>\n<p>Koe, kuinka t\u00e4m\u00e4 silm\u00e4nymp\u00e4rysvoide tehokkaasti torjuu juonteiden ja ryppyjen syntymist\u00e4 samalla kun se suojaa ulkoisilta \u00e4rsykkeilt\u00e4. Ihosi tuntuu pehme\u00e4mm\u00e4lt\u00e4, sile\u00e4mm\u00e4lt\u00e4 ja nuorekkaammalta. Se on t\u00e4ydellinen p\u00e4ivitt\u00e4iseen k\u00e4ytt\u00f6\u00f6n ja antaa s\u00e4teilev\u00e4n lopputuloksen, johon voit luottaa.<\/p>\n<p>30ml<\/p>\n","protected":false},"excerpt":{"rendered":"<p>Purito Wonder Releaf Centella Eye Cream \u2013 t\u00e4ydellinen silm\u00e4nymp\u00e4rysvoide herk\u00e4n silm\u00e4nymp\u00e4rysihon ravitsemiseen ja kosteuttamiseen! T\u00e4m\u00e4 erityisen hell\u00e4varainen silm\u00e4nymp\u00e4rysvoide on koostettu 49% centella asiatica -uutteella, peptideill\u00e4, sheavoilla ja hyaluronihapolla, jotta se tarjoaisi voimakkaan ik\u00e4\u00e4ntymist\u00e4 est\u00e4v\u00e4n vaikutuksen. Koe, kuinka t\u00e4m\u00e4 silm\u00e4nymp\u00e4rysvoide tehokkaasti torjuu juonteiden ja ryppyjen syntymist\u00e4 samalla kun se suojaa ulkoisilta \u00e4rsykkeilt\u00e4. Ihosi tuntuu pehme\u00e4mm\u00e4lt\u00e4, sile\u00e4mm\u00e4lt\u00e4 [&hellip;]<\/p>\n","protected":false},"featured_media":146204,"comment_status":"open","ping_status":"closed","template":"","meta":{"_trash_the_other_posts":false},"product_brand":[],"product_cat":[1001,623],"product_tag":[],"berocket_brand":[1412],"class_list":{"0":"post-146247","1":"product","2":"type-product","3":"status-publish","4":"has-post-thumbnail","6":"product_cat-k-beauty","7":"product_cat-silmavoide","8":"pa_brand-purito","9":"berocket_brand-purito","11":"first","12":"instock","13":"sale","14":"taxable","15":"shipping-taxable","16":"purchasable","17":"product-type-simple"},"_links":{"self":[{"href":"https:\/\/stylingagenten.com\/fi\/wp-json\/wp\/v2\/product\/146247","targetHints":{"allow":["GET"]}}],"collection":[{"href":"https:\/\/stylingagenten.com\/fi\/wp-json\/wp\/v2\/product"}],"about":[{"href":"https:\/\/stylingagenten.com\/fi\/wp-json\/wp\/v2\/types\/product"}],"replies":[{"embeddable":true,"href":"https:\/\/stylingagenten.com\/fi\/wp-json\/wp\/v2\/comments?post=146247"}],"version-history":[{"count":0,"href":"https:\/\/stylingagenten.com\/fi\/wp-json\/wp\/v2\/product\/146247\/revisions"}],"wp:featuredmedia":[{"embeddable":true,"href":"https:\/\/stylingagenten.com\/fi\/wp-json\/wp\/v2\/media\/146204"}],"wp:attachment":[{"href":"https:\/\/stylingagenten.com\/fi\/wp-json\/wp\/v2\/media?parent=146247"}],"wp:term":[{"taxonomy":"product_brand","embeddable":true,"href":"https:\/\/stylingagenten.com\/fi\/wp-json\/wp\/v2\/product_brand?post=146247"},{"taxonomy":"product_cat","embeddable":true,"href":"https:\/\/stylingagenten.com\/fi\/wp-json\/wp\/v2\/product_cat?post=146247"},{"taxonomy":"product_tag","embeddable":true,"href":"https:\/\/stylingagenten.com\/fi\/wp-json\/wp\/v2\/product_tag?post=146247"},{"taxonomy":"berocket_brand","embeddable":true,"href":"https:\/\/stylingagenten.com\/fi\/wp-json\/wp\/v2\/berocket_brand?post=146247"}],"curies":[{"name":"wp","href":"https:\/\/api.w.org\/{rel}","templated":true}]}}