{"id":146242,"date":"2025-05-18T23:35:55","date_gmt":"2025-05-18T23:35:55","guid":{"rendered":"https:\/\/staging2.stylingagenten.com\/fi\/produkt\/elizabeth-arden-white-tea-skin-solution-brightening-eye-gel-15ml\/"},"modified":"2026-03-15T10:07:27","modified_gmt":"2026-03-15T10:07:27","slug":"elizabeth-arden-white-tea-skin-solution-brightening-eye-gel-15ml","status":"publish","type":"product","link":"https:\/\/stylingagenten.com\/fi\/tuote\/elizabeth-arden-white-tea-skin-solution-brightening-eye-gel-15ml\/","title":{"rendered":"Elizabeth Arden White Tea Skin Solution Brightening Eye Gel 15ml"},"content":{"rendered":"<p>Elizabeth Arden White Tea Skin Solution Brightening Eye Gel 15ml<br \/>White Tea Skin Solutions on Elizabeth Ardenin vegaaninen ihonhoitosarja, joka on luotu valkoisessa teess\u00e4 olevasta luonnon voimakkaasta antioksidanttisesta EGCG:st\u00e4, joka antaa iholle nuorekasta elinvoimaa ja vahvistaa ihon puolustuskyky\u00e4. Jokainen kaava on huolellisesti suunniteltu EGCG:ll\u00e4, biotekniikalla, joka vahvistaa ihon luonnollista kollageenia vain 6 tunnissa. Koe aistinvaraiset koostumukset ja puhtaat koostumukset kest\u00e4v\u00e4sti tuotettujen ainesosien ja pakkausten avulla. Hell\u00e4varainen ihonhoito, joka sopii kaikille &#8211; my\u00f6s herkk\u00e4ihoisille.<br \/>&#8211;<br \/>White Tea Skin Solutions Brightening Eye Gel on antioksidanttirikasta EGCG:t\u00e4* sis\u00e4lt\u00e4v\u00e4 silm\u00e4nymp\u00e4rysvoide, joka on ihanan kevyt silm\u00e4nymp\u00e4rysgeeli, joka elvytt\u00e4\u00e4 v\u00e4litt\u00f6m\u00e4sti v\u00e4syneet silm\u00e4t saadaksesi s\u00e4teilev\u00e4mm\u00e4n, virkist\u00e4v\u00e4mm\u00e4n ilmeen. T\u00e4m\u00e4 raikas geelivoide, joka sis\u00e4lt\u00e4\u00e4 yli 2 000** arvokasta mikrotippaa, sulautuu ihoon kosteuttamaan, kirkastamaan, rauhoittamaan ja tasoittamaan herkk\u00e4\u00e4 silm\u00e4nymp\u00e4rysihoa. Koostumus on hell\u00e4varainen, mutta tehokas, ja se on valmistettu huolellisesti meritammi-uutetta vastaan \u200b\u200best\u00e4m\u00e4\u00e4n tummia silm\u00e4nalusia ja v\u00e4hent\u00e4m\u00e4\u00e4n n\u00e4kyvi\u00e4 varisjalkoja sek\u00e4 itsep\u00e4isi\u00e4 ryppyj\u00e4.<\/p>\n","protected":false},"excerpt":{"rendered":"<p>Elizabeth Arden White Tea Skin Solution Brightening Eye Gel 15mlWhite Tea Skin Solutions on Elizabeth Ardenin vegaaninen ihonhoitosarja, joka on luotu valkoisessa teess\u00e4 olevasta luonnon voimakkaasta antioksidanttisesta EGCG:st\u00e4, joka antaa iholle nuorekasta elinvoimaa ja vahvistaa ihon puolustuskyky\u00e4. Jokainen kaava on huolellisesti suunniteltu EGCG:ll\u00e4, biotekniikalla, joka vahvistaa ihon luonnollista kollageenia vain 6 tunnissa. Koe aistinvaraiset koostumukset [&hellip;]<\/p>\n","protected":false},"featured_media":146232,"comment_status":"open","ping_status":"closed","template":"","meta":{"_trash_the_other_posts":false},"product_brand":[],"product_cat":[623],"product_tag":[],"berocket_brand":[1303],"class_list":{"0":"post-146242","1":"product","2":"type-product","3":"status-publish","4":"has-post-thumbnail","6":"product_cat-silmavoide","7":"pa_brand-elizabeth-arden","8":"berocket_brand-elizabeth-arden","10":"first","11":"instock","12":"sale","13":"taxable","14":"shipping-taxable","15":"purchasable","16":"product-type-simple"},"_links":{"self":[{"href":"https:\/\/stylingagenten.com\/fi\/wp-json\/wp\/v2\/product\/146242","targetHints":{"allow":["GET"]}}],"collection":[{"href":"https:\/\/stylingagenten.com\/fi\/wp-json\/wp\/v2\/product"}],"about":[{"href":"https:\/\/stylingagenten.com\/fi\/wp-json\/wp\/v2\/types\/product"}],"replies":[{"embeddable":true,"href":"https:\/\/stylingagenten.com\/fi\/wp-json\/wp\/v2\/comments?post=146242"}],"version-history":[{"count":0,"href":"https:\/\/stylingagenten.com\/fi\/wp-json\/wp\/v2\/product\/146242\/revisions"}],"wp:featuredmedia":[{"embeddable":true,"href":"https:\/\/stylingagenten.com\/fi\/wp-json\/wp\/v2\/media\/146232"}],"wp:attachment":[{"href":"https:\/\/stylingagenten.com\/fi\/wp-json\/wp\/v2\/media?parent=146242"}],"wp:term":[{"taxonomy":"product_brand","embeddable":true,"href":"https:\/\/stylingagenten.com\/fi\/wp-json\/wp\/v2\/product_brand?post=146242"},{"taxonomy":"product_cat","embeddable":true,"href":"https:\/\/stylingagenten.com\/fi\/wp-json\/wp\/v2\/product_cat?post=146242"},{"taxonomy":"product_tag","embeddable":true,"href":"https:\/\/stylingagenten.com\/fi\/wp-json\/wp\/v2\/product_tag?post=146242"},{"taxonomy":"berocket_brand","embeddable":true,"href":"https:\/\/stylingagenten.com\/fi\/wp-json\/wp\/v2\/berocket_brand?post=146242"}],"curies":[{"name":"wp","href":"https:\/\/api.w.org\/{rel}","templated":true}]}}