{"id":146235,"date":"2025-05-18T23:35:55","date_gmt":"2025-05-18T23:35:55","guid":{"rendered":"https:\/\/staging2.stylingagenten.com\/fi\/produkt\/nuxe-merveillance-lift-eye-cream-15ml\/"},"modified":"2025-11-19T12:44:50","modified_gmt":"2025-11-19T12:44:50","slug":"nuxe-merveillance-lift-eye-cream-15ml","status":"publish","type":"product","link":"https:\/\/stylingagenten.com\/fi\/tuote\/nuxe-merveillance-lift-eye-cream-15ml\/","title":{"rendered":"Nuxe Merveillance Lift Eye Cream 15ml"},"content":{"rendered":"<p>Nuxe Merveillance Lift Eye Cream on kiinteytt\u00e4v\u00e4 silm\u00e4nymp\u00e4rysvoide, joka on rikastettu eritt\u00e4in korjaavalla mikrolev\u00e4\u00f6ljyll\u00e4, vihre\u00e4ll\u00e4 aktiivisella aineosalla, joka keskittyy 4 miljardin luonnollisen solun voimaan yhdess\u00e4 pisarassa vahvistaakseen ihoasi joka p\u00e4iv\u00e4.<\/p>\n<p>Uskomaton tasoittava vaikutus h\u00e4ivytt\u00e4\u00e4 v\u00e4litt\u00f6m\u00e4sti rypyt ja v\u00e4symyksen merkit, tehden silmist\u00e4 nuorekkaamman n\u00e4k\u00f6iset jo ensimm\u00e4isest\u00e4 levityksest\u00e4 l\u00e4htien.<\/p>\n<p>Anti-age-vaikutus ja \u00e4\u00e4rimm\u00e4inen nautinto kevyell\u00e4 tuoksulla, joka on kehitetty erityisesti silm\u00e4nymp\u00e4rysalueelle.<\/p>\n<p>15ml<\/p>\n","protected":false},"excerpt":{"rendered":"<p>Nuxe Merveillance Lift Eye Cream on kiinteytt\u00e4v\u00e4 silm\u00e4nymp\u00e4rysvoide, joka on rikastettu eritt\u00e4in korjaavalla mikrolev\u00e4\u00f6ljyll\u00e4, vihre\u00e4ll\u00e4 aktiivisella aineosalla, joka keskittyy 4 miljardin luonnollisen solun voimaan yhdess\u00e4 pisarassa vahvistaakseen ihoasi joka p\u00e4iv\u00e4. Uskomaton tasoittava vaikutus h\u00e4ivytt\u00e4\u00e4 v\u00e4litt\u00f6m\u00e4sti rypyt ja v\u00e4symyksen merkit, tehden silmist\u00e4 nuorekkaamman n\u00e4k\u00f6iset jo ensimm\u00e4isest\u00e4 levityksest\u00e4 l\u00e4htien. Anti-age-vaikutus ja \u00e4\u00e4rimm\u00e4inen nautinto kevyell\u00e4 tuoksulla, joka on [&hellip;]<\/p>\n","protected":false},"featured_media":146214,"comment_status":"open","ping_status":"closed","template":"","meta":{"_trash_the_other_posts":false},"product_brand":[],"product_cat":[623],"product_tag":[],"berocket_brand":[1024],"class_list":{"0":"post-146235","1":"product","2":"type-product","3":"status-publish","4":"has-post-thumbnail","6":"product_cat-silmavoide","7":"pa_brand-nuxe","8":"berocket_brand-nuxe","10":"first","11":"instock","12":"sale","13":"taxable","14":"shipping-taxable","15":"purchasable","16":"product-type-simple"},"_links":{"self":[{"href":"https:\/\/stylingagenten.com\/fi\/wp-json\/wp\/v2\/product\/146235","targetHints":{"allow":["GET"]}}],"collection":[{"href":"https:\/\/stylingagenten.com\/fi\/wp-json\/wp\/v2\/product"}],"about":[{"href":"https:\/\/stylingagenten.com\/fi\/wp-json\/wp\/v2\/types\/product"}],"replies":[{"embeddable":true,"href":"https:\/\/stylingagenten.com\/fi\/wp-json\/wp\/v2\/comments?post=146235"}],"version-history":[{"count":0,"href":"https:\/\/stylingagenten.com\/fi\/wp-json\/wp\/v2\/product\/146235\/revisions"}],"wp:featuredmedia":[{"embeddable":true,"href":"https:\/\/stylingagenten.com\/fi\/wp-json\/wp\/v2\/media\/146214"}],"wp:attachment":[{"href":"https:\/\/stylingagenten.com\/fi\/wp-json\/wp\/v2\/media?parent=146235"}],"wp:term":[{"taxonomy":"product_brand","embeddable":true,"href":"https:\/\/stylingagenten.com\/fi\/wp-json\/wp\/v2\/product_brand?post=146235"},{"taxonomy":"product_cat","embeddable":true,"href":"https:\/\/stylingagenten.com\/fi\/wp-json\/wp\/v2\/product_cat?post=146235"},{"taxonomy":"product_tag","embeddable":true,"href":"https:\/\/stylingagenten.com\/fi\/wp-json\/wp\/v2\/product_tag?post=146235"},{"taxonomy":"berocket_brand","embeddable":true,"href":"https:\/\/stylingagenten.com\/fi\/wp-json\/wp\/v2\/berocket_brand?post=146235"}],"curies":[{"name":"wp","href":"https:\/\/api.w.org\/{rel}","templated":true}]}}