{"id":146218,"date":"2025-05-18T23:35:52","date_gmt":"2025-05-18T23:35:52","guid":{"rendered":"https:\/\/staging2.stylingagenten.com\/fi\/produkt\/nuxe-super-serum-the-universal-age-defying-eye-concentrate-15ml\/"},"modified":"2025-12-13T12:07:55","modified_gmt":"2025-12-13T12:07:55","slug":"nuxe-super-serum-the-universal-age-defying-eye-concentrate-15ml","status":"publish","type":"product","link":"https:\/\/stylingagenten.com\/fi\/tuote\/nuxe-super-serum-the-universal-age-defying-eye-concentrate-15ml\/","title":{"rendered":"Nuxe Super Serum The Universal Age-Defying Eye Concentrate 15ml"},"content":{"rendered":"<p>NUXE on mukauttanut Super Serum [10] -tuotteen ik\u00e4\u00e4ntymist\u00e4 est\u00e4v\u00e4n vaikutuksen silm\u00e4alueen erityistarpeisiin. Nuxe Super Serum The Universal Age-Defying Eye Concentrate -kaava, joka sis\u00e4lt\u00e4\u00e4 hyaluronihappoa ja kasviuutteista per\u00e4isin olevaa kofeiinia, on infusoitu tuhansilla mikrorakeilla fraktioitua kasvi\u00f6ljy\u00e4. Yleinen ik\u00e4\u00e4ntymist\u00e4 est\u00e4v\u00e4 seerumi, joka tarjoaa 360\u00b0 tehoa: ryppyj\u00e4, tummia silm\u00e4nalusia, turvotusta ja v\u00e4symyksen merkkej\u00e4.<\/p>\n<p>15ml<\/p>\n","protected":false},"excerpt":{"rendered":"<p>NUXE on mukauttanut Super Serum [10] -tuotteen ik\u00e4\u00e4ntymist\u00e4 est\u00e4v\u00e4n vaikutuksen silm\u00e4alueen erityistarpeisiin. Nuxe Super Serum The Universal Age-Defying Eye Concentrate -kaava, joka sis\u00e4lt\u00e4\u00e4 hyaluronihappoa ja kasviuutteista per\u00e4isin olevaa kofeiinia, on infusoitu tuhansilla mikrorakeilla fraktioitua kasvi\u00f6ljy\u00e4. Yleinen ik\u00e4\u00e4ntymist\u00e4 est\u00e4v\u00e4 seerumi, joka tarjoaa 360\u00b0 tehoa: ryppyj\u00e4, tummia silm\u00e4nalusia, turvotusta ja v\u00e4symyksen merkkej\u00e4. 15ml<\/p>\n","protected":false},"featured_media":146197,"comment_status":"open","ping_status":"closed","template":"","meta":{"_trash_the_other_posts":false},"product_brand":[],"product_cat":[623],"product_tag":[],"berocket_brand":[1024],"class_list":{"0":"post-146218","1":"product","2":"type-product","3":"status-publish","4":"has-post-thumbnail","6":"product_cat-silmavoide","7":"pa_brand-nuxe","8":"berocket_brand-nuxe","10":"first","11":"instock","12":"sale","13":"taxable","14":"shipping-taxable","15":"purchasable","16":"product-type-simple"},"_links":{"self":[{"href":"https:\/\/stylingagenten.com\/fi\/wp-json\/wp\/v2\/product\/146218","targetHints":{"allow":["GET"]}}],"collection":[{"href":"https:\/\/stylingagenten.com\/fi\/wp-json\/wp\/v2\/product"}],"about":[{"href":"https:\/\/stylingagenten.com\/fi\/wp-json\/wp\/v2\/types\/product"}],"replies":[{"embeddable":true,"href":"https:\/\/stylingagenten.com\/fi\/wp-json\/wp\/v2\/comments?post=146218"}],"version-history":[{"count":0,"href":"https:\/\/stylingagenten.com\/fi\/wp-json\/wp\/v2\/product\/146218\/revisions"}],"wp:featuredmedia":[{"embeddable":true,"href":"https:\/\/stylingagenten.com\/fi\/wp-json\/wp\/v2\/media\/146197"}],"wp:attachment":[{"href":"https:\/\/stylingagenten.com\/fi\/wp-json\/wp\/v2\/media?parent=146218"}],"wp:term":[{"taxonomy":"product_brand","embeddable":true,"href":"https:\/\/stylingagenten.com\/fi\/wp-json\/wp\/v2\/product_brand?post=146218"},{"taxonomy":"product_cat","embeddable":true,"href":"https:\/\/stylingagenten.com\/fi\/wp-json\/wp\/v2\/product_cat?post=146218"},{"taxonomy":"product_tag","embeddable":true,"href":"https:\/\/stylingagenten.com\/fi\/wp-json\/wp\/v2\/product_tag?post=146218"},{"taxonomy":"berocket_brand","embeddable":true,"href":"https:\/\/stylingagenten.com\/fi\/wp-json\/wp\/v2\/berocket_brand?post=146218"}],"curies":[{"name":"wp","href":"https:\/\/api.w.org\/{rel}","templated":true}]}}