{"id":146208,"date":"2025-05-18T23:35:51","date_gmt":"2025-05-18T23:35:51","guid":{"rendered":"https:\/\/staging2.stylingagenten.com\/fi\/produkt\/tocobo-collagen-brightening-eye-gel-cream-30ml\/"},"modified":"2026-02-12T13:08:29","modified_gmt":"2026-02-12T13:08:29","slug":"tocobo-collagen-brightening-eye-gel-cream-30ml","status":"publish","type":"product","link":"https:\/\/stylingagenten.com\/fi\/tuote\/tocobo-collagen-brightening-eye-gel-cream-30ml\/","title":{"rendered":"TOCOBO Collagen Brightening Eye Gel Cream 30ml"},"content":{"rendered":"<p>TOCOBO Collagen Brightening Eye Gel Cream on tehokas silm\u00e4nymp\u00e4rysvoide, jossa on anti-aging ominaisuuksia. T\u00e4m\u00e4 silm\u00e4nymp\u00e4rysvoide on geelim\u00e4isess\u00e4 koostumuksessa ja sopii erityisesti rasvaiselle ja sekaiholle, jotka suosivat geelim\u00e4ist\u00e4 koostumusta kermaisten silm\u00e4nymp\u00e4rysvoiteiden sijaan. Se toimii my\u00f6s hyvin niille, jotka eiv\u00e4t pid\u00e4 rasvaisesta tunteesta silmien alla.<\/p>\n<p>Collagen Brightening Eye Gel Cream on juonteiden ehk\u00e4isyyn tarkoitettu silm\u00e4nymp\u00e4rysvoide. Voide sis\u00e4lt\u00e4\u00e4 Retinolia ja Kollageenia, jotka tunnetaan nuorentavista ominaisuuksistaan. Kollageeni antaa iholle runsaasti kosteutta ja pit\u00e4\u00e4 sen kosteutettuna. Lis\u00e4ksi Retinoli on hyvin dokumentoitu ainesosa, joka v\u00e4hent\u00e4\u00e4 hienoja juonteita ja ryppyj\u00e4 sek\u00e4 auttaa my\u00f6s v\u00e4hent\u00e4m\u00e4\u00e4n tummia silm\u00e4nalusia. Geelim\u00e4isen koostumuksen ansiosta tuote imeytyy nopeasti eik\u00e4 ole liian raskas herk\u00e4lle ja ohuelle silm\u00e4nymp\u00e4rysiholle.<\/p>\n<p>30ml<\/p>\n","protected":false},"excerpt":{"rendered":"<p>TOCOBO Collagen Brightening Eye Gel Cream on tehokas silm\u00e4nymp\u00e4rysvoide, jossa on anti-aging ominaisuuksia. T\u00e4m\u00e4 silm\u00e4nymp\u00e4rysvoide on geelim\u00e4isess\u00e4 koostumuksessa ja sopii erityisesti rasvaiselle ja sekaiholle, jotka suosivat geelim\u00e4ist\u00e4 koostumusta kermaisten silm\u00e4nymp\u00e4rysvoiteiden sijaan. Se toimii my\u00f6s hyvin niille, jotka eiv\u00e4t pid\u00e4 rasvaisesta tunteesta silmien alla. Collagen Brightening Eye Gel Cream on juonteiden ehk\u00e4isyyn tarkoitettu silm\u00e4nymp\u00e4rysvoide. Voide sis\u00e4lt\u00e4\u00e4 [&hellip;]<\/p>\n","protected":false},"featured_media":146177,"comment_status":"open","ping_status":"closed","template":"","meta":{"_trash_the_other_posts":false},"product_brand":[],"product_cat":[623],"product_tag":[],"berocket_brand":[1423],"class_list":{"0":"post-146208","1":"product","2":"type-product","3":"status-publish","4":"has-post-thumbnail","6":"product_cat-silmavoide","7":"pa_brand-tocobo","8":"berocket_brand-tocobo","10":"first","11":"instock","12":"sale","13":"taxable","14":"shipping-taxable","15":"purchasable","16":"product-type-simple"},"_links":{"self":[{"href":"https:\/\/stylingagenten.com\/fi\/wp-json\/wp\/v2\/product\/146208","targetHints":{"allow":["GET"]}}],"collection":[{"href":"https:\/\/stylingagenten.com\/fi\/wp-json\/wp\/v2\/product"}],"about":[{"href":"https:\/\/stylingagenten.com\/fi\/wp-json\/wp\/v2\/types\/product"}],"replies":[{"embeddable":true,"href":"https:\/\/stylingagenten.com\/fi\/wp-json\/wp\/v2\/comments?post=146208"}],"version-history":[{"count":0,"href":"https:\/\/stylingagenten.com\/fi\/wp-json\/wp\/v2\/product\/146208\/revisions"}],"wp:featuredmedia":[{"embeddable":true,"href":"https:\/\/stylingagenten.com\/fi\/wp-json\/wp\/v2\/media\/146177"}],"wp:attachment":[{"href":"https:\/\/stylingagenten.com\/fi\/wp-json\/wp\/v2\/media?parent=146208"}],"wp:term":[{"taxonomy":"product_brand","embeddable":true,"href":"https:\/\/stylingagenten.com\/fi\/wp-json\/wp\/v2\/product_brand?post=146208"},{"taxonomy":"product_cat","embeddable":true,"href":"https:\/\/stylingagenten.com\/fi\/wp-json\/wp\/v2\/product_cat?post=146208"},{"taxonomy":"product_tag","embeddable":true,"href":"https:\/\/stylingagenten.com\/fi\/wp-json\/wp\/v2\/product_tag?post=146208"},{"taxonomy":"berocket_brand","embeddable":true,"href":"https:\/\/stylingagenten.com\/fi\/wp-json\/wp\/v2\/berocket_brand?post=146208"}],"curies":[{"name":"wp","href":"https:\/\/api.w.org\/{rel}","templated":true}]}}