{"id":146178,"date":"2025-05-18T23:35:46","date_gmt":"2025-05-18T23:35:46","guid":{"rendered":"https:\/\/staging2.stylingagenten.com\/fi\/produkt\/bella-stone-lash-advanced-eyelash-enhancing-serum-3ml\/"},"modified":"2025-12-24T21:56:39","modified_gmt":"2025-12-24T21:56:39","slug":"bella-stone-lash-advanced-eyelash-enhancing-serum-3ml","status":"publish","type":"product","link":"https:\/\/stylingagenten.com\/fi\/tuote\/bella-stone-lash-advanced-eyelash-enhancing-serum-3ml\/","title":{"rendered":"Bella Stone Lash Advanced Eyelash Enhancing Serum &#8211; 3ml"},"content":{"rendered":"<p>Bella Stone Lash Advanced Eyelash Enhancing Serum on vegaaninen seerumi ripsille ja kulmakarvoille.<\/p>\n<p>3 ml:n pakkaus riitt\u00e4\u00e4 2-3 k\u00e4ytt\u00f6kertaan.<\/p>\n<p>T\u00e4m\u00e4 seerumi sis\u00e4lt\u00e4\u00e4 myristoyylipentapeptidi\u00e4- 17 (keratiinia vahvistava peptidi) sek\u00e4 vitamiineja ja kivenn\u00e4isaineita, se on \u00f6ljyt\u00f6n ja sit\u00e4 voidaan k\u00e4ytt\u00e4\u00e4; Ripsien pidennykset. Bella Stone Lash pident\u00e4\u00e4 ja vahvistaa omia luonnollisia ripsi\u00e4si ja parantaa luonnollisten kulmakarvojen t\u00e4ytel\u00e4isyytt\u00e4. Se on 100 % luonnollinen ja t\u00e4ysin hormoniton.&nbsp;<\/p>\n<p>Kliiniset tutkimukset ovat osoittaneet huomattavan muutoksen jo 14 p\u00e4iv\u00e4n k\u00e4yt\u00f6n j\u00e4lkeen. 2-4 viikon kuluttua huomaat vahvemmat, terveemm\u00e4t ja l\u00e4mmitt\u00e4v\u00e4t ripset ja kulmakarvat. 4-8 viikon kuluttua n\u00e4et enemm\u00e4n ripsi\u00e4, joiden pituus ja volyymi on kasvanut.<\/p>\n<p>Uusi luonnollinen sin\u00e4!<\/p>\n","protected":false},"excerpt":{"rendered":"<p>Bella Stone Lash Advanced Eyelash Enhancing Serum on vegaaninen seerumi ripsille ja kulmakarvoille. 3 ml:n pakkaus riitt\u00e4\u00e4 2-3 k\u00e4ytt\u00f6kertaan. T\u00e4m\u00e4 seerumi sis\u00e4lt\u00e4\u00e4 myristoyylipentapeptidi\u00e4- 17 (keratiinia vahvistava peptidi) sek\u00e4 vitamiineja ja kivenn\u00e4isaineita, se on \u00f6ljyt\u00f6n ja sit\u00e4 voidaan k\u00e4ytt\u00e4\u00e4; Ripsien pidennykset. Bella Stone Lash pident\u00e4\u00e4 ja vahvistaa omia luonnollisia ripsi\u00e4si ja parantaa luonnollisten kulmakarvojen t\u00e4ytel\u00e4isyytt\u00e4. Se [&hellip;]<\/p>\n","protected":false},"featured_media":146169,"comment_status":"open","ping_status":"closed","template":"","meta":{"_trash_the_other_posts":false},"product_brand":[],"product_cat":[1005,600],"product_tag":[],"berocket_brand":[1229],"class_list":{"0":"post-146178","1":"product","2":"type-product","3":"status-publish","4":"has-post-thumbnail","6":"product_cat-outlet","7":"product_cat-ripsiseerumi","8":"pa_brand-bella-stone-lash","9":"berocket_brand-bella-stone-lash","11":"first","12":"instock","13":"sale","14":"taxable","15":"shipping-taxable","16":"purchasable","17":"product-type-simple"},"_links":{"self":[{"href":"https:\/\/stylingagenten.com\/fi\/wp-json\/wp\/v2\/product\/146178","targetHints":{"allow":["GET"]}}],"collection":[{"href":"https:\/\/stylingagenten.com\/fi\/wp-json\/wp\/v2\/product"}],"about":[{"href":"https:\/\/stylingagenten.com\/fi\/wp-json\/wp\/v2\/types\/product"}],"replies":[{"embeddable":true,"href":"https:\/\/stylingagenten.com\/fi\/wp-json\/wp\/v2\/comments?post=146178"}],"version-history":[{"count":0,"href":"https:\/\/stylingagenten.com\/fi\/wp-json\/wp\/v2\/product\/146178\/revisions"}],"wp:featuredmedia":[{"embeddable":true,"href":"https:\/\/stylingagenten.com\/fi\/wp-json\/wp\/v2\/media\/146169"}],"wp:attachment":[{"href":"https:\/\/stylingagenten.com\/fi\/wp-json\/wp\/v2\/media?parent=146178"}],"wp:term":[{"taxonomy":"product_brand","embeddable":true,"href":"https:\/\/stylingagenten.com\/fi\/wp-json\/wp\/v2\/product_brand?post=146178"},{"taxonomy":"product_cat","embeddable":true,"href":"https:\/\/stylingagenten.com\/fi\/wp-json\/wp\/v2\/product_cat?post=146178"},{"taxonomy":"product_tag","embeddable":true,"href":"https:\/\/stylingagenten.com\/fi\/wp-json\/wp\/v2\/product_tag?post=146178"},{"taxonomy":"berocket_brand","embeddable":true,"href":"https:\/\/stylingagenten.com\/fi\/wp-json\/wp\/v2\/berocket_brand?post=146178"}],"curies":[{"name":"wp","href":"https:\/\/api.w.org\/{rel}","templated":true}]}}