{"id":146168,"date":"2025-05-18T23:35:44","date_gmt":"2025-05-18T23:35:44","guid":{"rendered":"https:\/\/staging2.stylingagenten.com\/fi\/produkt\/kokie-brow-sculpt-brow-powder-medium-brown\/"},"modified":"2026-04-06T09:38:29","modified_gmt":"2026-04-06T09:38:29","slug":"kokie-brow-sculpt-brow-powder-medium-brown","status":"publish","type":"product","link":"https:\/\/stylingagenten.com\/fi\/tuote\/kokie-brow-sculpt-brow-powder-medium-brown\/","title":{"rendered":"Kokie Brow Sculpt Brow Powder &#8211; Medium Brown"},"content":{"rendered":"<p>Kokie Brow Sculpt Brow Powder on puuterikoostumus ja applikaattori, joka on erityisesti suunniteltu t\u00e4ytt\u00e4m\u00e4\u00e4n kulmasi. Mikrohieno irtopuuteri antaa v\u00e4litt\u00f6m\u00e4n pigmentin, joka t\u00e4ytt\u00e4\u00e4 harvat alueet. Pehme\u00e4 huopa-applikaattori on helppo k\u00e4sitell\u00e4 ja ett\u00e4 voit luoda pehme\u00e4t, luonnollisesti t\u00e4ytetyt kulmakarvat tai rakentaa p&aring; dramaattisempi ilme.<\/p>\n<p>K\u00e4ytt\u00f6: Ravista ennen k\u00e4ytt\u00f6\u00e4. Pudota applikaattori tuodaksesi; poista ylim\u00e4\u00e4r\u00e4inen jauhe. Hakea Kulmakarvat lyhyill\u00e4 pyyhk\u00e4isyill\u00e4, seuraa linjojen luonnollista suuntaa.<\/p>\n","protected":false},"excerpt":{"rendered":"<p>Kokie Brow Sculpt Brow Powder on puuterikoostumus ja applikaattori, joka on erityisesti suunniteltu t\u00e4ytt\u00e4m\u00e4\u00e4n kulmasi. Mikrohieno irtopuuteri antaa v\u00e4litt\u00f6m\u00e4n pigmentin, joka t\u00e4ytt\u00e4\u00e4 harvat alueet. Pehme\u00e4 huopa-applikaattori on helppo k\u00e4sitell\u00e4 ja ett\u00e4 voit luoda pehme\u00e4t, luonnollisesti t\u00e4ytetyt kulmakarvat tai rakentaa p&aring; dramaattisempi ilme. K\u00e4ytt\u00f6: Ravista ennen k\u00e4ytt\u00f6\u00e4. Pudota applikaattori tuodaksesi; poista ylim\u00e4\u00e4r\u00e4inen jauhe. Hakea Kulmakarvat lyhyill\u00e4 [&hellip;]<\/p>\n","protected":false},"featured_media":146165,"comment_status":"open","ping_status":"closed","template":"","meta":{"_trash_the_other_posts":false},"product_brand":[],"product_cat":[663],"product_tag":[3136],"berocket_brand":[1198],"class_list":{"0":"post-146168","1":"product","2":"type-product","3":"status-publish","4":"has-post-thumbnail","6":"product_cat-kulmakarvojen-puuteri","7":"product_tag-kokie-brow-sculpt-brow-powder","8":"pa_brand-kokie-cosmetics","9":"pa_variantti-medium-brown","10":"berocket_brand-kokie-cosmetics","12":"first","13":"instock","14":"sale","15":"taxable","16":"shipping-taxable","17":"purchasable","18":"product-type-simple"},"_links":{"self":[{"href":"https:\/\/stylingagenten.com\/fi\/wp-json\/wp\/v2\/product\/146168","targetHints":{"allow":["GET"]}}],"collection":[{"href":"https:\/\/stylingagenten.com\/fi\/wp-json\/wp\/v2\/product"}],"about":[{"href":"https:\/\/stylingagenten.com\/fi\/wp-json\/wp\/v2\/types\/product"}],"replies":[{"embeddable":true,"href":"https:\/\/stylingagenten.com\/fi\/wp-json\/wp\/v2\/comments?post=146168"}],"version-history":[{"count":0,"href":"https:\/\/stylingagenten.com\/fi\/wp-json\/wp\/v2\/product\/146168\/revisions"}],"wp:featuredmedia":[{"embeddable":true,"href":"https:\/\/stylingagenten.com\/fi\/wp-json\/wp\/v2\/media\/146165"}],"wp:attachment":[{"href":"https:\/\/stylingagenten.com\/fi\/wp-json\/wp\/v2\/media?parent=146168"}],"wp:term":[{"taxonomy":"product_brand","embeddable":true,"href":"https:\/\/stylingagenten.com\/fi\/wp-json\/wp\/v2\/product_brand?post=146168"},{"taxonomy":"product_cat","embeddable":true,"href":"https:\/\/stylingagenten.com\/fi\/wp-json\/wp\/v2\/product_cat?post=146168"},{"taxonomy":"product_tag","embeddable":true,"href":"https:\/\/stylingagenten.com\/fi\/wp-json\/wp\/v2\/product_tag?post=146168"},{"taxonomy":"berocket_brand","embeddable":true,"href":"https:\/\/stylingagenten.com\/fi\/wp-json\/wp\/v2\/berocket_brand?post=146168"}],"curies":[{"name":"wp","href":"https:\/\/api.w.org\/{rel}","templated":true}]}}