{"id":146133,"date":"2025-05-18T23:35:37","date_gmt":"2025-05-18T23:35:37","guid":{"rendered":"https:\/\/staging2.stylingagenten.com\/fi\/produkt\/wet-n-wild-ultimate-brow-kit-soft-brown\/"},"modified":"2026-02-02T05:36:27","modified_gmt":"2026-02-02T05:36:27","slug":"wet-n-wild-ultimate-brow-kit-soft-brown","status":"publish","type":"product","link":"https:\/\/stylingagenten.com\/fi\/tuote\/wet-n-wild-ultimate-brow-kit-soft-brown\/","title":{"rendered":"Wet n Wild Ultimate Brow Kit &#8211; Soft Brown"},"content":{"rendered":"<p>Wet n Wild Ultimate Brow Kit on viisiosainen kulmakarvasarja, joka sis\u00e4lt\u00e4\u00e4 kaiken mit\u00e4 tarvitset t\u00e4ydellisesti muotoiltujen kulmakarvojen luomiseen. Kulmasarja sis\u00e4lt\u00e4\u00e4: Pinsetit, kulmaharja, 2 kulmakarvapuuteria, 1 vaha<\/p>\n<p>T\u00e4ydellinen nopeaan korjaukseen<br \/>Sis\u00e4lt\u00e4\u00e4 sis\u00e4\u00e4nrakennetun peilin<br \/>Pieni kulmasalongi k\u00e4yt\u00e4nn\u00f6llisess\u00e4 paketissa<\/p><\/p>\n","protected":false},"excerpt":{"rendered":"<p>Wet n Wild Ultimate Brow Kit on viisiosainen kulmakarvasarja, joka sis\u00e4lt\u00e4\u00e4 kaiken mit\u00e4 tarvitset t\u00e4ydellisesti muotoiltujen kulmakarvojen luomiseen. Kulmasarja sis\u00e4lt\u00e4\u00e4: Pinsetit, kulmaharja, 2 kulmakarvapuuteria, 1 vaha T\u00e4ydellinen nopeaan korjaukseenSis\u00e4lt\u00e4\u00e4 sis\u00e4\u00e4nrakennetun peilinPieni kulmasalongi k\u00e4yt\u00e4nn\u00f6llisess\u00e4 paketissa<\/p>\n","protected":false},"featured_media":146122,"comment_status":"open","ping_status":"closed","template":"","meta":{"_trash_the_other_posts":false},"product_brand":[],"product_cat":[663],"product_tag":[],"berocket_brand":[1035],"class_list":{"0":"post-146133","1":"product","2":"type-product","3":"status-publish","4":"has-post-thumbnail","6":"product_cat-kulmakarvojen-puuteri","7":"pa_brand-wet-n-wild","8":"berocket_brand-wet-n-wild","10":"first","11":"instock","12":"sale","13":"taxable","14":"shipping-taxable","15":"purchasable","16":"product-type-simple"},"_links":{"self":[{"href":"https:\/\/stylingagenten.com\/fi\/wp-json\/wp\/v2\/product\/146133","targetHints":{"allow":["GET"]}}],"collection":[{"href":"https:\/\/stylingagenten.com\/fi\/wp-json\/wp\/v2\/product"}],"about":[{"href":"https:\/\/stylingagenten.com\/fi\/wp-json\/wp\/v2\/types\/product"}],"replies":[{"embeddable":true,"href":"https:\/\/stylingagenten.com\/fi\/wp-json\/wp\/v2\/comments?post=146133"}],"version-history":[{"count":0,"href":"https:\/\/stylingagenten.com\/fi\/wp-json\/wp\/v2\/product\/146133\/revisions"}],"wp:featuredmedia":[{"embeddable":true,"href":"https:\/\/stylingagenten.com\/fi\/wp-json\/wp\/v2\/media\/146122"}],"wp:attachment":[{"href":"https:\/\/stylingagenten.com\/fi\/wp-json\/wp\/v2\/media?parent=146133"}],"wp:term":[{"taxonomy":"product_brand","embeddable":true,"href":"https:\/\/stylingagenten.com\/fi\/wp-json\/wp\/v2\/product_brand?post=146133"},{"taxonomy":"product_cat","embeddable":true,"href":"https:\/\/stylingagenten.com\/fi\/wp-json\/wp\/v2\/product_cat?post=146133"},{"taxonomy":"product_tag","embeddable":true,"href":"https:\/\/stylingagenten.com\/fi\/wp-json\/wp\/v2\/product_tag?post=146133"},{"taxonomy":"berocket_brand","embeddable":true,"href":"https:\/\/stylingagenten.com\/fi\/wp-json\/wp\/v2\/berocket_brand?post=146133"}],"curies":[{"name":"wp","href":"https:\/\/api.w.org\/{rel}","templated":true}]}}