{"id":146036,"date":"2025-05-18T23:35:20","date_gmt":"2025-05-18T23:35:20","guid":{"rendered":"https:\/\/staging2.stylingagenten.com\/fi\/produkt\/makeup-revolution-soap-styler-2\/"},"modified":"2025-12-26T14:46:40","modified_gmt":"2025-12-26T14:46:40","slug":"makeup-revolution-soap-styler-2","status":"publish","type":"product","link":"https:\/\/stylingagenten.com\/fi\/tuote\/makeup-revolution-soap-styler-2\/","title":{"rendered":"Makeup Revolution Soap Styler"},"content":{"rendered":"<p>Makeup Revolution Soap Styler <br \/>Lopeta etsiminen kylpyhuoneen kaapistasi ja luo kuuluisa &#8221;kulmakarvojen saippuatemppu&#8221;. T\u00e4m\u00e4 kulmakarvojen turvallinen saippua on uusi ratkaisusi, joka on saanut inspiraationsa Hollywoodin tempusta k\u00e4ytt\u00e4\u00e4 saippuaa pit\u00e4m\u00e4\u00e4n kulmakarvat paikoillaan. T\u00e4m\u00e4 innovatiivinen tuote auttaa pit\u00e4m\u00e4\u00e4n kulmakarvat siistin\u00e4 ja p\u00f6rr\u00f6isin\u00e4 ja tarttuu jokaiseen hiukseen asettaakseen kulmakarvat paikoilleen. T\u00e4m\u00e4 kompakti sarja on t\u00e4ydellinen kulmaharjan ja peilin kanssa.<\/p>\n","protected":false},"excerpt":{"rendered":"<p>Makeup Revolution Soap Styler Lopeta etsiminen kylpyhuoneen kaapistasi ja luo kuuluisa &#8221;kulmakarvojen saippuatemppu&#8221;. T\u00e4m\u00e4 kulmakarvojen turvallinen saippua on uusi ratkaisusi, joka on saanut inspiraationsa Hollywoodin tempusta k\u00e4ytt\u00e4\u00e4 saippuaa pit\u00e4m\u00e4\u00e4n kulmakarvat paikoillaan. T\u00e4m\u00e4 innovatiivinen tuote auttaa pit\u00e4m\u00e4\u00e4n kulmakarvat siistin\u00e4 ja p\u00f6rr\u00f6isin\u00e4 ja tarttuu jokaiseen hiukseen asettaakseen kulmakarvat paikoilleen. T\u00e4m\u00e4 kompakti sarja on t\u00e4ydellinen kulmaharjan ja peilin [&hellip;]<\/p>\n","protected":false},"featured_media":146034,"comment_status":"open","ping_status":"closed","template":"","meta":{"_trash_the_other_posts":false},"product_brand":[],"product_cat":[627,1005],"product_tag":[],"berocket_brand":[1050],"class_list":{"0":"post-146036","1":"product","2":"type-product","3":"status-publish","4":"has-post-thumbnail","6":"product_cat-kulmakarvojen-geeli","7":"product_cat-outlet","8":"pa_brand-makeup-revolution","9":"berocket_brand-makeup-revolution","11":"first","12":"instock","13":"sale","14":"taxable","15":"shipping-taxable","16":"purchasable","17":"product-type-simple"},"_links":{"self":[{"href":"https:\/\/stylingagenten.com\/fi\/wp-json\/wp\/v2\/product\/146036","targetHints":{"allow":["GET"]}}],"collection":[{"href":"https:\/\/stylingagenten.com\/fi\/wp-json\/wp\/v2\/product"}],"about":[{"href":"https:\/\/stylingagenten.com\/fi\/wp-json\/wp\/v2\/types\/product"}],"replies":[{"embeddable":true,"href":"https:\/\/stylingagenten.com\/fi\/wp-json\/wp\/v2\/comments?post=146036"}],"version-history":[{"count":0,"href":"https:\/\/stylingagenten.com\/fi\/wp-json\/wp\/v2\/product\/146036\/revisions"}],"wp:featuredmedia":[{"embeddable":true,"href":"https:\/\/stylingagenten.com\/fi\/wp-json\/wp\/v2\/media\/146034"}],"wp:attachment":[{"href":"https:\/\/stylingagenten.com\/fi\/wp-json\/wp\/v2\/media?parent=146036"}],"wp:term":[{"taxonomy":"product_brand","embeddable":true,"href":"https:\/\/stylingagenten.com\/fi\/wp-json\/wp\/v2\/product_brand?post=146036"},{"taxonomy":"product_cat","embeddable":true,"href":"https:\/\/stylingagenten.com\/fi\/wp-json\/wp\/v2\/product_cat?post=146036"},{"taxonomy":"product_tag","embeddable":true,"href":"https:\/\/stylingagenten.com\/fi\/wp-json\/wp\/v2\/product_tag?post=146036"},{"taxonomy":"berocket_brand","embeddable":true,"href":"https:\/\/stylingagenten.com\/fi\/wp-json\/wp\/v2\/berocket_brand?post=146036"}],"curies":[{"name":"wp","href":"https:\/\/api.w.org\/{rel}","templated":true}]}}