{"id":146010,"date":"2025-05-18T23:35:16","date_gmt":"2025-05-18T23:35:16","guid":{"rendered":"https:\/\/staging2.stylingagenten.com\/fi\/produkt\/wet-n-wild-ultimate-brow-retractable-pencil-taupe\/"},"modified":"2026-01-07T19:06:44","modified_gmt":"2026-01-07T19:06:44","slug":"wet-n-wild-ultimate-brow-retractable-pencil-taupe","status":"publish","type":"product","link":"https:\/\/stylingagenten.com\/fi\/tuote\/wet-n-wild-ultimate-brow-retractable-pencil-taupe\/","title":{"rendered":"Wet n Wild Ultimate Brow Retractable Pencil Taupe"},"content":{"rendered":"<p>T\u00e4yt\u00e4 ja m\u00e4\u00e4rit\u00e4 &ouml;kulmasi kuin ammattilainen!<br \/>Kolmion muotoinen kyn\u00e4 luo sm&aring; ohuet viivat j\u00e4ljittelev\u00e4t todellisia viivoja ja t\u00e4ytt\u00e4v\u00e4t kulmakarvojen reunat korostaaksesi sen muotoa.<br \/>Sis\u00e4\u00e4nrakennettu sivellin kulmakarvojen muotoilemiseen.<\/p><\/p>\n","protected":false},"excerpt":{"rendered":"<p>T\u00e4yt\u00e4 ja m\u00e4\u00e4rit\u00e4 &ouml;kulmasi kuin ammattilainen!Kolmion muotoinen kyn\u00e4 luo sm&aring; ohuet viivat j\u00e4ljittelev\u00e4t todellisia viivoja ja t\u00e4ytt\u00e4v\u00e4t kulmakarvojen reunat korostaaksesi sen muotoa.Sis\u00e4\u00e4nrakennettu sivellin kulmakarvojen muotoilemiseen.<\/p>\n","protected":false},"featured_media":146009,"comment_status":"open","ping_status":"closed","template":"","meta":{"_trash_the_other_posts":false},"product_brand":[],"product_cat":[625],"product_tag":[4116],"berocket_brand":[1035],"class_list":{"0":"post-146010","1":"product","2":"type-product","3":"status-publish","4":"has-post-thumbnail","6":"product_cat-kulmakyna","7":"product_tag-wet-n-wild-ultimate-brow-retractable-pencil","8":"pa_brand-wet-n-wild","9":"pa_variantti-taupe","10":"berocket_brand-wet-n-wild","12":"first","13":"instock","14":"sale","15":"taxable","16":"shipping-taxable","17":"purchasable","18":"product-type-simple"},"_links":{"self":[{"href":"https:\/\/stylingagenten.com\/fi\/wp-json\/wp\/v2\/product\/146010","targetHints":{"allow":["GET"]}}],"collection":[{"href":"https:\/\/stylingagenten.com\/fi\/wp-json\/wp\/v2\/product"}],"about":[{"href":"https:\/\/stylingagenten.com\/fi\/wp-json\/wp\/v2\/types\/product"}],"replies":[{"embeddable":true,"href":"https:\/\/stylingagenten.com\/fi\/wp-json\/wp\/v2\/comments?post=146010"}],"version-history":[{"count":0,"href":"https:\/\/stylingagenten.com\/fi\/wp-json\/wp\/v2\/product\/146010\/revisions"}],"wp:featuredmedia":[{"embeddable":true,"href":"https:\/\/stylingagenten.com\/fi\/wp-json\/wp\/v2\/media\/146009"}],"wp:attachment":[{"href":"https:\/\/stylingagenten.com\/fi\/wp-json\/wp\/v2\/media?parent=146010"}],"wp:term":[{"taxonomy":"product_brand","embeddable":true,"href":"https:\/\/stylingagenten.com\/fi\/wp-json\/wp\/v2\/product_brand?post=146010"},{"taxonomy":"product_cat","embeddable":true,"href":"https:\/\/stylingagenten.com\/fi\/wp-json\/wp\/v2\/product_cat?post=146010"},{"taxonomy":"product_tag","embeddable":true,"href":"https:\/\/stylingagenten.com\/fi\/wp-json\/wp\/v2\/product_tag?post=146010"},{"taxonomy":"berocket_brand","embeddable":true,"href":"https:\/\/stylingagenten.com\/fi\/wp-json\/wp\/v2\/berocket_brand?post=146010"}],"curies":[{"name":"wp","href":"https:\/\/api.w.org\/{rel}","templated":true}]}}