{"id":145996,"date":"2025-05-18T23:35:13","date_gmt":"2025-05-18T23:35:13","guid":{"rendered":"https:\/\/staging2.stylingagenten.com\/fi\/produkt\/maybelline-brow-satin-duo-pencil-dark-brown\/"},"modified":"2026-04-08T14:48:40","modified_gmt":"2026-04-08T14:48:40","slug":"maybelline-brow-satin-duo-pencil-dark-brown","status":"publish","type":"product","link":"https:\/\/stylingagenten.com\/fi\/tuote\/maybelline-brow-satin-duo-pencil-dark-brown\/","title":{"rendered":"Maybelline Brow Satin Duo Pencil Dark Brown"},"content":{"rendered":"<p>Duo-kulmakyn\u00e4 Brow Satin yhdist\u00e4\u00e4 kulmakarvojen kyn\u00e4n ja puuterin yhdeksi tuotteeksi.<br \/>Kyn\u00e4ll\u00e4 t\u00e4yt\u00e4t kulmakarvojen \u00e4\u00e4riviivan mukaan, kun taas mattapuuteri t\u00e4ytt\u00e4\u00e4 viivojen v\u00e4liset raot.<br \/> Tuloksena on t\u00e4ytel\u00e4iset kulmakarvat, joissa on luonnollinen viimeistely.<\/p>\n<p>Saatavana v\u00e4reiss\u00e4:<br \/>Vaaleanblondi<br \/>Tummanvaalea<br \/>Keskiruskea<br \/><strong>Tummanruskea<\/strong> <\/p>\n","protected":false},"excerpt":{"rendered":"<p>Duo-kulmakyn\u00e4 Brow Satin yhdist\u00e4\u00e4 kulmakarvojen kyn\u00e4n ja puuterin yhdeksi tuotteeksi.Kyn\u00e4ll\u00e4 t\u00e4yt\u00e4t kulmakarvojen \u00e4\u00e4riviivan mukaan, kun taas mattapuuteri t\u00e4ytt\u00e4\u00e4 viivojen v\u00e4liset raot. Tuloksena on t\u00e4ytel\u00e4iset kulmakarvat, joissa on luonnollinen viimeistely. Saatavana v\u00e4reiss\u00e4:VaaleanblondiTummanvaaleaKeskiruskeaTummanruskea<\/p>\n","protected":false},"featured_media":145993,"comment_status":"open","ping_status":"closed","template":"","meta":{"_trash_the_other_posts":false},"product_brand":[],"product_cat":[625],"product_tag":[3496],"berocket_brand":[1016],"class_list":{"0":"post-145996","1":"product","2":"type-product","3":"status-publish","4":"has-post-thumbnail","6":"product_cat-kulmakyna","7":"product_tag-maybelline-brow-satin-duo-pencil","8":"pa_brand-maybelline","9":"pa_variantti-dark-brown","10":"berocket_brand-maybelline","12":"first","13":"outofstock","14":"sale","15":"taxable","16":"shipping-taxable","17":"purchasable","18":"product-type-simple"},"_links":{"self":[{"href":"https:\/\/stylingagenten.com\/fi\/wp-json\/wp\/v2\/product\/145996","targetHints":{"allow":["GET"]}}],"collection":[{"href":"https:\/\/stylingagenten.com\/fi\/wp-json\/wp\/v2\/product"}],"about":[{"href":"https:\/\/stylingagenten.com\/fi\/wp-json\/wp\/v2\/types\/product"}],"replies":[{"embeddable":true,"href":"https:\/\/stylingagenten.com\/fi\/wp-json\/wp\/v2\/comments?post=145996"}],"version-history":[{"count":0,"href":"https:\/\/stylingagenten.com\/fi\/wp-json\/wp\/v2\/product\/145996\/revisions"}],"wp:featuredmedia":[{"embeddable":true,"href":"https:\/\/stylingagenten.com\/fi\/wp-json\/wp\/v2\/media\/145993"}],"wp:attachment":[{"href":"https:\/\/stylingagenten.com\/fi\/wp-json\/wp\/v2\/media?parent=145996"}],"wp:term":[{"taxonomy":"product_brand","embeddable":true,"href":"https:\/\/stylingagenten.com\/fi\/wp-json\/wp\/v2\/product_brand?post=145996"},{"taxonomy":"product_cat","embeddable":true,"href":"https:\/\/stylingagenten.com\/fi\/wp-json\/wp\/v2\/product_cat?post=145996"},{"taxonomy":"product_tag","embeddable":true,"href":"https:\/\/stylingagenten.com\/fi\/wp-json\/wp\/v2\/product_tag?post=145996"},{"taxonomy":"berocket_brand","embeddable":true,"href":"https:\/\/stylingagenten.com\/fi\/wp-json\/wp\/v2\/berocket_brand?post=145996"}],"curies":[{"name":"wp","href":"https:\/\/api.w.org\/{rel}","templated":true}]}}