{"id":145976,"date":"2025-05-18T23:35:09","date_gmt":"2025-05-18T23:35:09","guid":{"rendered":"https:\/\/staging2.stylingagenten.com\/fi\/produkt\/kokie-high-brow-angeled-brow-pencil-blonde\/"},"modified":"2026-03-31T15:38:59","modified_gmt":"2026-03-31T15:38:59","slug":"kokie-high-brow-angeled-brow-pencil-blonde","status":"publish","type":"product","link":"https:\/\/stylingagenten.com\/fi\/tuote\/kokie-high-brow-angeled-brow-pencil-blonde\/","title":{"rendered":"Kokie High Brow Angeled Brow Pencil &#8211; Blonde"},"content":{"rendered":"<p>Kokie High Brow Angled Brow Pencil auttaa luomaan helposti t\u00e4ytel\u00e4isi\u00e4, muotoiltuja kulmakarvoja. <br \/>Kilt\u00e4v\u00e4 k\u00e4rki mahdollistaa kulmakarvojen t\u00e4ytt\u00e4misen pitkill\u00e4, yksityiskohtaisilla vedoilla. <br \/>Sivellin auttaa kesytt\u00e4m\u00e4\u00e4n, pehment\u00e4m\u00e4\u00e4n ja sekoittumaan luonnolliseen lopputulokseen. Kuivuu mattav\u00e4riseksi ja kest\u00e4\u00e4 koko p\u00e4iv\u00e4n<\/p>\n","protected":false},"excerpt":{"rendered":"<p>Kokie High Brow Angled Brow Pencil auttaa luomaan helposti t\u00e4ytel\u00e4isi\u00e4, muotoiltuja kulmakarvoja. Kilt\u00e4v\u00e4 k\u00e4rki mahdollistaa kulmakarvojen t\u00e4ytt\u00e4misen pitkill\u00e4, yksityiskohtaisilla vedoilla. Sivellin auttaa kesytt\u00e4m\u00e4\u00e4n, pehment\u00e4m\u00e4\u00e4n ja sekoittumaan luonnolliseen lopputulokseen. Kuivuu mattav\u00e4riseksi ja kest\u00e4\u00e4 koko p\u00e4iv\u00e4n<\/p>\n","protected":false},"featured_media":145958,"comment_status":"open","ping_status":"closed","template":"","meta":{"_trash_the_other_posts":false},"product_brand":[],"product_cat":[625],"product_tag":[3149],"berocket_brand":[1198],"class_list":{"0":"post-145976","1":"product","2":"type-product","3":"status-publish","4":"has-post-thumbnail","6":"product_cat-kulmakyna","7":"product_tag-kokie-high-brow-angeled-brow-pencil","8":"pa_brand-kokie-cosmetics","9":"pa_variantti-blonde","10":"berocket_brand-kokie-cosmetics","12":"first","13":"instock","14":"sale","15":"taxable","16":"shipping-taxable","17":"purchasable","18":"product-type-simple"},"_links":{"self":[{"href":"https:\/\/stylingagenten.com\/fi\/wp-json\/wp\/v2\/product\/145976","targetHints":{"allow":["GET"]}}],"collection":[{"href":"https:\/\/stylingagenten.com\/fi\/wp-json\/wp\/v2\/product"}],"about":[{"href":"https:\/\/stylingagenten.com\/fi\/wp-json\/wp\/v2\/types\/product"}],"replies":[{"embeddable":true,"href":"https:\/\/stylingagenten.com\/fi\/wp-json\/wp\/v2\/comments?post=145976"}],"version-history":[{"count":0,"href":"https:\/\/stylingagenten.com\/fi\/wp-json\/wp\/v2\/product\/145976\/revisions"}],"wp:featuredmedia":[{"embeddable":true,"href":"https:\/\/stylingagenten.com\/fi\/wp-json\/wp\/v2\/media\/145958"}],"wp:attachment":[{"href":"https:\/\/stylingagenten.com\/fi\/wp-json\/wp\/v2\/media?parent=145976"}],"wp:term":[{"taxonomy":"product_brand","embeddable":true,"href":"https:\/\/stylingagenten.com\/fi\/wp-json\/wp\/v2\/product_brand?post=145976"},{"taxonomy":"product_cat","embeddable":true,"href":"https:\/\/stylingagenten.com\/fi\/wp-json\/wp\/v2\/product_cat?post=145976"},{"taxonomy":"product_tag","embeddable":true,"href":"https:\/\/stylingagenten.com\/fi\/wp-json\/wp\/v2\/product_tag?post=145976"},{"taxonomy":"berocket_brand","embeddable":true,"href":"https:\/\/stylingagenten.com\/fi\/wp-json\/wp\/v2\/berocket_brand?post=145976"}],"curies":[{"name":"wp","href":"https:\/\/api.w.org\/{rel}","templated":true}]}}