{"id":145849,"date":"2025-05-18T23:34:49","date_gmt":"2025-05-18T23:34:49","guid":{"rendered":"https:\/\/staging2.stylingagenten.com\/fi\/produkt\/milani-precision-brow-pencil-120-caramel\/"},"modified":"2026-02-13T13:56:41","modified_gmt":"2026-02-13T13:56:41","slug":"milani-precision-brow-pencil-120-caramel","status":"publish","type":"product","link":"https:\/\/stylingagenten.com\/fi\/tuote\/milani-precision-brow-pencil-120-caramel\/","title":{"rendered":"Milani Precision Brow Pencil &#8211; 120 Caramel"},"content":{"rendered":"<p>Milani Precision Brow Pencil &#8211; 120 Caramel<\/p>\n<p>Mene suoraan asiaan! Luonnollisten &ouml;kulmakarvojen tulee olla yht\u00e4 helppoja kuin ne n\u00e4ytt\u00e4v\u00e4t. Uusi Precision Brow Pencils pysyy paikallaan kaava luo luonnolliset, karvat muistuttavat lyijykyn\u00e4n vedot ja helpottaa t\u00e4ydellisen kulmien muotoilua. K\u00e4yt\u00e4tk\u00f6 sit\u00e4 t\u00e4ydellisen taivutuksen luomiseen; kulmakarvat, harvoille karvoille t\u00e4ytt\u00e4minen tai vain v\u00e4h\u00e4n lis\u00e4korjaus, t\u00e4ll\u00e4 koostumuksella on intensiivinen v\u00e4ritulos, ja se on niin sekoittuva luomaan t\u00e4ydelliset kulmakarvat.&lt;\/ p <\/p>\n","protected":false},"excerpt":{"rendered":"<p>Milani Precision Brow Pencil &#8211; 120 Caramel Mene suoraan asiaan! Luonnollisten &ouml;kulmakarvojen tulee olla yht\u00e4 helppoja kuin ne n\u00e4ytt\u00e4v\u00e4t. Uusi Precision Brow Pencils pysyy paikallaan kaava luo luonnolliset, karvat muistuttavat lyijykyn\u00e4n vedot ja helpottaa t\u00e4ydellisen kulmien muotoilua. K\u00e4yt\u00e4tk\u00f6 sit\u00e4 t\u00e4ydellisen taivutuksen luomiseen; kulmakarvat, harvoille karvoille t\u00e4ytt\u00e4minen tai vain v\u00e4h\u00e4n lis\u00e4korjaus, t\u00e4ll\u00e4 koostumuksella on intensiivinen v\u00e4ritulos, [&hellip;]<\/p>\n","protected":false},"featured_media":145846,"comment_status":"open","ping_status":"closed","template":"","meta":{"_trash_the_other_posts":false},"product_brand":[],"product_cat":[625,1005],"product_tag":[3554],"berocket_brand":[1027],"class_list":{"0":"post-145849","1":"product","2":"type-product","3":"status-publish","4":"has-post-thumbnail","6":"product_cat-kulmakyna","7":"product_cat-outlet","8":"product_tag-milani-precision-brow-pencil","9":"pa_brand-milani","10":"pa_variantti-120-caramel","11":"berocket_brand-milani","13":"first","14":"instock","15":"sale","16":"taxable","17":"shipping-taxable","18":"purchasable","19":"product-type-simple"},"_links":{"self":[{"href":"https:\/\/stylingagenten.com\/fi\/wp-json\/wp\/v2\/product\/145849","targetHints":{"allow":["GET"]}}],"collection":[{"href":"https:\/\/stylingagenten.com\/fi\/wp-json\/wp\/v2\/product"}],"about":[{"href":"https:\/\/stylingagenten.com\/fi\/wp-json\/wp\/v2\/types\/product"}],"replies":[{"embeddable":true,"href":"https:\/\/stylingagenten.com\/fi\/wp-json\/wp\/v2\/comments?post=145849"}],"version-history":[{"count":0,"href":"https:\/\/stylingagenten.com\/fi\/wp-json\/wp\/v2\/product\/145849\/revisions"}],"wp:featuredmedia":[{"embeddable":true,"href":"https:\/\/stylingagenten.com\/fi\/wp-json\/wp\/v2\/media\/145846"}],"wp:attachment":[{"href":"https:\/\/stylingagenten.com\/fi\/wp-json\/wp\/v2\/media?parent=145849"}],"wp:term":[{"taxonomy":"product_brand","embeddable":true,"href":"https:\/\/stylingagenten.com\/fi\/wp-json\/wp\/v2\/product_brand?post=145849"},{"taxonomy":"product_cat","embeddable":true,"href":"https:\/\/stylingagenten.com\/fi\/wp-json\/wp\/v2\/product_cat?post=145849"},{"taxonomy":"product_tag","embeddable":true,"href":"https:\/\/stylingagenten.com\/fi\/wp-json\/wp\/v2\/product_tag?post=145849"},{"taxonomy":"berocket_brand","embeddable":true,"href":"https:\/\/stylingagenten.com\/fi\/wp-json\/wp\/v2\/berocket_brand?post=145849"}],"curies":[{"name":"wp","href":"https:\/\/api.w.org\/{rel}","templated":true}]}}