{"id":145832,"date":"2025-05-18T23:34:46","date_gmt":"2025-05-18T23:34:46","guid":{"rendered":"https:\/\/staging2.stylingagenten.com\/fi\/produkt\/beauty-uk-eyebrow-pencil-grey\/"},"modified":"2026-04-08T23:18:26","modified_gmt":"2026-04-08T23:18:26","slug":"beauty-uk-eyebrow-pencil-grey","status":"publish","type":"product","link":"https:\/\/stylingagenten.com\/fi\/tuote\/beauty-uk-eyebrow-pencil-grey\/","title":{"rendered":"Beauty UK Eyebrow Pencil &#8211; Grey"},"content":{"rendered":"<p>Beauty UK Eye Brow Pencil &#8211; harmaa. T\u00e4ydellisesti tasapainotettu kulmakarvojen kyn\u00e4 m\u00e4\u00e4ritt\u00e4v\u00e4ll\u00e4 kulmakarvaharjalla. T\u00e4m\u00e4 runsaasti pigmentti\u00e4 sis\u00e4lt\u00e4v\u00e4 lyijykyn\u00e4 on taiteellinen ty\u00f6kalu, jota tarvitset yksil\u00f6llisen kulmakarvojen lookin luomiseen.<\/p>\n<p>V\u00e4ri &#8211; harmaa<\/p>\n","protected":false},"excerpt":{"rendered":"<p>Beauty UK Eye Brow Pencil &#8211; harmaa. T\u00e4ydellisesti tasapainotettu kulmakarvojen kyn\u00e4 m\u00e4\u00e4ritt\u00e4v\u00e4ll\u00e4 kulmakarvaharjalla. T\u00e4m\u00e4 runsaasti pigmentti\u00e4 sis\u00e4lt\u00e4v\u00e4 lyijykyn\u00e4 on taiteellinen ty\u00f6kalu, jota tarvitset yksil\u00f6llisen kulmakarvojen lookin luomiseen. V\u00e4ri &#8211; harmaa<\/p>\n","protected":false},"featured_media":145829,"comment_status":"open","ping_status":"closed","template":"","meta":{"_trash_the_other_posts":false},"product_brand":[],"product_cat":[625],"product_tag":[2494],"berocket_brand":[1059],"class_list":{"0":"post-145832","1":"product","2":"type-product","3":"status-publish","4":"has-post-thumbnail","6":"product_cat-kulmakyna","7":"product_tag-beauty-uk-eyebrow-pencil","8":"pa_brand-beautyuk","9":"pa_variantti-grey","10":"berocket_brand-beautyuk","12":"first","13":"instock","14":"sale","15":"taxable","16":"shipping-taxable","17":"purchasable","18":"product-type-simple"},"_links":{"self":[{"href":"https:\/\/stylingagenten.com\/fi\/wp-json\/wp\/v2\/product\/145832","targetHints":{"allow":["GET"]}}],"collection":[{"href":"https:\/\/stylingagenten.com\/fi\/wp-json\/wp\/v2\/product"}],"about":[{"href":"https:\/\/stylingagenten.com\/fi\/wp-json\/wp\/v2\/types\/product"}],"replies":[{"embeddable":true,"href":"https:\/\/stylingagenten.com\/fi\/wp-json\/wp\/v2\/comments?post=145832"}],"version-history":[{"count":0,"href":"https:\/\/stylingagenten.com\/fi\/wp-json\/wp\/v2\/product\/145832\/revisions"}],"wp:featuredmedia":[{"embeddable":true,"href":"https:\/\/stylingagenten.com\/fi\/wp-json\/wp\/v2\/media\/145829"}],"wp:attachment":[{"href":"https:\/\/stylingagenten.com\/fi\/wp-json\/wp\/v2\/media?parent=145832"}],"wp:term":[{"taxonomy":"product_brand","embeddable":true,"href":"https:\/\/stylingagenten.com\/fi\/wp-json\/wp\/v2\/product_brand?post=145832"},{"taxonomy":"product_cat","embeddable":true,"href":"https:\/\/stylingagenten.com\/fi\/wp-json\/wp\/v2\/product_cat?post=145832"},{"taxonomy":"product_tag","embeddable":true,"href":"https:\/\/stylingagenten.com\/fi\/wp-json\/wp\/v2\/product_tag?post=145832"},{"taxonomy":"berocket_brand","embeddable":true,"href":"https:\/\/stylingagenten.com\/fi\/wp-json\/wp\/v2\/berocket_brand?post=145832"}],"curies":[{"name":"wp","href":"https:\/\/api.w.org\/{rel}","templated":true}]}}