{"id":145812,"date":"2025-05-18T23:34:44","date_gmt":"2025-05-18T23:34:44","guid":{"rendered":"https:\/\/staging2.stylingagenten.com\/fi\/produkt\/nyx-prof-makeup-lift-n-snatch-brow-tint-pen-espresso\/"},"modified":"2025-11-19T11:51:18","modified_gmt":"2025-11-19T11:51:18","slug":"nyx-prof-makeup-lift-n-snatch-brow-tint-pen-espresso","status":"publish","type":"product","link":"https:\/\/stylingagenten.com\/fi\/tuote\/nyx-prof-makeup-lift-n-snatch-brow-tint-pen-espresso\/","title":{"rendered":"NYX PROF. MAKEUP Lift N Snatch Brow Tint Pen &#8211; Espresso"},"content":{"rendered":"<p><strong>NYX PROF. MAKEUP Lift N Snatch Brow Tint Pen<\/strong><\/p>\n<p>F&aring; kohotettu &ouml;kulmien ilme kyn\u00e4st\u00e4! T\u00e4ll\u00e4 joustavalla mikroharjak\u00e4rkikyn\u00e4ll\u00e4 voit luoda ohuita tai paksuja viivoja, jotka n\u00e4ytt\u00e4v\u00e4t itse asiassa IRL-hiusrajalta. S\u00e4vytetyt, rakennettavat s\u00e4vyt tarkoittavat, ett\u00e4 voit tehd\u00e4; super luonnollisesta ulkon\u00e4\u00f6st\u00e4 selke\u00e4ksi muutamalla nopealla sipauksella! Luo kulmakarvat tyhj\u00e4st\u00e4, t\u00e4yt\u00e4 harvat alueet tai rakenna niiden p\u00e4\u00e4lle; kulmakarvasi. Jopa 16 tuntia t\u00e4ydellisi\u00e4 &ouml;kulmakarvoja!<\/p>\n","protected":false},"excerpt":{"rendered":"<p>NYX PROF. MAKEUP Lift N Snatch Brow Tint Pen F&aring; kohotettu &ouml;kulmien ilme kyn\u00e4st\u00e4! T\u00e4ll\u00e4 joustavalla mikroharjak\u00e4rkikyn\u00e4ll\u00e4 voit luoda ohuita tai paksuja viivoja, jotka n\u00e4ytt\u00e4v\u00e4t itse asiassa IRL-hiusrajalta. S\u00e4vytetyt, rakennettavat s\u00e4vyt tarkoittavat, ett\u00e4 voit tehd\u00e4; super luonnollisesta ulkon\u00e4\u00f6st\u00e4 selke\u00e4ksi muutamalla nopealla sipauksella! Luo kulmakarvat tyhj\u00e4st\u00e4, t\u00e4yt\u00e4 harvat alueet tai rakenna niiden p\u00e4\u00e4lle; kulmakarvasi. Jopa 16 [&hellip;]<\/p>\n","protected":false},"featured_media":145779,"comment_status":"open","ping_status":"closed","template":"","meta":{"_trash_the_other_posts":false},"product_brand":[],"product_cat":[625,1005],"product_tag":[3677],"berocket_brand":[1025],"class_list":{"0":"post-145812","1":"product","2":"type-product","3":"status-publish","4":"has-post-thumbnail","6":"product_cat-kulmakyna","7":"product_cat-outlet","8":"product_tag-nyx-prof-makeup-lift-n-snatch-brow-tint-pen","9":"pa_brand-nyx","10":"pa_variantti-espresso","11":"berocket_brand-nyx","13":"first","14":"instock","15":"sale","16":"taxable","17":"shipping-taxable","18":"purchasable","19":"product-type-simple"},"_links":{"self":[{"href":"https:\/\/stylingagenten.com\/fi\/wp-json\/wp\/v2\/product\/145812","targetHints":{"allow":["GET"]}}],"collection":[{"href":"https:\/\/stylingagenten.com\/fi\/wp-json\/wp\/v2\/product"}],"about":[{"href":"https:\/\/stylingagenten.com\/fi\/wp-json\/wp\/v2\/types\/product"}],"replies":[{"embeddable":true,"href":"https:\/\/stylingagenten.com\/fi\/wp-json\/wp\/v2\/comments?post=145812"}],"version-history":[{"count":0,"href":"https:\/\/stylingagenten.com\/fi\/wp-json\/wp\/v2\/product\/145812\/revisions"}],"wp:featuredmedia":[{"embeddable":true,"href":"https:\/\/stylingagenten.com\/fi\/wp-json\/wp\/v2\/media\/145779"}],"wp:attachment":[{"href":"https:\/\/stylingagenten.com\/fi\/wp-json\/wp\/v2\/media?parent=145812"}],"wp:term":[{"taxonomy":"product_brand","embeddable":true,"href":"https:\/\/stylingagenten.com\/fi\/wp-json\/wp\/v2\/product_brand?post=145812"},{"taxonomy":"product_cat","embeddable":true,"href":"https:\/\/stylingagenten.com\/fi\/wp-json\/wp\/v2\/product_cat?post=145812"},{"taxonomy":"product_tag","embeddable":true,"href":"https:\/\/stylingagenten.com\/fi\/wp-json\/wp\/v2\/product_tag?post=145812"},{"taxonomy":"berocket_brand","embeddable":true,"href":"https:\/\/stylingagenten.com\/fi\/wp-json\/wp\/v2\/berocket_brand?post=145812"}],"curies":[{"name":"wp","href":"https:\/\/api.w.org\/{rel}","templated":true}]}}