{"id":145777,"date":"2025-05-18T23:34:39","date_gmt":"2025-05-18T23:34:39","guid":{"rendered":"https:\/\/staging2.stylingagenten.com\/fi\/produkt\/wet-n-wild-brow-sessive-brow-shaping-gel-blonde\/"},"modified":"2025-11-19T11:54:18","modified_gmt":"2025-11-19T11:54:18","slug":"wet-n-wild-brow-sessive-brow-shaping-gel-blonde","status":"publish","type":"product","link":"https:\/\/stylingagenten.com\/fi\/tuote\/wet-n-wild-brow-sessive-brow-shaping-gel-blonde\/","title":{"rendered":"Wet n Wild Brow-sessive Brow Shaping Gel Blonde"},"content":{"rendered":"<p>Wet n Wildin Brow Sessive Brow Shaping Gel on v\u00e4rillinen kulmakarvojen geeli, joka muotoilee, m\u00e4\u00e4rittelee ja kiinnitt\u00e4\u00e4 kulmakarvoja. Pieni sivellin mahdollistaa levityksen hallinnan ja tahriintuu. kuulo. Antaa volyymia ja voidaan rakentaa luonnollisesta tuloksesta tuuheampiin kulmiin. Pehme\u00e4, joustava geeli kest\u00e4\u00e4 koko p\u00e4iv\u00e4n!<\/p>\n","protected":false},"excerpt":{"rendered":"<p>Wet n Wildin Brow Sessive Brow Shaping Gel on v\u00e4rillinen kulmakarvojen geeli, joka muotoilee, m\u00e4\u00e4rittelee ja kiinnitt\u00e4\u00e4 kulmakarvoja. Pieni sivellin mahdollistaa levityksen hallinnan ja tahriintuu. kuulo. Antaa volyymia ja voidaan rakentaa luonnollisesta tuloksesta tuuheampiin kulmiin. Pehme\u00e4, joustava geeli kest\u00e4\u00e4 koko p\u00e4iv\u00e4n!<\/p>\n","protected":false},"featured_media":145773,"comment_status":"open","ping_status":"closed","template":"","meta":{"_trash_the_other_posts":false},"product_brand":[],"product_cat":[627],"product_tag":[4082],"berocket_brand":[1035],"class_list":{"0":"post-145777","1":"product","2":"type-product","3":"status-publish","4":"has-post-thumbnail","6":"product_cat-kulmakarvojen-geeli","7":"product_tag-wet-n-wild-brow-sessive-brow-shaping-gel","8":"pa_brand-wet-n-wild","9":"pa_variantti-blonde","10":"berocket_brand-wet-n-wild","12":"first","13":"instock","14":"sale","15":"taxable","16":"shipping-taxable","17":"purchasable","18":"product-type-simple"},"_links":{"self":[{"href":"https:\/\/stylingagenten.com\/fi\/wp-json\/wp\/v2\/product\/145777","targetHints":{"allow":["GET"]}}],"collection":[{"href":"https:\/\/stylingagenten.com\/fi\/wp-json\/wp\/v2\/product"}],"about":[{"href":"https:\/\/stylingagenten.com\/fi\/wp-json\/wp\/v2\/types\/product"}],"replies":[{"embeddable":true,"href":"https:\/\/stylingagenten.com\/fi\/wp-json\/wp\/v2\/comments?post=145777"}],"version-history":[{"count":0,"href":"https:\/\/stylingagenten.com\/fi\/wp-json\/wp\/v2\/product\/145777\/revisions"}],"wp:featuredmedia":[{"embeddable":true,"href":"https:\/\/stylingagenten.com\/fi\/wp-json\/wp\/v2\/media\/145773"}],"wp:attachment":[{"href":"https:\/\/stylingagenten.com\/fi\/wp-json\/wp\/v2\/media?parent=145777"}],"wp:term":[{"taxonomy":"product_brand","embeddable":true,"href":"https:\/\/stylingagenten.com\/fi\/wp-json\/wp\/v2\/product_brand?post=145777"},{"taxonomy":"product_cat","embeddable":true,"href":"https:\/\/stylingagenten.com\/fi\/wp-json\/wp\/v2\/product_cat?post=145777"},{"taxonomy":"product_tag","embeddable":true,"href":"https:\/\/stylingagenten.com\/fi\/wp-json\/wp\/v2\/product_tag?post=145777"},{"taxonomy":"berocket_brand","embeddable":true,"href":"https:\/\/stylingagenten.com\/fi\/wp-json\/wp\/v2\/berocket_brand?post=145777"}],"curies":[{"name":"wp","href":"https:\/\/api.w.org\/{rel}","templated":true}]}}