{"id":145765,"date":"2025-05-18T23:34:37","date_gmt":"2025-05-18T23:34:37","guid":{"rendered":"https:\/\/staging2.stylingagenten.com\/fi\/produkt\/nyx-prof-makeup-micro-brow-pencil-brunette\/"},"modified":"2026-04-02T12:38:38","modified_gmt":"2026-04-02T12:38:38","slug":"nyx-prof-makeup-micro-brow-pencil-brunette","status":"publish","type":"product","link":"https:\/\/stylingagenten.com\/fi\/tuote\/nyx-prof-makeup-micro-brow-pencil-brunette\/","title":{"rendered":"NYX PROF. MAKEUP Micro Brow Pencil &#8211; Brunette"},"content":{"rendered":"<p>K\u00e4yt\u00e4 NYX PROFESSIONAL MAKEUP Micro Brow Pencil -brusettikyn\u00e4\u00e4 saadaksesi; selke\u00e4t ja t\u00e4ytel\u00e4iset kulmakarvat! T\u00e4ss\u00e4 ihanassa kulmakyn\u00e4ss\u00e4 on karvainen koostumus, joka liukuu; kulmakarvasi, ja sen ohuen k\u00e4rjen avulla on helppo m\u00e4\u00e4ritell\u00e4 ja muotoilla kulmasi haluamaksesi. T\u00e4m\u00e4 kulmakyn\u00e4 on helppo ottaa mukaan; tarkka lopputulos kauniilla ja luonnollisella viimeistelyll\u00e4! Kyn\u00e4ss\u00e4 on my\u00f6s sivellin toisella puolella.<\/p>\n<p>Sis\u00e4lt\u00f6&aring;ll: 0,09 g<\/p>\n<p>&nbsp;<\/p>\n","protected":false},"excerpt":{"rendered":"<p>K\u00e4yt\u00e4 NYX PROFESSIONAL MAKEUP Micro Brow Pencil -brusettikyn\u00e4\u00e4 saadaksesi; selke\u00e4t ja t\u00e4ytel\u00e4iset kulmakarvat! T\u00e4ss\u00e4 ihanassa kulmakyn\u00e4ss\u00e4 on karvainen koostumus, joka liukuu; kulmakarvasi, ja sen ohuen k\u00e4rjen avulla on helppo m\u00e4\u00e4ritell\u00e4 ja muotoilla kulmasi haluamaksesi. T\u00e4m\u00e4 kulmakyn\u00e4 on helppo ottaa mukaan; tarkka lopputulos kauniilla ja luonnollisella viimeistelyll\u00e4! Kyn\u00e4ss\u00e4 on my\u00f6s sivellin toisella puolella. Sis\u00e4lt\u00f6&aring;ll: 0,09 g [&hellip;]<\/p>\n","protected":false},"featured_media":145763,"comment_status":"open","ping_status":"closed","template":"","meta":{"_trash_the_other_posts":false},"product_brand":[],"product_cat":[625],"product_tag":[3686],"berocket_brand":[1025],"class_list":{"0":"post-145765","1":"product","2":"type-product","3":"status-publish","4":"has-post-thumbnail","6":"product_cat-kulmakyna","7":"product_tag-nyx-prof-makeup-micro-brow-pencil","8":"pa_brand-nyx","9":"pa_variantti-brunette","10":"berocket_brand-nyx","12":"first","13":"instock","14":"sale","15":"taxable","16":"shipping-taxable","17":"purchasable","18":"product-type-simple"},"_links":{"self":[{"href":"https:\/\/stylingagenten.com\/fi\/wp-json\/wp\/v2\/product\/145765","targetHints":{"allow":["GET"]}}],"collection":[{"href":"https:\/\/stylingagenten.com\/fi\/wp-json\/wp\/v2\/product"}],"about":[{"href":"https:\/\/stylingagenten.com\/fi\/wp-json\/wp\/v2\/types\/product"}],"replies":[{"embeddable":true,"href":"https:\/\/stylingagenten.com\/fi\/wp-json\/wp\/v2\/comments?post=145765"}],"version-history":[{"count":0,"href":"https:\/\/stylingagenten.com\/fi\/wp-json\/wp\/v2\/product\/145765\/revisions"}],"wp:featuredmedia":[{"embeddable":true,"href":"https:\/\/stylingagenten.com\/fi\/wp-json\/wp\/v2\/media\/145763"}],"wp:attachment":[{"href":"https:\/\/stylingagenten.com\/fi\/wp-json\/wp\/v2\/media?parent=145765"}],"wp:term":[{"taxonomy":"product_brand","embeddable":true,"href":"https:\/\/stylingagenten.com\/fi\/wp-json\/wp\/v2\/product_brand?post=145765"},{"taxonomy":"product_cat","embeddable":true,"href":"https:\/\/stylingagenten.com\/fi\/wp-json\/wp\/v2\/product_cat?post=145765"},{"taxonomy":"product_tag","embeddable":true,"href":"https:\/\/stylingagenten.com\/fi\/wp-json\/wp\/v2\/product_tag?post=145765"},{"taxonomy":"berocket_brand","embeddable":true,"href":"https:\/\/stylingagenten.com\/fi\/wp-json\/wp\/v2\/berocket_brand?post=145765"}],"curies":[{"name":"wp","href":"https:\/\/api.w.org\/{rel}","templated":true}]}}