{"id":145746,"date":"2025-05-18T23:34:34","date_gmt":"2025-05-18T23:34:34","guid":{"rendered":"https:\/\/staging2.stylingagenten.com\/fi\/produkt\/kokie-micro-fine-eyebrow-pencil-black\/"},"modified":"2025-11-19T12:12:06","modified_gmt":"2025-11-19T12:12:06","slug":"kokie-micro-fine-eyebrow-pencil-black","status":"publish","type":"product","link":"https:\/\/stylingagenten.com\/fi\/tuote\/kokie-micro-fine-eyebrow-pencil-black\/","title":{"rendered":"Kokie Micro-Fine Eyebrow Pencil Black"},"content":{"rendered":"<p>Kokien Micro-Fine Eyebrow Pencil -kulmakyn\u00e4ss\u00e4 on kapea k\u00e4rki, jolla saadaan aikaan hiuksia muistuttavat vedot tarkasti, ja spoolie, joka sekoittuu luonnolliseen lopputulokseen. T\u00e4m\u00e4 pitk\u00e4kestoinen koostumus on saatavana viidess\u00e4 imartelevassa s\u00e4vyss\u00e4.<\/p>\n<p>\u2022 Sis\u00e4\u00e4nvedett\u00e4v\u00e4 kyn\u00e4<br \/>\u2022 Mikrohieno pigmentti<br \/>\u2022 Tahraton<br \/>\u2022 Vedenkest\u00e4v\u00e4<\/p>\n","protected":false},"excerpt":{"rendered":"<p>Kokien Micro-Fine Eyebrow Pencil -kulmakyn\u00e4ss\u00e4 on kapea k\u00e4rki, jolla saadaan aikaan hiuksia muistuttavat vedot tarkasti, ja spoolie, joka sekoittuu luonnolliseen lopputulokseen. T\u00e4m\u00e4 pitk\u00e4kestoinen koostumus on saatavana viidess\u00e4 imartelevassa s\u00e4vyss\u00e4. \u2022 Sis\u00e4\u00e4nvedett\u00e4v\u00e4 kyn\u00e4\u2022 Mikrohieno pigmentti\u2022 Tahraton\u2022 Vedenkest\u00e4v\u00e4<\/p>\n","protected":false},"featured_media":145720,"comment_status":"open","ping_status":"closed","template":"","meta":{"_trash_the_other_posts":false},"product_brand":[],"product_cat":[625],"product_tag":[3157],"berocket_brand":[1198],"class_list":{"0":"post-145746","1":"product","2":"type-product","3":"status-publish","4":"has-post-thumbnail","6":"product_cat-kulmakyna","7":"product_tag-kokie-micro-fine-eyebrow-pencil","8":"pa_brand-kokie-cosmetics","9":"pa_variantti-black","10":"berocket_brand-kokie-cosmetics","12":"first","13":"instock","14":"sale","15":"taxable","16":"shipping-taxable","17":"purchasable","18":"product-type-simple"},"_links":{"self":[{"href":"https:\/\/stylingagenten.com\/fi\/wp-json\/wp\/v2\/product\/145746","targetHints":{"allow":["GET"]}}],"collection":[{"href":"https:\/\/stylingagenten.com\/fi\/wp-json\/wp\/v2\/product"}],"about":[{"href":"https:\/\/stylingagenten.com\/fi\/wp-json\/wp\/v2\/types\/product"}],"replies":[{"embeddable":true,"href":"https:\/\/stylingagenten.com\/fi\/wp-json\/wp\/v2\/comments?post=145746"}],"version-history":[{"count":0,"href":"https:\/\/stylingagenten.com\/fi\/wp-json\/wp\/v2\/product\/145746\/revisions"}],"wp:featuredmedia":[{"embeddable":true,"href":"https:\/\/stylingagenten.com\/fi\/wp-json\/wp\/v2\/media\/145720"}],"wp:attachment":[{"href":"https:\/\/stylingagenten.com\/fi\/wp-json\/wp\/v2\/media?parent=145746"}],"wp:term":[{"taxonomy":"product_brand","embeddable":true,"href":"https:\/\/stylingagenten.com\/fi\/wp-json\/wp\/v2\/product_brand?post=145746"},{"taxonomy":"product_cat","embeddable":true,"href":"https:\/\/stylingagenten.com\/fi\/wp-json\/wp\/v2\/product_cat?post=145746"},{"taxonomy":"product_tag","embeddable":true,"href":"https:\/\/stylingagenten.com\/fi\/wp-json\/wp\/v2\/product_tag?post=145746"},{"taxonomy":"berocket_brand","embeddable":true,"href":"https:\/\/stylingagenten.com\/fi\/wp-json\/wp\/v2\/berocket_brand?post=145746"}],"curies":[{"name":"wp","href":"https:\/\/api.w.org\/{rel}","templated":true}]}}