{"id":145742,"date":"2025-05-18T23:34:33","date_gmt":"2025-05-18T23:34:33","guid":{"rendered":"https:\/\/staging2.stylingagenten.com\/fi\/produkt\/max-factor-brow-shaper-30-deep-brown\/"},"modified":"2026-03-24T18:38:13","modified_gmt":"2026-03-24T18:38:13","slug":"max-factor-brow-shaper-30-deep-brown","status":"publish","type":"product","link":"https:\/\/stylingagenten.com\/fi\/tuote\/max-factor-brow-shaper-30-deep-brown\/","title":{"rendered":"Max Factor Brow Shaper 30 Deep Brown"},"content":{"rendered":"<p>Muotoile, t\u00e4yt\u00e4 ja m\u00e4\u00e4rittele kulmakarvasi Max Factorin Brow Shaperilla. Brow Shaper auttaa sinua luomaan trendikk\u00e4\u00e4n ja selke\u00e4n kulmakarvojen lookin, joka kehyst\u00e4\u00e4 kasvosi. <\/p>\n<p>\u2022 Kaksipuolinen kulmakarvojen kyn\u00e4 <br \/>\u2022 Lyijykyn\u00e4 kapealla k\u00e4rjell\u00e4 lis\u00e4\u00e4 tarkkuutta <br \/>\u2022 Harja kulmakarvojen t\u00e4ytel\u00e4isyyteen, tarkkuuteen ja luonnolliseen viimeistelyyn<\/p>\n","protected":false},"excerpt":{"rendered":"<p>Muotoile, t\u00e4yt\u00e4 ja m\u00e4\u00e4rittele kulmakarvasi Max Factorin Brow Shaperilla. Brow Shaper auttaa sinua luomaan trendikk\u00e4\u00e4n ja selke\u00e4n kulmakarvojen lookin, joka kehyst\u00e4\u00e4 kasvosi. \u2022 Kaksipuolinen kulmakarvojen kyn\u00e4 \u2022 Lyijykyn\u00e4 kapealla k\u00e4rjell\u00e4 lis\u00e4\u00e4 tarkkuutta \u2022 Harja kulmakarvojen t\u00e4ytel\u00e4isyyteen, tarkkuuteen ja luonnolliseen viimeistelyyn<\/p>\n","protected":false},"featured_media":145713,"comment_status":"open","ping_status":"closed","template":"","meta":{"_trash_the_other_posts":false},"product_brand":[],"product_cat":[625],"product_tag":[],"berocket_brand":[1013],"class_list":{"0":"post-145742","1":"product","2":"type-product","3":"status-publish","4":"has-post-thumbnail","6":"product_cat-kulmakyna","7":"pa_brand-max-factor","8":"berocket_brand-max-factor","10":"first","11":"outofstock","12":"sale","13":"taxable","14":"shipping-taxable","15":"purchasable","16":"product-type-simple"},"_links":{"self":[{"href":"https:\/\/stylingagenten.com\/fi\/wp-json\/wp\/v2\/product\/145742","targetHints":{"allow":["GET"]}}],"collection":[{"href":"https:\/\/stylingagenten.com\/fi\/wp-json\/wp\/v2\/product"}],"about":[{"href":"https:\/\/stylingagenten.com\/fi\/wp-json\/wp\/v2\/types\/product"}],"replies":[{"embeddable":true,"href":"https:\/\/stylingagenten.com\/fi\/wp-json\/wp\/v2\/comments?post=145742"}],"version-history":[{"count":0,"href":"https:\/\/stylingagenten.com\/fi\/wp-json\/wp\/v2\/product\/145742\/revisions"}],"wp:featuredmedia":[{"embeddable":true,"href":"https:\/\/stylingagenten.com\/fi\/wp-json\/wp\/v2\/media\/145713"}],"wp:attachment":[{"href":"https:\/\/stylingagenten.com\/fi\/wp-json\/wp\/v2\/media?parent=145742"}],"wp:term":[{"taxonomy":"product_brand","embeddable":true,"href":"https:\/\/stylingagenten.com\/fi\/wp-json\/wp\/v2\/product_brand?post=145742"},{"taxonomy":"product_cat","embeddable":true,"href":"https:\/\/stylingagenten.com\/fi\/wp-json\/wp\/v2\/product_cat?post=145742"},{"taxonomy":"product_tag","embeddable":true,"href":"https:\/\/stylingagenten.com\/fi\/wp-json\/wp\/v2\/product_tag?post=145742"},{"taxonomy":"berocket_brand","embeddable":true,"href":"https:\/\/stylingagenten.com\/fi\/wp-json\/wp\/v2\/berocket_brand?post=145742"}],"curies":[{"name":"wp","href":"https:\/\/api.w.org\/{rel}","templated":true}]}}