{"id":145707,"date":"2025-05-18T23:34:28","date_gmt":"2025-05-18T23:34:28","guid":{"rendered":"https:\/\/staging2.stylingagenten.com\/fi\/produkt\/maybelline-brow-ultra-slim-pencil-07-black\/"},"modified":"2025-11-19T12:12:20","modified_gmt":"2025-11-19T12:12:20","slug":"maybelline-brow-ultra-slim-pencil-07-black","status":"publish","type":"product","link":"https:\/\/stylingagenten.com\/fi\/tuote\/maybelline-brow-ultra-slim-pencil-07-black\/","title":{"rendered":"Maybelline Brow Ultra Slim Pencil &#8211; 07 Black"},"content":{"rendered":"<p>Luo selke\u00e4t ja luonnolliset kulmakarvat Brow Ultra Slim -kulmakyn\u00e4ll\u00e4. Tasainen k\u00e4ytt\u00f6 \u00e4\u00e4rimm\u00e4isell\u00e4 tarkkuudella. Ohut 1,5 mm:n applikaattorik\u00e4rki, jossa on karvamaista kammaa, luovat selke\u00e4t ja luonnollisen n\u00e4k\u00f6iset kulmat koko p\u00e4iv\u00e4n ajan. <\/p>\n<p>Vaihe 1: Piirr\u00e4 pieni\u00e4, kevyit\u00e4 vetoja pitkin kulmakarvojen \u00e4\u00e4riviivaa. <br \/>Vaihe 2: K\u00e4yt\u00e4 sivellint\u00e4 ja kampaa kulmakarvoja yl\u00f6sp\u00e4in ja ulosp\u00e4in tasataksesi v\u00e4rin ja kiinnitt\u00e4\u00e4ksesi tuloksen. <\/p>\n<p>1g<\/p>\n","protected":false},"excerpt":{"rendered":"<p>Luo selke\u00e4t ja luonnolliset kulmakarvat Brow Ultra Slim -kulmakyn\u00e4ll\u00e4. Tasainen k\u00e4ytt\u00f6 \u00e4\u00e4rimm\u00e4isell\u00e4 tarkkuudella. Ohut 1,5 mm:n applikaattorik\u00e4rki, jossa on karvamaista kammaa, luovat selke\u00e4t ja luonnollisen n\u00e4k\u00f6iset kulmat koko p\u00e4iv\u00e4n ajan. Vaihe 1: Piirr\u00e4 pieni\u00e4, kevyit\u00e4 vetoja pitkin kulmakarvojen \u00e4\u00e4riviivaa. Vaihe 2: K\u00e4yt\u00e4 sivellint\u00e4 ja kampaa kulmakarvoja yl\u00f6sp\u00e4in ja ulosp\u00e4in tasataksesi v\u00e4rin ja kiinnitt\u00e4\u00e4ksesi tuloksen. 1g<\/p>\n","protected":false},"featured_media":145705,"comment_status":"open","ping_status":"closed","template":"","meta":{"_trash_the_other_posts":false},"product_brand":[],"product_cat":[625],"product_tag":[3497],"berocket_brand":[1016],"class_list":{"0":"post-145707","1":"product","2":"type-product","3":"status-publish","4":"has-post-thumbnail","6":"product_cat-kulmakyna","7":"product_tag-maybelline-brow-ultra-slim-pencil","8":"pa_brand-maybelline","9":"pa_variantti-07-black","10":"berocket_brand-maybelline","12":"first","13":"instock","14":"sale","15":"taxable","16":"shipping-taxable","17":"purchasable","18":"product-type-simple"},"_links":{"self":[{"href":"https:\/\/stylingagenten.com\/fi\/wp-json\/wp\/v2\/product\/145707","targetHints":{"allow":["GET"]}}],"collection":[{"href":"https:\/\/stylingagenten.com\/fi\/wp-json\/wp\/v2\/product"}],"about":[{"href":"https:\/\/stylingagenten.com\/fi\/wp-json\/wp\/v2\/types\/product"}],"replies":[{"embeddable":true,"href":"https:\/\/stylingagenten.com\/fi\/wp-json\/wp\/v2\/comments?post=145707"}],"version-history":[{"count":0,"href":"https:\/\/stylingagenten.com\/fi\/wp-json\/wp\/v2\/product\/145707\/revisions"}],"wp:featuredmedia":[{"embeddable":true,"href":"https:\/\/stylingagenten.com\/fi\/wp-json\/wp\/v2\/media\/145705"}],"wp:attachment":[{"href":"https:\/\/stylingagenten.com\/fi\/wp-json\/wp\/v2\/media?parent=145707"}],"wp:term":[{"taxonomy":"product_brand","embeddable":true,"href":"https:\/\/stylingagenten.com\/fi\/wp-json\/wp\/v2\/product_brand?post=145707"},{"taxonomy":"product_cat","embeddable":true,"href":"https:\/\/stylingagenten.com\/fi\/wp-json\/wp\/v2\/product_cat?post=145707"},{"taxonomy":"product_tag","embeddable":true,"href":"https:\/\/stylingagenten.com\/fi\/wp-json\/wp\/v2\/product_tag?post=145707"},{"taxonomy":"berocket_brand","embeddable":true,"href":"https:\/\/stylingagenten.com\/fi\/wp-json\/wp\/v2\/berocket_brand?post=145707"}],"curies":[{"name":"wp","href":"https:\/\/api.w.org\/{rel}","templated":true}]}}