{"id":145691,"date":"2025-05-18T23:34:26","date_gmt":"2025-05-18T23:34:26","guid":{"rendered":"https:\/\/staging2.stylingagenten.com\/fi\/produkt\/max-factor-real-brow-fill-shape-05-black-brown\/"},"modified":"2026-03-10T15:48:57","modified_gmt":"2026-03-10T15:48:57","slug":"max-factor-real-brow-fill-shape-05-black-brown","status":"publish","type":"product","link":"https:\/\/stylingagenten.com\/fi\/tuote\/max-factor-real-brow-fill-shape-05-black-brown\/","title":{"rendered":"Max Factor Real Brow Fill &amp; Shape 05 Black Brown"},"content":{"rendered":"<p>Oikea kulmien t\u00e4ytt\u00f6 &amp; Max Factorin Shape 05 Black Brown on t\u00e4ydellinen kulmakarvatukko, joka auttaa luomaan luonnollisesti t\u00e4ytel\u00e4iset kulmakarvat. Kulmakarvojen kyn\u00e4ss\u00e4 on twist-up-toiminto ja sen kanssa on helppo ty\u00f6skennell\u00e4. Kaksipuolista kulmakyn\u00e4\u00e4 k\u00e4ytet\u00e4\u00e4n kahdessa vaiheessa. Kulmakyn\u00e4\u00e4 k\u00e4ytet\u00e4\u00e4n m\u00e4\u00e4ritt\u00e4m\u00e4\u00e4n ja muotoilemaan kulmakarvojasi, kun taas puuteriapplikaattori s\u00e4vytt\u00e4\u00e4 ja t\u00e4ytt\u00e4\u00e4 harvat alueet \u2013 luonnollisen kulman ilmeen saamiseksi.&nbsp;<br \/>\u2022 Kulmakaksikko, joka antaa luonnollisesti t\u00e4ytel\u00e4iset kulmakarvat \u2022 Kulmakyn\u00e4 m\u00e4\u00e4rittelee ja muotoilee kulmakarvat \u2022 Puuteriapplikaattori s\u00e4vytt\u00e4\u00e4 ja t\u00e4ytt\u00e4\u00e4 harvat alueet<\/p>\n","protected":false},"excerpt":{"rendered":"<p>Oikea kulmien t\u00e4ytt\u00f6 &amp; Max Factorin Shape 05 Black Brown on t\u00e4ydellinen kulmakarvatukko, joka auttaa luomaan luonnollisesti t\u00e4ytel\u00e4iset kulmakarvat. Kulmakarvojen kyn\u00e4ss\u00e4 on twist-up-toiminto ja sen kanssa on helppo ty\u00f6skennell\u00e4. Kaksipuolista kulmakyn\u00e4\u00e4 k\u00e4ytet\u00e4\u00e4n kahdessa vaiheessa. Kulmakyn\u00e4\u00e4 k\u00e4ytet\u00e4\u00e4n m\u00e4\u00e4ritt\u00e4m\u00e4\u00e4n ja muotoilemaan kulmakarvojasi, kun taas puuteriapplikaattori s\u00e4vytt\u00e4\u00e4 ja t\u00e4ytt\u00e4\u00e4 harvat alueet \u2013 luonnollisen kulman ilmeen saamiseksi.&nbsp;\u2022 Kulmakaksikko, joka [&hellip;]<\/p>\n","protected":false},"featured_media":145683,"comment_status":"open","ping_status":"closed","template":"","meta":{"_trash_the_other_posts":false},"product_brand":[],"product_cat":[625],"product_tag":[3492],"berocket_brand":[1013],"class_list":{"0":"post-145691","1":"product","2":"type-product","3":"status-publish","4":"has-post-thumbnail","6":"product_cat-kulmakyna","7":"product_tag-max-factor-real-brow-fill-shape","8":"pa_brand-max-factor","9":"pa_variantti-05-black-brown","10":"berocket_brand-max-factor","12":"first","13":"instock","14":"sale","15":"taxable","16":"shipping-taxable","17":"purchasable","18":"product-type-simple"},"_links":{"self":[{"href":"https:\/\/stylingagenten.com\/fi\/wp-json\/wp\/v2\/product\/145691","targetHints":{"allow":["GET"]}}],"collection":[{"href":"https:\/\/stylingagenten.com\/fi\/wp-json\/wp\/v2\/product"}],"about":[{"href":"https:\/\/stylingagenten.com\/fi\/wp-json\/wp\/v2\/types\/product"}],"replies":[{"embeddable":true,"href":"https:\/\/stylingagenten.com\/fi\/wp-json\/wp\/v2\/comments?post=145691"}],"version-history":[{"count":0,"href":"https:\/\/stylingagenten.com\/fi\/wp-json\/wp\/v2\/product\/145691\/revisions"}],"wp:featuredmedia":[{"embeddable":true,"href":"https:\/\/stylingagenten.com\/fi\/wp-json\/wp\/v2\/media\/145683"}],"wp:attachment":[{"href":"https:\/\/stylingagenten.com\/fi\/wp-json\/wp\/v2\/media?parent=145691"}],"wp:term":[{"taxonomy":"product_brand","embeddable":true,"href":"https:\/\/stylingagenten.com\/fi\/wp-json\/wp\/v2\/product_brand?post=145691"},{"taxonomy":"product_cat","embeddable":true,"href":"https:\/\/stylingagenten.com\/fi\/wp-json\/wp\/v2\/product_cat?post=145691"},{"taxonomy":"product_tag","embeddable":true,"href":"https:\/\/stylingagenten.com\/fi\/wp-json\/wp\/v2\/product_tag?post=145691"},{"taxonomy":"berocket_brand","embeddable":true,"href":"https:\/\/stylingagenten.com\/fi\/wp-json\/wp\/v2\/berocket_brand?post=145691"}],"curies":[{"name":"wp","href":"https:\/\/api.w.org\/{rel}","templated":true}]}}